{"id":34455,"date":"2026-02-27T00:25:46","date_gmt":"2026-02-27T00:25:46","guid":{"rendered":"https:\/\/nordicmart.andreevmaster.com\/product\/songmics-pistokehikko-6-kuutiota-musta\/"},"modified":"2026-02-27T09:45:21","modified_gmt":"2026-02-27T09:45:21","slug":"songmics-pistokehikko-6-kuutiota-musta","status":"publish","type":"product","link":"https:\/\/nordicmart.andreevmaster.com\/fi\/tuote\/songmics-pistokehikko-6-kuutiota-musta\/","title":{"rendered":"SONGMICS pistokehikko 6 kuutiota musta"},"content":{"rendered":"<p>Songmics-hylly yhdist\u00e4\u00e4 keveyden ja vakauden ihanteellisella tavalla. Asennus perustuu nerokkaaseen pistokej\u00e4rjestelm\u00e4\u00e4n, ja graafiset asennusohjeet opastavat sinut askel askeleelta k\u00e4yt\u00e4nn\u00f6llisen tilans\u00e4\u00e4st\u00f6ratkaisun luomiseen. Tarvittaessa hylly voidaan helposti purkaa, jotta se voidaan varastoida tai kuljettaa tilaa s\u00e4\u00e4st\u00e4en. Etsitp\u00e4 sitten s\u00e4ilytyshylly\u00e4 toimistoon tai tarvitset vain s\u00e4ilytystilaa eteiseen \u2013 Songmics tarjoaa joustavan j\u00e4rjestelm\u00e4ns\u00e4 ansiosta sopivan ratkaisun kaikkiin n\u00e4ihin teht\u00e4viin!Tuotetiedot: Materiaali: PP-muovi (levy) + ABS-muovi (liitoskappale) V\u00e4ri: puolil\u00e4pin\u00e4kyv\u00e4 valkoinen Kunkin hyllyn enimm\u00e4iskuormitus: 10 kg Toimitus sis\u00e4lt\u00e4\u00e4: 24 x PP-levy 26 x muoviliitoskappale 1 x kumivasara 2 x kaatumissuoja 1 x ohjeet (DE, EN, FR, IT, ES)<\/p>\n","protected":false},"excerpt":{"rendered":"<p>SONGMICS hyllyj\u00e4rjestelm\u00e4 porrashylly muovinen seisomahylly s\u00e4ilytyskaappi 93 x 31 x 93 cm (L x S x K) musta LPC112<\/p>\n","protected":false},"featured_media":43134,"comment_status":"open","ping_status":"closed","template":"","meta":[],"product_brand":[],"product_cat":[32],"product_tag":[],"class_list":{"0":"post-34455","1":"product","2":"type-product","3":"status-publish","4":"has-post-thumbnail","6":"product_cat-uncategorized-fi","8":"first","9":"instock","10":"shipping-taxable","11":"purchasable","12":"product-type-simple"},"_links":{"self":[{"href":"https:\/\/nordicmart.andreevmaster.com\/fi\/wp-json\/wp\/v2\/product\/34455","targetHints":{"allow":["GET"]}}],"collection":[{"href":"https:\/\/nordicmart.andreevmaster.com\/fi\/wp-json\/wp\/v2\/product"}],"about":[{"href":"https:\/\/nordicmart.andreevmaster.com\/fi\/wp-json\/wp\/v2\/types\/product"}],"replies":[{"embeddable":true,"href":"https:\/\/nordicmart.andreevmaster.com\/fi\/wp-json\/wp\/v2\/comments?post=34455"}],"wp:featuredmedia":[{"embeddable":true,"href":"https:\/\/nordicmart.andreevmaster.com\/fi\/wp-json\/wp\/v2\/media\/43134"}],"wp:attachment":[{"href":"https:\/\/nordicmart.andreevmaster.com\/fi\/wp-json\/wp\/v2\/media?parent=34455"}],"wp:term":[{"taxonomy":"product_brand","embeddable":true,"href":"https:\/\/nordicmart.andreevmaster.com\/fi\/wp-json\/wp\/v2\/product_brand?post=34455"},{"taxonomy":"product_cat","embeddable":true,"href":"https:\/\/nordicmart.andreevmaster.com\/fi\/wp-json\/wp\/v2\/product_cat?post=34455"},{"taxonomy":"product_tag","embeddable":true,"href":"https:\/\/nordicmart.andreevmaster.com\/fi\/wp-json\/wp\/v2\/product_tag?post=34455"}],"curies":[{"name":"wp","href":"https:\/\/api.w.org\/{rel}","templated":true}]}}