{"id":34454,"date":"2026-02-27T00:25:45","date_gmt":"2026-02-27T00:25:45","guid":{"rendered":"https:\/\/nordicmart.andreevmaster.com\/product\/songmics-pieni-pistokehikko-6-kuutiota-valkoinen\/"},"modified":"2026-02-27T09:45:21","modified_gmt":"2026-02-27T09:45:21","slug":"songmics-pieni-pistokehikko-6-kuutiota-valkoinen","status":"publish","type":"product","link":"https:\/\/nordicmart.andreevmaster.com\/fi\/tuote\/songmics-pieni-pistokehikko-6-kuutiota-valkoinen\/","title":{"rendered":"SONGMICS Pieni pistokehikko 6 kuutiota Valkoinen"},"content":{"rendered":"<p>Songmics-hylly yhdist\u00e4\u00e4 ihanteellisesti keveyden ja vakauden. Asennus perustuu nerokkaaseen pistokej\u00e4rjestelm\u00e4\u00e4n, ja graafiset asennusohjeet opastavat sinut askel askeleelta k\u00e4yt\u00e4nn\u00f6llisen tilans\u00e4\u00e4st\u00f6ratkaisun luomiseen. Tarvittaessa hylly voidaan helposti purkaa, jotta se voidaan varastoida tai kuljettaa tilaa s\u00e4\u00e4st\u00e4en. Etsitp\u00e4 sitten s\u00e4ilytyshylly\u00e4 toimistoon tai tarvitsetpa vain s\u00e4ilytystilaa eteiseen \u2013 Songmics tarjoaa joustavan j\u00e4rjestelm\u00e4ns\u00e4 ansiosta sopivan ratkaisun kaikkiin n\u00e4ihin teht\u00e4viin! Tuotetiedot: Mitat: 93 x 93 x 31 cm (L x K x S) Materiaali: PP-muovi (levy) + ABS-muovi (liitoskappale)V\u00e4ri: puolil\u00e4pin\u00e4kyv\u00e4 valkoinenKunkin hyllyn enimm\u00e4iskuormitus: 10 kgToimitus sis\u00e4lt\u00e4\u00e4:24 x PP-levy (30 x 30 cm; puolil\u00e4pin\u00e4kyv\u00e4 valkoinen)26 x muoviliitoskappale (musta)1 x puuhammas1 x ohjeet (DE, EN, FR, IT, ES) 1 x kaatumissuoja (2 sarjaa ruuveja, tulppia ja nailonhihnoja) Huomautukset: &#8211; Koska hylly on valmistettu p\u00e4\u00e4asiassa PP-muovista, v\u00e4lt\u00e4 painamasta hylly\u00e4 kovalla paineella, ly\u00f6m\u00e4st\u00e4 sit\u00e4 voimakkaasti tai altistamasta sit\u00e4 ter\u00e4vien\/ter\u00e4vien esineiden kosketukselle. Varo my\u00f6s istumasta hyllylle. Pid\u00e4 se poissa syttymisl\u00e4hteist\u00e4 ja avotulesta. &#8211; Kun kiinnit\u00e4t liitoskappaleita, huomaa, ett\u00e4 py\u00f6re\u00e4t pinnat, joissa on logo &#8221;Songmics&#8221;, tulee olla kaikki ulosp\u00e4in. &#8211; Kun kiinnit\u00e4t levyj\u00e4, huomaa, ett\u00e4 levyjen syvennetyt kulmat tulee painaa liitoskappaleiden kiinnityskoloihin loppuun asti. T\u00e4t\u00e4 varten jokainen liitoskappale on painettava aina tason rakentamisen j\u00e4lkeen, kunnes osat ovat &#8221;t\u00e4ysin alhaalla&#8221; ja lukittuvat paikalleen. On ehdottomasti huolehdittava siit\u00e4, ett\u00e4 osat sopivat tarkasti yhteen, muuten hylly n\u00e4ytt\u00e4\u00e4 v\u00e4\u00e4ntyneelt\u00e4. &#8211; Levyt koostuvat metallikehyksest\u00e4, joka on p\u00e4\u00e4llystetty tukevalla muovikalvolla, asetettu reunojen yli ja sitten hitsattu. Kirjojen, k\u00e4sipainojen tai muiden raskaiden esineiden s\u00e4ilytt\u00e4mist\u00e4 hyllyll\u00e4 ei suositella.<\/p>\n","protected":false},"excerpt":{"rendered":"<p>SONGMICS hyllyj\u00e4rjestelm\u00e4 porrashylly muovinen seisomahylly s\u00e4ilytyskaappi 93 x 31 x 93 cm (L x S x K) musta LPC112<\/p>\n","protected":false},"featured_media":43133,"comment_status":"open","ping_status":"closed","template":"","meta":[],"product_brand":[],"product_cat":[32],"product_tag":[],"class_list":{"0":"post-34454","1":"product","2":"type-product","3":"status-publish","4":"has-post-thumbnail","6":"product_cat-uncategorized-fi","8":"first","9":"instock","10":"shipping-taxable","11":"purchasable","12":"product-type-simple"},"_links":{"self":[{"href":"https:\/\/nordicmart.andreevmaster.com\/fi\/wp-json\/wp\/v2\/product\/34454","targetHints":{"allow":["GET"]}}],"collection":[{"href":"https:\/\/nordicmart.andreevmaster.com\/fi\/wp-json\/wp\/v2\/product"}],"about":[{"href":"https:\/\/nordicmart.andreevmaster.com\/fi\/wp-json\/wp\/v2\/types\/product"}],"replies":[{"embeddable":true,"href":"https:\/\/nordicmart.andreevmaster.com\/fi\/wp-json\/wp\/v2\/comments?post=34454"}],"wp:featuredmedia":[{"embeddable":true,"href":"https:\/\/nordicmart.andreevmaster.com\/fi\/wp-json\/wp\/v2\/media\/43133"}],"wp:attachment":[{"href":"https:\/\/nordicmart.andreevmaster.com\/fi\/wp-json\/wp\/v2\/media?parent=34454"}],"wp:term":[{"taxonomy":"product_brand","embeddable":true,"href":"https:\/\/nordicmart.andreevmaster.com\/fi\/wp-json\/wp\/v2\/product_brand?post=34454"},{"taxonomy":"product_cat","embeddable":true,"href":"https:\/\/nordicmart.andreevmaster.com\/fi\/wp-json\/wp\/v2\/product_cat?post=34454"},{"taxonomy":"product_tag","embeddable":true,"href":"https:\/\/nordicmart.andreevmaster.com\/fi\/wp-json\/wp\/v2\/product_tag?post=34454"}],"curies":[{"name":"wp","href":"https:\/\/api.w.org\/{rel}","templated":true}]}}