{"id":34453,"date":"2026-02-27T00:25:45","date_gmt":"2026-02-27T00:25:45","guid":{"rendered":"https:\/\/nordicmart.andreevmaster.com\/product\/songmics-93-x-31-x-93-cmn-hyllykko-6-lokeroa-kermanvalkoinen\/"},"modified":"2026-02-27T09:45:20","modified_gmt":"2026-02-27T09:45:20","slug":"songmics-93-x-31-x-93-cmn-hyllykko-6-lokeroa-kermanvalkoinen","status":"publish","type":"product","link":"https:\/\/nordicmart.andreevmaster.com\/fi\/tuote\/songmics-93-x-31-x-93-cmn-hyllykko-6-lokeroa-kermanvalkoinen\/","title":{"rendered":"SONGMICS 93 x 31 x 93 cm:n hyllykk\u00f6, 6 lokeroa, kermanvalkoinen"},"content":{"rendered":"<p>SONGMICS hyllyj\u00e4rjestelm\u00e4 porrashylly muovinen seisomahylly s\u00e4ilytyskaappi 93 x 31 x 93 cm (L x S x K) musta LPC112<br \/>\nV\u00e4ri: kermanvalkoinen<br \/>\nMateriaali: ABS-liitoskappale, PP-muovilevy, ter\u00e4srunko<br \/>\nKoko per lokero: 30 x 30 x 30 cm (S x L x K)<br \/>\nPorrashyllyn koko: 31,5 x 94 x 97,2 cm (S x L x K)<br \/>\nPaino: 4 kg<br \/>\nHyllykohtaisen maksimaalisen staattisen kuormituksen: 10 kg<\/p>\n","protected":false},"excerpt":{"rendered":"<p>SONGMICS hyllyj\u00e4rjestelm\u00e4 porrashylly muovinen seisomahylly s\u00e4ilytyskaappi 93 x 31 x 93 cm (L x S x K) musta LPC112<\/p>\n","protected":false},"featured_media":43132,"comment_status":"open","ping_status":"closed","template":"","meta":[],"product_brand":[],"product_cat":[32],"product_tag":[],"class_list":{"0":"post-34453","1":"product","2":"type-product","3":"status-publish","4":"has-post-thumbnail","6":"product_cat-uncategorized-fi","8":"first","9":"instock","10":"shipping-taxable","11":"purchasable","12":"product-type-simple"},"_links":{"self":[{"href":"https:\/\/nordicmart.andreevmaster.com\/fi\/wp-json\/wp\/v2\/product\/34453","targetHints":{"allow":["GET"]}}],"collection":[{"href":"https:\/\/nordicmart.andreevmaster.com\/fi\/wp-json\/wp\/v2\/product"}],"about":[{"href":"https:\/\/nordicmart.andreevmaster.com\/fi\/wp-json\/wp\/v2\/types\/product"}],"replies":[{"embeddable":true,"href":"https:\/\/nordicmart.andreevmaster.com\/fi\/wp-json\/wp\/v2\/comments?post=34453"}],"wp:featuredmedia":[{"embeddable":true,"href":"https:\/\/nordicmart.andreevmaster.com\/fi\/wp-json\/wp\/v2\/media\/43132"}],"wp:attachment":[{"href":"https:\/\/nordicmart.andreevmaster.com\/fi\/wp-json\/wp\/v2\/media?parent=34453"}],"wp:term":[{"taxonomy":"product_brand","embeddable":true,"href":"https:\/\/nordicmart.andreevmaster.com\/fi\/wp-json\/wp\/v2\/product_brand?post=34453"},{"taxonomy":"product_cat","embeddable":true,"href":"https:\/\/nordicmart.andreevmaster.com\/fi\/wp-json\/wp\/v2\/product_cat?post=34453"},{"taxonomy":"product_tag","embeddable":true,"href":"https:\/\/nordicmart.andreevmaster.com\/fi\/wp-json\/wp\/v2\/product_tag?post=34453"}],"curies":[{"name":"wp","href":"https:\/\/api.w.org\/{rel}","templated":true}]}}