{"id":34451,"date":"2026-02-27T00:25:45","date_gmt":"2026-02-27T00:25:45","guid":{"rendered":"https:\/\/nordicmart.andreevmaster.com\/product\/songmics-diy-kengahylly-6-kuutiota-315-x-64-x-972-cm\/"},"modified":"2026-02-27T09:45:20","modified_gmt":"2026-02-27T09:45:20","slug":"songmics-diy-kengahylly-6-kuutiota-315-x-64-x-972-cm","status":"publish","type":"product","link":"https:\/\/nordicmart.andreevmaster.com\/fi\/tuote\/songmics-diy-kengahylly-6-kuutiota-315-x-64-x-972-cm\/","title":{"rendered":"SONGMICS DIY-keng\u00e4hylly 6 kuutiota 31,5 x 64 x 97,2 cm"},"content":{"rendered":"<p>SONGMICS hyllyj\u00e4rjestelm\u00e4 porrashylly muovinen seisomahylly s\u00e4ilytyskaappi 93 x 31 x 93 cm (L x S x K) musta LPC112<br \/>\nV\u00e4ri: vintage-ruskea<br \/>\nMateriaali: ABS-liitoskappale, PP-muovilevy, ter\u00e4srunko<br \/>\nKoko per hylly: 30 x 30 x 30 cm (S x L x K)<br \/>\nPorrashyllyn koko: 31,5 x 94 x 97,2 cm (S x L x K)<br \/>\nPaino: 4 kg<br \/>\nHyllykohtaisen maksimaalisen staattisen kuormituksen: 10 kg<\/p>\n","protected":false},"excerpt":{"rendered":"<p>SONGMICS hyllyj\u00e4rjestelm\u00e4 porrashylly muovinen seisomahylly s\u00e4ilytyskaappi 93 x 31 x 93 cm (L x S x K) musta LPC112<\/p>\n","protected":false},"featured_media":43130,"comment_status":"open","ping_status":"closed","template":"","meta":[],"product_brand":[],"product_cat":[32],"product_tag":[],"class_list":{"0":"post-34451","1":"product","2":"type-product","3":"status-publish","4":"has-post-thumbnail","6":"product_cat-uncategorized-fi","8":"first","9":"instock","10":"shipping-taxable","11":"purchasable","12":"product-type-simple"},"_links":{"self":[{"href":"https:\/\/nordicmart.andreevmaster.com\/fi\/wp-json\/wp\/v2\/product\/34451","targetHints":{"allow":["GET"]}}],"collection":[{"href":"https:\/\/nordicmart.andreevmaster.com\/fi\/wp-json\/wp\/v2\/product"}],"about":[{"href":"https:\/\/nordicmart.andreevmaster.com\/fi\/wp-json\/wp\/v2\/types\/product"}],"replies":[{"embeddable":true,"href":"https:\/\/nordicmart.andreevmaster.com\/fi\/wp-json\/wp\/v2\/comments?post=34451"}],"wp:featuredmedia":[{"embeddable":true,"href":"https:\/\/nordicmart.andreevmaster.com\/fi\/wp-json\/wp\/v2\/media\/43130"}],"wp:attachment":[{"href":"https:\/\/nordicmart.andreevmaster.com\/fi\/wp-json\/wp\/v2\/media?parent=34451"}],"wp:term":[{"taxonomy":"product_brand","embeddable":true,"href":"https:\/\/nordicmart.andreevmaster.com\/fi\/wp-json\/wp\/v2\/product_brand?post=34451"},{"taxonomy":"product_cat","embeddable":true,"href":"https:\/\/nordicmart.andreevmaster.com\/fi\/wp-json\/wp\/v2\/product_cat?post=34451"},{"taxonomy":"product_tag","embeddable":true,"href":"https:\/\/nordicmart.andreevmaster.com\/fi\/wp-json\/wp\/v2\/product_tag?post=34451"}],"curies":[{"name":"wp","href":"https:\/\/api.w.org\/{rel}","templated":true}]}}