{"id":34450,"date":"2026-02-27T00:25:44","date_gmt":"2026-02-27T00:25:44","guid":{"rendered":"https:\/\/nordicmart.andreevmaster.com\/product\/songmics-hyllykko-ovilla-10-lokeroa-valkoinen\/"},"modified":"2026-02-27T09:45:20","modified_gmt":"2026-02-27T09:45:20","slug":"songmics-hyllykko-ovilla-10-lokeroa-valkoinen","status":"publish","type":"product","link":"https:\/\/nordicmart.andreevmaster.com\/fi\/tuote\/songmics-hyllykko-ovilla-10-lokeroa-valkoinen\/","title":{"rendered":"SONGMICS-hyllykk\u00f6 ovilla, 10 lokeroa, valkoinen"},"content":{"rendered":"<p>Miesten keng\u00e4t, naisten keng\u00e4t, lasten keng\u00e4t, tossut, avokkaat jne. Kaikki keng\u00e4t mahtuvat siihen. Se yhdist\u00e4\u00e4 keveyden ja vakauden ihanteellisella tavalla. Asennus perustuu er\u00e4\u00e4nlaiseen hienostuneeseen pistokej\u00e4rjestelm\u00e4\u00e4n, ja graafiset asennusohjeet opastavat sinut askel askeleelta k\u00e4yt\u00e4nn\u00f6llisen tilan s\u00e4\u00e4st\u00e4j\u00e4n luomiseen. Tarvittaessa kaappi voidaan helposti purkaa, jotta se voidaan varastoida tai kuljettaa tilaa s\u00e4\u00e4st\u00e4en. Etsitp\u00e4 sitten kenk\u00e4kaappia tai tarvitsetpa vain s\u00e4ilytystilaa eteiseen \u2013 Songmics tarjoaa joustavan j\u00e4rjestelm\u00e4ns\u00e4 ansiosta sopivan ratkaisun kaikkiin n\u00e4ihin teht\u00e4viin! Tuotetiedot: Mitat: 43 x 173 x 31 cm (L x K x S) Materiaali: PP-muovi (levy) + ABS-muovi (liitoskappale)V\u00e4ri: puolil\u00e4pin\u00e4kyv\u00e4 valkoinenKunkin hyllyn enimm\u00e4iskuormitus: 10 kgToimitus sis\u00e4lt\u00e4\u00e4:12 x PP-levy (40 x 30 cm; puolil\u00e4pin\u00e4kyv\u00e4 valkoinen)20 x PP-levy (30 x 17 cm; puolil\u00e4pin\u00e4kyv\u00e4 valkoinen)10 x PP-levy (40 x 17 cm; puolil\u00e4pin\u00e4kyv\u00e4 valkoinen) 10 x ovi (40 x 17 cm; puolil\u00e4pin\u00e4kyv\u00e4 valkoinen) 48 x muovinen liitoskappale (musta) 1 x puinen vasara 1 x ohjeet (DE, EN, FR, IT, ES) 1 x kaatumissuoja (2 sarjaa ruuveja, tulppia ja nailonhihnoja) SONGMICS Huomautukset:Koska kaappi on valmistettu p\u00e4\u00e4asiassa PP-muovista, v\u00e4lt\u00e4 painamasta kaappia kovalla paineella, ly\u00f6m\u00e4st\u00e4 sit\u00e4 voimakkaasti tai altistamasta sit\u00e4 ter\u00e4vien\/ter\u00e4vien esineiden kosketukselle. Varo my\u00f6s istumasta kaapin p\u00e4\u00e4lle. Pid\u00e4 se poissa syttymisl\u00e4hteist\u00e4 ja avotulesta. Kun kiinnit\u00e4t liitoskappaleita, huomaa, ett\u00e4 py\u00f6reiden pintojen, joissa on logo &#8221;Songmics&#8221;, tulee olla kaikki ulosp\u00e4in. Kun kiinnit\u00e4t ovea, aseta rautalanka kulmaan pitkin liitoskappaleen sis\u00e4puolella olevaa uria, ja rautalanka tulee olla &#8221;aivan alhaalla&#8221; kiinnitysurassa. Asenna ovet jo tasojen rakentamisen yhteydess\u00e4. Kun kiinnit\u00e4t levyj\u00e4, huomaa, ett\u00e4 levyjen ulkonevat kulmat on asetettava liitoskappaleiden kiinnityskoloihin painamalla ne loppuun asti. T\u00e4t\u00e4 varten jokainen liitoskappale on painettava tasojen rakentamisen j\u00e4lkeen, kunnes osat ovat &#8221;aivan alhaalla&#8221; ja lukittuvat paikalleen. On ehdottomasti huolehdittava siit\u00e4, ett\u00e4 osat sopivat tarkasti yhteen, muuten kaappi n\u00e4ytt\u00e4\u00e4 v\u00e4\u00e4ntyneelt\u00e4. Levyt koostuvat metallikehyksest\u00e4, joka on p\u00e4\u00e4llystetty tukevalla muovikalvolla, asetettu reunojen yli ja sitten hitsattu kiinni. Ei ole suositeltavaa s\u00e4ilytt\u00e4\u00e4 kaapissa kirjoja, k\u00e4sipainoja tai muita painavia esineit\u00e4.<\/p>\n","protected":false},"excerpt":{"rendered":"<p>SONGMICS kenk\u00e4hylly, DIY, kenk\u00e4kaappi ovella, 10 tasoa, PP-muovia, kenk\u00e4telineet, kumivasara ja kaatumissuoja, puolil\u00e4pin\u00e4kyv\u00e4 valkoinen LPC10W<\/p>\n","protected":false},"featured_media":43129,"comment_status":"open","ping_status":"closed","template":"","meta":[],"product_brand":[],"product_cat":[32],"product_tag":[],"class_list":{"0":"post-34450","1":"product","2":"type-product","3":"status-publish","4":"has-post-thumbnail","6":"product_cat-uncategorized-fi","8":"first","9":"instock","10":"shipping-taxable","11":"purchasable","12":"product-type-simple"},"_links":{"self":[{"href":"https:\/\/nordicmart.andreevmaster.com\/fi\/wp-json\/wp\/v2\/product\/34450","targetHints":{"allow":["GET"]}}],"collection":[{"href":"https:\/\/nordicmart.andreevmaster.com\/fi\/wp-json\/wp\/v2\/product"}],"about":[{"href":"https:\/\/nordicmart.andreevmaster.com\/fi\/wp-json\/wp\/v2\/types\/product"}],"replies":[{"embeddable":true,"href":"https:\/\/nordicmart.andreevmaster.com\/fi\/wp-json\/wp\/v2\/comments?post=34450"}],"wp:featuredmedia":[{"embeddable":true,"href":"https:\/\/nordicmart.andreevmaster.com\/fi\/wp-json\/wp\/v2\/media\/43129"}],"wp:attachment":[{"href":"https:\/\/nordicmart.andreevmaster.com\/fi\/wp-json\/wp\/v2\/media?parent=34450"}],"wp:term":[{"taxonomy":"product_brand","embeddable":true,"href":"https:\/\/nordicmart.andreevmaster.com\/fi\/wp-json\/wp\/v2\/product_brand?post=34450"},{"taxonomy":"product_cat","embeddable":true,"href":"https:\/\/nordicmart.andreevmaster.com\/fi\/wp-json\/wp\/v2\/product_cat?post=34450"},{"taxonomy":"product_tag","embeddable":true,"href":"https:\/\/nordicmart.andreevmaster.com\/fi\/wp-json\/wp\/v2\/product_tag?post=34450"}],"curies":[{"name":"wp","href":"https:\/\/api.w.org\/{rel}","templated":true}]}}