{"id":34448,"date":"2026-02-27T00:25:44","date_gmt":"2026-02-27T00:25:44","guid":{"rendered":"https:\/\/nordicmart.andreevmaster.com\/product\/sammenlasende-skoreol-rektangulaer-opbevaringsorganisator-modulaer-diy-opbevaringshylde-med-10-abninger-40-x-30-x-17-cm-for-hver-abning-plastgarderobe-med-dore-sort-2\/"},"modified":"2026-02-27T09:45:19","modified_gmt":"2026-02-27T09:45:19","slug":"sammenlasende-skoreol-rektangulaer-opbevaringsorganisator-modulaer-diy-opbevaringshylde-med-10-abninger-40-x-30-x-17-cm-for-hver-abning-plastgarderobe-med-dore-sort-2","status":"publish","type":"product","link":"https:\/\/nordicmart.andreevmaster.com\/fi\/tuote\/sammenlasende-skoreol-rektangulaer-opbevaringsorganisator-modulaer-diy-opbevaringshylde-med-10-abninger-40-x-30-x-17-cm-for-hver-abning-plastgarderobe-med-dore-sort-2\/","title":{"rendered":"Sammenl\u00e5sende skoreol, rektangul\u00e6r opbevaringsorganisator, modul\u00e6r DIY-opbevaringshylde med 10 \u00e5bninger, 40 x 30 x 17 cm for hver \u00e5bning, plastgarderobe med d\u00f8re, sort"},"content":{"rendered":"<p>Kaos, forsvind: Denne skohylde er designet til at udnytte gulvpladsen og kan stables og tilpasses til din plads og dine pr\u00e6ferencer, s\u00e5 du f\u00e5r mest muligt ud af hver eneste centimeter af din korridor, stue, under trappen, garderobe, bag d\u00f8ren, loftsrum og kontor.Helpompaa kuin luulet: Vasaralla ja kuvitetuilla ohjeilla t\u00e4m\u00e4n kenk\u00e4telineen kokoaminen on hauskaa \u2013 melkein kuin leikkisi rakennuspalikoilla! Oletko muuttamassa? T\u00e4m\u00e4 helposti purettava yksikk\u00f6 helpottaa muuttoa! Laatu on t\u00e4rke\u00e4\u00e4: Jokainen 40 x 30 x 17 cm (P x L x K) kokoinen lokero kest\u00e4\u00e4 jopa 10 kg:n painon ja siin\u00e4 on korkealaatuiset ABS-liitokset, tukeva metallirunko ja vett\u00e4 hylkiv\u00e4t PP-muovilevyt, jotka on helppo puhdistaa. Mukana on kaatumissuoja, jotta kokoelma pysyy turvallisesti paikallaan.<\/p>\n<p>Kaikille tilaa: 20\u201330 parin kenkien tilalle t\u00e4m\u00e4 lukittava kenk\u00e4hylly tarjoaa vihdoin tilaa korkokengille, lenkkareille ja lasten kengille! Voit my\u00f6s poistaa v\u00e4lisein\u00e4n, jotta saat suuremman hyllyn korkeammille kengille tai pehmoleluille. <\/p>\n<p>Mit\u00e4 saat: Yhdistetty kenk\u00e4hylly, jossa on 10 lokeroa, runsaasti tilaa kaaoksen j\u00e4rjest\u00e4miseen, eri tarpeisiin mukautettava muotoilu, selke\u00e4t ohjeet ja vasara asennuksen helpottamiseksi.Vakaa, turvallinen ja kest\u00e4v\u00e4: PP-muovipaneelit on kiinnitetty toisiinsa korkealaatuisilla ABS-liitoksilla, joten jokainen yksikk\u00f6 kest\u00e4\u00e4 jopa 10 kg vaatteita tai kenki\u00e4. Lis\u00e4ksi kallistumissuoja antaa ylim\u00e4\u00e4r\u00e4ist\u00e4 vakautta ja turvallisuutta. Mukautettavissa tarpeisiisi: Voit koota ja laajentaa t\u00e4t\u00e4 hyllyj\u00e4rjestelm\u00e4\u00e4 eri muodoissa mukana toimitettujen korvaavien liittimien ansiosta, jotta se sopii tilaasi. Tilaa lis\u00e4\u00e4 pultittomia hyllyj\u00e4 laajentaaksesi mahdollisuuksiasi entisest\u00e4\u00e4n! Meill\u00e4 on laaja valikoima s\u00e4ilytyshyllyj\u00e4 eri kokoina ja v\u00e4rein\u00e4. Jos et voi vastustaa DIY-projekteja, tutustu my\u00f6s muihin SONGMICS-tuotteisiin! Tuotetiedot: V\u00e4ri: Musta, puolil\u00e4pin\u00e4kyv\u00e4t ovet Materiaali: PP-muovipaneelit, metallirunko, ABS-muoviliitokset Koko (1 x 10): 43 x 31 x 173 cm (P x L x K) Koko (2 x 5): 83 x 31 x 88 cm (P x L x K) Paino: 7,2 kg Hyllyn maks. staattinen kantavuus: 10 kg Toimitus sis\u00e4lt\u00e4\u00e4: 12 x musta muovihylly (40 x 30 cm) 20 x musta muovihylly (30 x 17 cm) 10 x musta muovihylly (40 x 17 cm) 10 x puolil\u00e4pin\u00e4kyv\u00e4 muovihylly (40 x 17 cm) 48 x ABS-muovikiinnike 1 x vasara 2 x kaatumisenestolaite 1 x ohjeet (DE, EN, FR, ES, IT) Muovikiinnike: Valmistettu korkealaatuisesta ABS-muovista, mik\u00e4 takaa pitk\u00e4n k\u00e4ytt\u00f6i\u00e4n; sis\u00e4iset kierteet lis\u00e4\u00e4v\u00e4t kitkaa, mik\u00e4 pit\u00e4\u00e4 paneelit ja kiinnikkeet hyvin yhdess\u00e4. Saumaton muotoilu: Metallikeh\u00e4n nelj\u00e4n kulman hieman kaareva muotoilu tekee kiinnikkeist\u00e4 ja paneeleista erityisen tiiviit\u00e4, jotta p\u00f6ly tai hy\u00f6nteiset eiv\u00e4t p\u00e4\u00e4se l\u00e4pi.Lis\u00e4tty turvallisuus: Jokainen Songmics-reik\u00e4levyj\u00e4rjestelm\u00e4 on varustettu kaatumisenestolla, jota voit k\u00e4ytt\u00e4\u00e4 reik\u00e4levyhyllyn kiinnitt\u00e4miseen sein\u00e4\u00e4n. SONGICS-ohjeet: \u00c4l\u00e4 istu tuotteen p\u00e4\u00e4lle \u00e4l\u00e4k\u00e4 aseta sen p\u00e4\u00e4lle painavia esineit\u00e4. \u00c4l\u00e4 altista tuotetta voimakkaalle auringonvalolle pitk\u00e4ksi aikaa.Kaikki muovipaneelit on painettava tiukasti liitoskappaleisiin; k\u00e4yt\u00e4 my\u00f6s vasaraa varmistaaksesi kaikkien yksitt\u00e4isten osien vakaan liitoksen. Kun olet koonnut jokaisen rivin, paina liitoskappaleita, kunnes ne ovat t\u00e4ysin kiinni. Kiinnit\u00e4 tuote sein\u00e4\u00e4n mukana toimitetulla kallistustangolla, jos se on yli 60 cm korkea. Pid\u00e4 tuote poissa ter\u00e4vist\u00e4 tai ter\u00e4vist\u00e4 esineist\u00e4 ja tulen l\u00e4hteist\u00e4 vahinkojen v\u00e4ltt\u00e4miseksi.<\/p>\n","protected":false},"excerpt":{"rendered":"<p>Kaos, forsvind: Denne skohylde er designet til at udnytte gulvpladsen og kan stables og tilpasses til din plads og dine pr\u00e6ferencer, s\u00e5 du f\u00e5r mest muligt ud af hver eneste centimeter af din korridor, stue, under trappen, garderobe, bag d\u00f8ren, loftsrum og kontor.Helpompaa kuin luulet: Vasaralla ja kuvitetuilla ohjeilla t\u00e4m\u00e4n kenk\u00e4telineen kokoaminen on hauskaa \u2013 [&hellip;]<\/p>\n","protected":false},"featured_media":0,"comment_status":"open","ping_status":"closed","template":"","meta":[],"product_brand":[],"product_cat":[32],"product_tag":[],"class_list":{"0":"post-34448","1":"product","2":"type-product","3":"status-publish","5":"product_cat-uncategorized-fi","7":"first","8":"instock","9":"shipping-taxable","10":"product-type-simple"},"_links":{"self":[{"href":"https:\/\/nordicmart.andreevmaster.com\/fi\/wp-json\/wp\/v2\/product\/34448","targetHints":{"allow":["GET"]}}],"collection":[{"href":"https:\/\/nordicmart.andreevmaster.com\/fi\/wp-json\/wp\/v2\/product"}],"about":[{"href":"https:\/\/nordicmart.andreevmaster.com\/fi\/wp-json\/wp\/v2\/types\/product"}],"replies":[{"embeddable":true,"href":"https:\/\/nordicmart.andreevmaster.com\/fi\/wp-json\/wp\/v2\/comments?post=34448"}],"wp:attachment":[{"href":"https:\/\/nordicmart.andreevmaster.com\/fi\/wp-json\/wp\/v2\/media?parent=34448"}],"wp:term":[{"taxonomy":"product_brand","embeddable":true,"href":"https:\/\/nordicmart.andreevmaster.com\/fi\/wp-json\/wp\/v2\/product_brand?post=34448"},{"taxonomy":"product_cat","embeddable":true,"href":"https:\/\/nordicmart.andreevmaster.com\/fi\/wp-json\/wp\/v2\/product_cat?post=34448"},{"taxonomy":"product_tag","embeddable":true,"href":"https:\/\/nordicmart.andreevmaster.com\/fi\/wp-json\/wp\/v2\/product_tag?post=34448"}],"curies":[{"name":"wp","href":"https:\/\/api.w.org\/{rel}","templated":true}]}}