{"id":34444,"date":"2026-02-27T00:25:43","date_gmt":"2026-02-27T00:25:43","guid":{"rendered":"https:\/\/nordicmart.andreevmaster.com\/product\/songmics-kuutiohylly-6-laatikolla-tilaa-saastava-ja-laajennettava\/"},"modified":"2026-02-27T09:45:19","modified_gmt":"2026-02-27T09:45:19","slug":"songmics-kuutiohylly-6-laatikolla-tilaa-saastava-ja-laajennettava","status":"publish","type":"product","link":"https:\/\/nordicmart.andreevmaster.com\/fi\/tuote\/songmics-kuutiohylly-6-laatikolla-tilaa-saastava-ja-laajennettava\/","title":{"rendered":"SONGMICS kuutiohylly 6 laatikolla, tilaa s\u00e4\u00e4st\u00e4v\u00e4 ja laajennettava"},"content":{"rendered":"<p>SONGMICS 9 laatikon kuutiohylly, hyllyj\u00e4rjestelm\u00e4, s\u00e4ilytyshylly 9 kuutiolla, DIY, laajennettavissa, tilaa s\u00e4\u00e4st\u00e4v\u00e4, makuuhuone<br \/>\nV\u00e4ri: vintage-ruskea<br \/>\nMateriaali:<br \/>\nKuutiohylly: ABS-muovinen liitoskappale, PP-muovilevy, metallirunko<br \/>\nS\u00e4ilytyslaatikko: 2 mm paksu pahvi, 80 g\/m\u00b2 kuitukangas<br \/>\nPorrashyllyn koko: 31,5 x 94 x 95,5 cm (S x L x K)<br \/>\nHyllyn koko suorakulmaisena: 31,5 x 64 x 95,5 cm (S x L x K)<br \/>\nKuvion koko: 30 x 30 x 30 cm (S x L x K)<br \/>\nKotelon koko: 26 x 26 x 28 cm (S x L x K)<br \/>\nKokonaispaino: 6,6 kg<br \/>\nKuution maksimaalinen staattinen kantavuus: 10 kg<br \/>\nSuurin staattinen kantavuus laatikkoa kohti: 5 kg<\/p>\n","protected":false},"excerpt":{"rendered":"<p>SONGMICS 9 laatikon kuutiohylly, hyllyj\u00e4rjestelm\u00e4, s\u00e4ilytyshylly 9 kuutiolla, DIY, laajennettavissa, tilaa s\u00e4\u00e4st\u00e4v\u00e4, makuuhuone<\/p>\n","protected":false},"featured_media":43124,"comment_status":"open","ping_status":"closed","template":"","meta":[],"product_brand":[],"product_cat":[32],"product_tag":[],"class_list":{"0":"post-34444","1":"product","2":"type-product","3":"status-publish","4":"has-post-thumbnail","6":"product_cat-uncategorized-fi","8":"first","9":"instock","10":"shipping-taxable","11":"purchasable","12":"product-type-simple"},"_links":{"self":[{"href":"https:\/\/nordicmart.andreevmaster.com\/fi\/wp-json\/wp\/v2\/product\/34444","targetHints":{"allow":["GET"]}}],"collection":[{"href":"https:\/\/nordicmart.andreevmaster.com\/fi\/wp-json\/wp\/v2\/product"}],"about":[{"href":"https:\/\/nordicmart.andreevmaster.com\/fi\/wp-json\/wp\/v2\/types\/product"}],"replies":[{"embeddable":true,"href":"https:\/\/nordicmart.andreevmaster.com\/fi\/wp-json\/wp\/v2\/comments?post=34444"}],"wp:featuredmedia":[{"embeddable":true,"href":"https:\/\/nordicmart.andreevmaster.com\/fi\/wp-json\/wp\/v2\/media\/43124"}],"wp:attachment":[{"href":"https:\/\/nordicmart.andreevmaster.com\/fi\/wp-json\/wp\/v2\/media?parent=34444"}],"wp:term":[{"taxonomy":"product_brand","embeddable":true,"href":"https:\/\/nordicmart.andreevmaster.com\/fi\/wp-json\/wp\/v2\/product_brand?post=34444"},{"taxonomy":"product_cat","embeddable":true,"href":"https:\/\/nordicmart.andreevmaster.com\/fi\/wp-json\/wp\/v2\/product_cat?post=34444"},{"taxonomy":"product_tag","embeddable":true,"href":"https:\/\/nordicmart.andreevmaster.com\/fi\/wp-json\/wp\/v2\/product_tag?post=34444"}],"curies":[{"name":"wp","href":"https:\/\/api.w.org\/{rel}","templated":true}]}}