{"id":34442,"date":"2026-02-27T00:25:43","date_gmt":"2026-02-27T00:25:43","guid":{"rendered":"https:\/\/nordicmart.andreevmaster.com\/product\/songmics-kenkahylly-12-lokeroa-pilvinen-valkoinen-ja-lapinakyva\/"},"modified":"2026-02-27T09:45:18","modified_gmt":"2026-02-27T09:45:18","slug":"songmics-kenkahylly-12-lokeroa-pilvinen-valkoinen-ja-lapinakyva","status":"publish","type":"product","link":"https:\/\/nordicmart.andreevmaster.com\/fi\/tuote\/songmics-kenkahylly-12-lokeroa-pilvinen-valkoinen-ja-lapinakyva\/","title":{"rendered":"SONGMICS kenk\u00e4hylly, 12 lokeroa, pilvinen valkoinen ja l\u00e4pin\u00e4kyv\u00e4"},"content":{"rendered":"<p>SONGMICS kenk\u00e4hylly 10 lokerolla, kenk\u00e4kaappi, 30 x 40 x 30 cm per lokero, kapea, ovilla, ter\u00e4srunko, muovi, eteiseen, makuuhuoneeseen, sis\u00e4\u00e4nk\u00e4yntialueelle, musta LPC035B01<br \/>\nV\u00e4ri: pilvinen valkoinen-l\u00e4pin\u00e4kyv\u00e4<br \/>\nMateriaali: ABS-muoviliittimet, PP-muovilevy, ter\u00e4srunko<br \/>\n3 rivin koko: 32 x 124,4 x 124,6 cm (S x L x K)<br \/>\nSis\u00e4koko per hylly: 30 x 40 x 30 cm (S x L x K)<br \/>\nPaino: 11,6 kg<br \/>\nEnimm\u00e4isstaattinen kuormituskyky per lokero: 5 kg<br \/>\nMaks. staattinen kokonaiskuormitus: 60 kg<\/p>\n","protected":false},"excerpt":{"rendered":"<p>SONGMICS kenk\u00e4hylly 10 lokerolla, kenk\u00e4kaappi, 30 x 40 x 30 cm per lokero, kapea, ovilla, ter\u00e4srunko, muovi, eteiseen, makuuhuoneeseen, sis\u00e4\u00e4nk\u00e4yntialueelle, musta LPC035B01<\/p>\n","protected":false},"featured_media":0,"comment_status":"open","ping_status":"closed","template":"","meta":[],"product_brand":[],"product_cat":[32],"product_tag":[],"class_list":{"0":"post-34442","1":"product","2":"type-product","3":"status-publish","5":"product_cat-uncategorized-fi","7":"first","8":"instock","9":"shipping-taxable","10":"purchasable","11":"product-type-simple"},"_links":{"self":[{"href":"https:\/\/nordicmart.andreevmaster.com\/fi\/wp-json\/wp\/v2\/product\/34442","targetHints":{"allow":["GET"]}}],"collection":[{"href":"https:\/\/nordicmart.andreevmaster.com\/fi\/wp-json\/wp\/v2\/product"}],"about":[{"href":"https:\/\/nordicmart.andreevmaster.com\/fi\/wp-json\/wp\/v2\/types\/product"}],"replies":[{"embeddable":true,"href":"https:\/\/nordicmart.andreevmaster.com\/fi\/wp-json\/wp\/v2\/comments?post=34442"}],"wp:attachment":[{"href":"https:\/\/nordicmart.andreevmaster.com\/fi\/wp-json\/wp\/v2\/media?parent=34442"}],"wp:term":[{"taxonomy":"product_brand","embeddable":true,"href":"https:\/\/nordicmart.andreevmaster.com\/fi\/wp-json\/wp\/v2\/product_brand?post=34442"},{"taxonomy":"product_cat","embeddable":true,"href":"https:\/\/nordicmart.andreevmaster.com\/fi\/wp-json\/wp\/v2\/product_cat?post=34442"},{"taxonomy":"product_tag","embeddable":true,"href":"https:\/\/nordicmart.andreevmaster.com\/fi\/wp-json\/wp\/v2\/product_tag?post=34442"}],"curies":[{"name":"wp","href":"https:\/\/api.w.org\/{rel}","templated":true}]}}