{"id":34440,"date":"2026-02-27T00:25:42","date_gmt":"2026-02-27T00:25:42","guid":{"rendered":"https:\/\/nordicmart.andreevmaster.com\/product\/songmics-muovinen-pienelainten-ulkoiluteline\/"},"modified":"2026-02-27T09:45:18","modified_gmt":"2026-02-27T09:45:18","slug":"songmics-muovinen-pienelainten-ulkoiluteline","status":"publish","type":"product","link":"https:\/\/nordicmart.andreevmaster.com\/fi\/tuote\/songmics-muovinen-pienelainten-ulkoiluteline\/","title":{"rendered":"SONGMICS Muovinen pienel\u00e4inten ulkoiluteline"},"content":{"rendered":"<p>DIY \u2013 yksil\u00f6llisesti muokattavissa T\u00e4m\u00e4 DIY-ulkoiluteline antaa pienelle kaverillesi tunteen, ett\u00e4 h\u00e4n on osa perhett\u00e4. Tihe\u00e4n ritil\u00e4n ansiosta lemmikkisi tassut eiv\u00e4t vahingoitu. Helppo koota Selkeiden ohjeiden ja kumivasaran ansiosta kokoaminen on helppoa (levyt voidaan liitt\u00e4\u00e4 toisiinsa vain 90\u00b0 tai 180\u00b0 kulmassa). 12 liukumatonta alustaa ja 100 nippusidett\u00e4 lis\u00e4\u00e4v\u00e4t vakautta. Selke\u00e4 ja siisti ratkaisu Valkoiset muovilevyt mahdollistavat pienen yst\u00e4v\u00e4n seuraamisen kaikista kulmista. Materiaali on helppo puhdistaa. Tuotetiedot: &#8211; V\u00e4ri: valkoinen &#8211; Materiaali: PP-muovilevyt metallikehyksell\u00e4, ABS-muoviliittimet &#8211; Koko: 143 x 73 x 93 cm (P x L x K) &#8211; Paino: 6,5 kg Toimitus sis\u00e4lt\u00e4\u00e4:- 24 x muovilevy (45 x 35 cm) &#8211; 3 x muovilevy (35 x 35 cm) &#8211; 2 x metalliverkko (45 x 35 cm) &#8211; 39 x muoviliitin &#8211; 100 x nippuside &#8211; 12 x liukumaton alusta &#8211; 1 x kumivasara &#8211; 1 x ohjeet SONGMICS Huomautukset:- Vaikka kulmissa ei ole aukkoja, suosittelemme levitt\u00e4m\u00e4\u00e4n maton lattialle liitososien peitt\u00e4miseksi. N\u00e4in innokkaat pienet jyrsij\u00e4t eiv\u00e4t p\u00e4\u00e4se puremaan niit\u00e4. &#8211; T\u00e4m\u00e4 leikkikeh\u00e4 on tarkoitettu vain pienille el\u00e4imille. Emme suosittele sit\u00e4 koirille tai kissoille.- Varmista asennuksen aikana, ett\u00e4 muovilevyt ovat t\u00e4ysin lukittuneet liitoskappaleisiin, jotta tuotteen turvallisuus ja vakaus paranevat. &#8211; Varmista 2 toisiinsa liitetty\u00e4 levy\u00e4 lis\u00e4ksi 2 nippusiteell\u00e4. &#8211; \u00c4l\u00e4 istu t\u00e4m\u00e4n tuotteen p\u00e4\u00e4lle, pid\u00e4 se poissa l\u00e4mm\u00f6n- ja palol\u00e4hteist\u00e4 ja \u00e4l\u00e4 k\u00e4yt\u00e4 sit\u00e4 pitk\u00e4\u00e4n ulkona.<\/p>\n","protected":false},"excerpt":{"rendered":"<p>SONGMICS marsun h\u00e4kki, DIY-hamsterin h\u00e4kki muovista, valkoinen LPC03W<\/p>\n","protected":false},"featured_media":43121,"comment_status":"open","ping_status":"closed","template":"","meta":[],"product_brand":[],"product_cat":[32],"product_tag":[],"class_list":{"0":"post-34440","1":"product","2":"type-product","3":"status-publish","4":"has-post-thumbnail","6":"product_cat-uncategorized-fi","8":"first","9":"instock","10":"shipping-taxable","11":"purchasable","12":"product-type-simple"},"_links":{"self":[{"href":"https:\/\/nordicmart.andreevmaster.com\/fi\/wp-json\/wp\/v2\/product\/34440","targetHints":{"allow":["GET"]}}],"collection":[{"href":"https:\/\/nordicmart.andreevmaster.com\/fi\/wp-json\/wp\/v2\/product"}],"about":[{"href":"https:\/\/nordicmart.andreevmaster.com\/fi\/wp-json\/wp\/v2\/types\/product"}],"replies":[{"embeddable":true,"href":"https:\/\/nordicmart.andreevmaster.com\/fi\/wp-json\/wp\/v2\/comments?post=34440"}],"wp:featuredmedia":[{"embeddable":true,"href":"https:\/\/nordicmart.andreevmaster.com\/fi\/wp-json\/wp\/v2\/media\/43121"}],"wp:attachment":[{"href":"https:\/\/nordicmart.andreevmaster.com\/fi\/wp-json\/wp\/v2\/media?parent=34440"}],"wp:term":[{"taxonomy":"product_brand","embeddable":true,"href":"https:\/\/nordicmart.andreevmaster.com\/fi\/wp-json\/wp\/v2\/product_brand?post=34440"},{"taxonomy":"product_cat","embeddable":true,"href":"https:\/\/nordicmart.andreevmaster.com\/fi\/wp-json\/wp\/v2\/product_cat?post=34440"},{"taxonomy":"product_tag","embeddable":true,"href":"https:\/\/nordicmart.andreevmaster.com\/fi\/wp-json\/wp\/v2\/product_tag?post=34440"}],"curies":[{"name":"wp","href":"https:\/\/api.w.org\/{rel}","templated":true}]}}