{"id":34436,"date":"2026-02-27T00:25:41","date_gmt":"2026-02-27T00:25:41","guid":{"rendered":"https:\/\/nordicmart.andreevmaster.com\/product\/songmics-kenkahylly-10-lokeroa-musta\/"},"modified":"2026-02-27T09:45:17","modified_gmt":"2026-02-27T09:45:17","slug":"songmics-kenkahylly-10-lokeroa-musta","status":"publish","type":"product","link":"https:\/\/nordicmart.andreevmaster.com\/fi\/tuote\/songmics-kenkahylly-10-lokeroa-musta\/","title":{"rendered":"SONGMICS kenk\u00e4hylly, 10 lokeroa, musta"},"content":{"rendered":"<p>SONGMICS kenk\u00e4hylly 10 lokerolla, kenk\u00e4kaappi, 30 x 40 x 30 cm per lokero, kapea, ovilla, ter\u00e4srunko, muovi, eteiseen, makuuhuoneeseen, sis\u00e4\u00e4nk\u00e4yntialueelle, musta LPC035B01<br \/>\nV\u00e4ri: musta<br \/>\nMateriaali: ABS-muoviliittimet, PP-muovilevy, ter\u00e4srunko<br \/>\nKoko: 32 x 165 x 125 cm (S x L x K)<br \/>\nSis\u00e4koko per lokero: 30 x 40 x 30 cm (S x L x K)<br \/>\nPaino: 9,6 kg<br \/>\nEnimm\u00e4isstaattinen kuormitus per lokero: 5 kg<br \/>\nMaks. staattinen kokonaiskuormitus: 50 kg<\/p>\n","protected":false},"excerpt":{"rendered":"<p>SONGMICS kenk\u00e4hylly 10 lokerolla, kenk\u00e4kaappi, 30 x 40 x 30 cm per lokero, kapea, ovilla, ter\u00e4srunko, muovi, eteiseen, makuuhuoneeseen, sis\u00e4\u00e4nk\u00e4yntialueelle, musta LPC035B01<\/p>\n","protected":false},"featured_media":43117,"comment_status":"open","ping_status":"closed","template":"","meta":[],"product_brand":[],"product_cat":[32],"product_tag":[],"class_list":{"0":"post-34436","1":"product","2":"type-product","3":"status-publish","4":"has-post-thumbnail","6":"product_cat-uncategorized-fi","8":"first","9":"instock","10":"shipping-taxable","11":"purchasable","12":"product-type-simple"},"_links":{"self":[{"href":"https:\/\/nordicmart.andreevmaster.com\/fi\/wp-json\/wp\/v2\/product\/34436","targetHints":{"allow":["GET"]}}],"collection":[{"href":"https:\/\/nordicmart.andreevmaster.com\/fi\/wp-json\/wp\/v2\/product"}],"about":[{"href":"https:\/\/nordicmart.andreevmaster.com\/fi\/wp-json\/wp\/v2\/types\/product"}],"replies":[{"embeddable":true,"href":"https:\/\/nordicmart.andreevmaster.com\/fi\/wp-json\/wp\/v2\/comments?post=34436"}],"wp:featuredmedia":[{"embeddable":true,"href":"https:\/\/nordicmart.andreevmaster.com\/fi\/wp-json\/wp\/v2\/media\/43117"}],"wp:attachment":[{"href":"https:\/\/nordicmart.andreevmaster.com\/fi\/wp-json\/wp\/v2\/media?parent=34436"}],"wp:term":[{"taxonomy":"product_brand","embeddable":true,"href":"https:\/\/nordicmart.andreevmaster.com\/fi\/wp-json\/wp\/v2\/product_brand?post=34436"},{"taxonomy":"product_cat","embeddable":true,"href":"https:\/\/nordicmart.andreevmaster.com\/fi\/wp-json\/wp\/v2\/product_cat?post=34436"},{"taxonomy":"product_tag","embeddable":true,"href":"https:\/\/nordicmart.andreevmaster.com\/fi\/wp-json\/wp\/v2\/product_tag?post=34436"}],"curies":[{"name":"wp","href":"https:\/\/api.w.org\/{rel}","templated":true}]}}