{"id":34433,"date":"2026-02-27T00:25:41","date_gmt":"2026-02-27T00:25:41","guid":{"rendered":"https:\/\/nordicmart.andreevmaster.com\/product\/songmics-kenkahylly-6-lokeroa-valkoinen\/"},"modified":"2026-02-27T09:45:17","modified_gmt":"2026-02-27T09:45:17","slug":"songmics-kenkahylly-6-lokeroa-valkoinen","status":"publish","type":"product","link":"https:\/\/nordicmart.andreevmaster.com\/fi\/tuote\/songmics-kenkahylly-6-lokeroa-valkoinen\/","title":{"rendered":"SONGMICS kenk\u00e4hylly, 6 lokeroa, valkoinen"},"content":{"rendered":"<p>SONGMICS kenk\u00e4hylly 6 lokerolla, kenk\u00e4kaappi, 30 x 40 x 30 cm per lokero, kapea, ovet, ter\u00e4srunko, muovi, eteiseen, makuuhuoneeseen, sis\u00e4\u00e4nk\u00e4yntiin, musta LPC033B01<br \/>\nV\u00e4ri: valkoinen<br \/>\nMateriaali: ABS-muoviliittimet, PP-muovilevy, ter\u00e4srunko<br \/>\nKoko: 32 x 124 x 94 cm (S x L x K)<br \/>\nSis\u00e4koko per lokero: 30 x 40 x 30 cm (S x L x K)<br \/>\nPaino: 5,8 kg<br \/>\nEnimm\u00e4isstaattinen kuormitus per lokero: 5 kg<br \/>\nMaks. staattinen kokonaiskuormitus: 30 kg<\/p>\n","protected":false},"excerpt":{"rendered":"<p>SONGMICS kenk\u00e4hylly 6 lokerolla, kenk\u00e4kaappi, 30 x 40 x 30 cm per lokero, kapea, ovet, ter\u00e4srunko, muovi, eteiseen, makuuhuoneeseen, sis\u00e4\u00e4nk\u00e4yntiin, musta LPC033B01<\/p>\n","protected":false},"featured_media":43114,"comment_status":"open","ping_status":"closed","template":"","meta":[],"product_brand":[],"product_cat":[32],"product_tag":[],"class_list":{"0":"post-34433","1":"product","2":"type-product","3":"status-publish","4":"has-post-thumbnail","6":"product_cat-uncategorized-fi","8":"first","9":"instock","10":"shipping-taxable","11":"purchasable","12":"product-type-simple"},"_links":{"self":[{"href":"https:\/\/nordicmart.andreevmaster.com\/fi\/wp-json\/wp\/v2\/product\/34433","targetHints":{"allow":["GET"]}}],"collection":[{"href":"https:\/\/nordicmart.andreevmaster.com\/fi\/wp-json\/wp\/v2\/product"}],"about":[{"href":"https:\/\/nordicmart.andreevmaster.com\/fi\/wp-json\/wp\/v2\/types\/product"}],"replies":[{"embeddable":true,"href":"https:\/\/nordicmart.andreevmaster.com\/fi\/wp-json\/wp\/v2\/comments?post=34433"}],"wp:featuredmedia":[{"embeddable":true,"href":"https:\/\/nordicmart.andreevmaster.com\/fi\/wp-json\/wp\/v2\/media\/43114"}],"wp:attachment":[{"href":"https:\/\/nordicmart.andreevmaster.com\/fi\/wp-json\/wp\/v2\/media?parent=34433"}],"wp:term":[{"taxonomy":"product_brand","embeddable":true,"href":"https:\/\/nordicmart.andreevmaster.com\/fi\/wp-json\/wp\/v2\/product_brand?post=34433"},{"taxonomy":"product_cat","embeddable":true,"href":"https:\/\/nordicmart.andreevmaster.com\/fi\/wp-json\/wp\/v2\/product_cat?post=34433"},{"taxonomy":"product_tag","embeddable":true,"href":"https:\/\/nordicmart.andreevmaster.com\/fi\/wp-json\/wp\/v2\/product_tag?post=34433"}],"curies":[{"name":"wp","href":"https:\/\/api.w.org\/{rel}","templated":true}]}}