{"id":34429,"date":"2026-02-27T00:25:40","date_gmt":"2026-02-27T00:25:40","guid":{"rendered":"https:\/\/nordicmart.andreevmaster.com\/product\/songmics-diy-hakki-20-muovilevya\/"},"modified":"2026-02-27T09:45:16","modified_gmt":"2026-02-27T09:45:16","slug":"songmics-diy-hakki-20-muovilevya","status":"publish","type":"product","link":"https:\/\/nordicmart.andreevmaster.com\/fi\/tuote\/songmics-diy-hakki-20-muovilevya\/","title":{"rendered":"SONGMICS DIY-h\u00e4kki 20 muovilevy\u00e4"},"content":{"rendered":"<p>Mink\u00e4laisen lemmikin sinulla on? Marsun, hamsterin vai kanin? T\u00e4m\u00e4 SONGMICS-el\u00e4inh\u00e4kki tarjoaa heille tilavan paikan juosta ja tutkia ymp\u00e4rist\u00f6\u00e4\u00e4n terveellisen el\u00e4m\u00e4n takaamiseksi. Yksil\u00f6llisesti muokattava aitaus Rakenna DIY-aita, jotta pienet yst\u00e4v\u00e4si voivat tuntea olevansa osa perhett\u00e4 ja nauttia poikkeuksellisesta liikkumisvapaudesta ja turvallisuudesta. Muovilevyt voidaan asentaa vapaasti tukevalle pohjalle (kahden levyn v\u00e4linen kulma voidaan kiinnitt\u00e4\u00e4 vain 90\u00b0 tai 180\u00b0). Helppo asentaa Aita on helppo ja nopea asentaa seuraamalla mukana olevia ohjeita. Kumivasara ja 30 nippusidett\u00e4 lis\u00e4\u00e4v\u00e4t vakautta. Helppo ja turvallinen aita L\u00e4pin\u00e4kyv\u00e4t muovilevyt mahdollistavat pienten katselemisen ja tarkkailun. Muovimateriaali on hajuton ja helppo puhdistaa liinalla. Millainen lemmikki sinulla on? Jaa kanssamme arvostelussa kuva karvaisista yst\u00e4vist\u00e4si uudessa aitauksessaan!Pohjalevyill\u00e4 varustettu aitaus on vakaa eik\u00e4 muutu liikkuessa. Pohjalevyt suojaavat lattiaasi lialta ja est\u00e4v\u00e4t lemmikki\u00e4si siirt\u00e4m\u00e4st\u00e4 aitausta. Aitaus voidaan muokata tarpeen mukaan eri muotoihin. Nauti DIY-hauskuudesta ja luo mukava koti pienille karvaisille yst\u00e4villesi. Tuotetiedot: V\u00e4ri: l\u00e4pin\u00e4kyv\u00e4 Materiaali: PP-muovilevy, ABS-muoviliitin Tuotteen koko: 143 x 73 x 46 cm (L x S x K) Paino: 4,15 kgToimitus sis\u00e4lt\u00e4\u00e4:12 x muovilevy\u00e4 (45 x 35 cm)8 x muovilevy\u00e4 (35 x 35 cm)27 x muoviliitint\u00e430 x nippusidett\u00e41 x kumivasara 175 g1 x ohjeet (DE, EN, FR, ES, IT)SONGMICS Huomautukset:- Tarha on tarkoitettu vain pienille lemmikeille, ei suositella koirille tai kissoille. Asennuksen yhteydess\u00e4 varmista, ett\u00e4 paneelien kulmat ovat t\u00e4ysin liitoskappaleiden p\u00e4iss\u00e4 turvallisuuden lis\u00e4\u00e4miseksi. &#8211; K\u00e4yt\u00e4 2 nippusidett\u00e4 liitt\u00e4\u00e4ksesi 2 levy\u00e4 vierekk\u00e4in. \u00c4l\u00e4 istu tuotteen p\u00e4\u00e4lle ja pid\u00e4 se poissa tulen ja l\u00e4mm\u00f6nl\u00e4hteiden l\u00e4heisyydest\u00e4. \u00c4l\u00e4 k\u00e4yt\u00e4 sit\u00e4 pitk\u00e4\u00e4n ulkona.<\/p>\n","protected":false},"excerpt":{"rendered":"<p>SONGMICS ulkoaitaus pohjalevyill\u00e4, leikkikeh\u00e4, muovinen ter\u00e4sverkko pienel\u00e4imille, marsuille, hamstereille, kaneille, l\u00e4pin\u00e4kyv\u00e4, LPC02W<\/p>\n","protected":false},"featured_media":46643,"comment_status":"open","ping_status":"closed","template":"","meta":[],"product_brand":[],"product_cat":[32],"product_tag":[],"class_list":{"0":"post-34429","1":"product","2":"type-product","3":"status-publish","4":"has-post-thumbnail","6":"product_cat-uncategorized-fi","8":"first","9":"instock","10":"shipping-taxable","11":"purchasable","12":"product-type-simple"},"_links":{"self":[{"href":"https:\/\/nordicmart.andreevmaster.com\/fi\/wp-json\/wp\/v2\/product\/34429","targetHints":{"allow":["GET"]}}],"collection":[{"href":"https:\/\/nordicmart.andreevmaster.com\/fi\/wp-json\/wp\/v2\/product"}],"about":[{"href":"https:\/\/nordicmart.andreevmaster.com\/fi\/wp-json\/wp\/v2\/types\/product"}],"replies":[{"embeddable":true,"href":"https:\/\/nordicmart.andreevmaster.com\/fi\/wp-json\/wp\/v2\/comments?post=34429"}],"wp:featuredmedia":[{"embeddable":true,"href":"https:\/\/nordicmart.andreevmaster.com\/fi\/wp-json\/wp\/v2\/media\/46643"}],"wp:attachment":[{"href":"https:\/\/nordicmart.andreevmaster.com\/fi\/wp-json\/wp\/v2\/media?parent=34429"}],"wp:term":[{"taxonomy":"product_brand","embeddable":true,"href":"https:\/\/nordicmart.andreevmaster.com\/fi\/wp-json\/wp\/v2\/product_brand?post=34429"},{"taxonomy":"product_cat","embeddable":true,"href":"https:\/\/nordicmart.andreevmaster.com\/fi\/wp-json\/wp\/v2\/product_cat?post=34429"},{"taxonomy":"product_tag","embeddable":true,"href":"https:\/\/nordicmart.andreevmaster.com\/fi\/wp-json\/wp\/v2\/product_tag?post=34429"}],"curies":[{"name":"wp","href":"https:\/\/api.w.org\/{rel}","templated":true}]}}