{"id":34427,"date":"2026-02-27T00:25:39","date_gmt":"2026-02-27T00:25:39","guid":{"rendered":"https:\/\/nordicmart.andreevmaster.com\/product\/songmics-pienelainten-aitaus-muovilevyista-144-x-74-x-47-cm-pilvinen-valkoinen\/"},"modified":"2026-02-27T09:45:16","modified_gmt":"2026-02-27T09:45:16","slug":"songmics-pienelainten-aitaus-muovilevyista-144-x-74-x-47-cm-pilvinen-valkoinen","status":"publish","type":"product","link":"https:\/\/nordicmart.andreevmaster.com\/fi\/tuote\/songmics-pienelainten-aitaus-muovilevyista-144-x-74-x-47-cm-pilvinen-valkoinen\/","title":{"rendered":"SONGMICS Pienel\u00e4inten aitaus muovilevyist\u00e4 144 x 74 x 47 cm pilvinen valkoinen"},"content":{"rendered":"<p>SONGMICS pienel\u00e4inten h\u00e4kki, puolil\u00e4pin\u00e4kyv\u00e4t levyt, hengitt\u00e4v\u00e4, vedenkest\u00e4v\u00e4 kangas pohjassa, kanin h\u00e4kki sis\u00e4ll\u00e4, marsun h\u00e4kki, fretti, 144 x 74 x 47 cm, pilvinen valkoinen LPC015W01<br \/>\nV\u00e4ri: pilvinen valkoinen<br \/>\nMateriaali: muovi, ter\u00e4s, Oxford-kangas<br \/>\nKoko: 144 x 74 x 47 cm (P x L x K)<br \/>\nPaino: 4,5 kg<\/p>\n","protected":false},"excerpt":{"rendered":"<p>SONGMICS pienel\u00e4inten h\u00e4kki, puolil\u00e4pin\u00e4kyv\u00e4t levyt, hengitt\u00e4v\u00e4, vedenkest\u00e4v\u00e4 kangas pohjassa, kanin h\u00e4kki sis\u00e4ll\u00e4, marsun h\u00e4kki, fretti, 144 x 74 x 47 cm, pilvinen valkoinen LPC015W01<\/p>\n","protected":false},"featured_media":43109,"comment_status":"open","ping_status":"closed","template":"","meta":[],"product_brand":[],"product_cat":[32],"product_tag":[],"class_list":{"0":"post-34427","1":"product","2":"type-product","3":"status-publish","4":"has-post-thumbnail","6":"product_cat-uncategorized-fi","8":"first","9":"instock","10":"shipping-taxable","11":"purchasable","12":"product-type-simple"},"_links":{"self":[{"href":"https:\/\/nordicmart.andreevmaster.com\/fi\/wp-json\/wp\/v2\/product\/34427","targetHints":{"allow":["GET"]}}],"collection":[{"href":"https:\/\/nordicmart.andreevmaster.com\/fi\/wp-json\/wp\/v2\/product"}],"about":[{"href":"https:\/\/nordicmart.andreevmaster.com\/fi\/wp-json\/wp\/v2\/types\/product"}],"replies":[{"embeddable":true,"href":"https:\/\/nordicmart.andreevmaster.com\/fi\/wp-json\/wp\/v2\/comments?post=34427"}],"wp:featuredmedia":[{"embeddable":true,"href":"https:\/\/nordicmart.andreevmaster.com\/fi\/wp-json\/wp\/v2\/media\/43109"}],"wp:attachment":[{"href":"https:\/\/nordicmart.andreevmaster.com\/fi\/wp-json\/wp\/v2\/media?parent=34427"}],"wp:term":[{"taxonomy":"product_brand","embeddable":true,"href":"https:\/\/nordicmart.andreevmaster.com\/fi\/wp-json\/wp\/v2\/product_brand?post=34427"},{"taxonomy":"product_cat","embeddable":true,"href":"https:\/\/nordicmart.andreevmaster.com\/fi\/wp-json\/wp\/v2\/product_cat?post=34427"},{"taxonomy":"product_tag","embeddable":true,"href":"https:\/\/nordicmart.andreevmaster.com\/fi\/wp-json\/wp\/v2\/product_tag?post=34427"}],"curies":[{"name":"wp","href":"https:\/\/api.w.org\/{rel}","templated":true}]}}