{"id":34425,"date":"2026-02-27T00:25:39","date_gmt":"2026-02-27T00:25:39","guid":{"rendered":"https:\/\/nordicmart.andreevmaster.com\/product\/songmics-pienelainten-aitaus-pohjalevyilla-143-x-73-x-46-cm\/"},"modified":"2026-02-27T09:45:15","modified_gmt":"2026-02-27T09:45:15","slug":"songmics-pienelainten-aitaus-pohjalevyilla-143-x-73-x-46-cm","status":"publish","type":"product","link":"https:\/\/nordicmart.andreevmaster.com\/fi\/tuote\/songmics-pienelainten-aitaus-pohjalevyilla-143-x-73-x-46-cm\/","title":{"rendered":"SONGMICS pienel\u00e4inten aitaus pohjalevyill\u00e4 143 x 73 x 46 cm"},"content":{"rendered":"<p>SONGMICS pienel\u00e4inten h\u00e4kki pohjalevyill\u00e4, irrotettava ja vedenpit\u00e4v\u00e4 pohja, h\u00e4kki hamstereille, kaneille, marsuille, 125 x 63 x 42 cm, valkoinen LPC009W01<br \/>\nV\u00e4ri: valkoinen<br \/>\nMateriaali: PP-muovilevyt, ABS-muoviliittimet<br \/>\nAitan koko: 143 x 73 x 46 cm (P x L x K)<br \/>\nOxford-kankaisen alustan koko: 144 x 74 cm (P x L)<br \/>\nPaino: 4,5 kg<\/p>\n","protected":false},"excerpt":{"rendered":"<p>SONGMICS pienel\u00e4inten h\u00e4kki pohjalevyill\u00e4, irrotettava ja vedenpit\u00e4v\u00e4 pohja, h\u00e4kki hamstereille, kaneille, marsuille, 125 x 63 x 42 cm, valkoinen LPC009W01<\/p>\n","protected":false},"featured_media":43107,"comment_status":"open","ping_status":"closed","template":"","meta":[],"product_brand":[],"product_cat":[32],"product_tag":[],"class_list":{"0":"post-34425","1":"product","2":"type-product","3":"status-publish","4":"has-post-thumbnail","6":"product_cat-uncategorized-fi","8":"first","9":"instock","10":"shipping-taxable","11":"purchasable","12":"product-type-simple"},"_links":{"self":[{"href":"https:\/\/nordicmart.andreevmaster.com\/fi\/wp-json\/wp\/v2\/product\/34425","targetHints":{"allow":["GET"]}}],"collection":[{"href":"https:\/\/nordicmart.andreevmaster.com\/fi\/wp-json\/wp\/v2\/product"}],"about":[{"href":"https:\/\/nordicmart.andreevmaster.com\/fi\/wp-json\/wp\/v2\/types\/product"}],"replies":[{"embeddable":true,"href":"https:\/\/nordicmart.andreevmaster.com\/fi\/wp-json\/wp\/v2\/comments?post=34425"}],"wp:featuredmedia":[{"embeddable":true,"href":"https:\/\/nordicmart.andreevmaster.com\/fi\/wp-json\/wp\/v2\/media\/43107"}],"wp:attachment":[{"href":"https:\/\/nordicmart.andreevmaster.com\/fi\/wp-json\/wp\/v2\/media?parent=34425"}],"wp:term":[{"taxonomy":"product_brand","embeddable":true,"href":"https:\/\/nordicmart.andreevmaster.com\/fi\/wp-json\/wp\/v2\/product_brand?post=34425"},{"taxonomy":"product_cat","embeddable":true,"href":"https:\/\/nordicmart.andreevmaster.com\/fi\/wp-json\/wp\/v2\/product_cat?post=34425"},{"taxonomy":"product_tag","embeddable":true,"href":"https:\/\/nordicmart.andreevmaster.com\/fi\/wp-json\/wp\/v2\/product_tag?post=34425"}],"curies":[{"name":"wp","href":"https:\/\/api.w.org\/{rel}","templated":true}]}}