{"id":34421,"date":"2026-02-27T00:25:38","date_gmt":"2026-02-27T00:25:38","guid":{"rendered":"https:\/\/nordicmart.andreevmaster.com\/product\/songmics-ulkoaitaus-pohjalevyilla-muovi-harmaa\/"},"modified":"2026-02-27T09:45:14","modified_gmt":"2026-02-27T09:45:14","slug":"songmics-ulkoaitaus-pohjalevyilla-muovi-harmaa","status":"publish","type":"product","link":"https:\/\/nordicmart.andreevmaster.com\/fi\/tuote\/songmics-ulkoaitaus-pohjalevyilla-muovi-harmaa\/","title":{"rendered":"SONGMICS ulkoaitaus pohjalevyill\u00e4 muovi harmaa"},"content":{"rendered":"<p>SONGMICS vapaa-aitaus pohjalevyill\u00e4, leikkikeh\u00e4, marsuaitaus, muovista, aitaus hamstereille, kaneille, siileille<br \/>\n&#8211; V\u00e4ri: valkoinen<br \/>\n&#8211; Materiaali: PP-muovilevy, ABS-muoviliitos.<br \/>\n&#8211; Tuotteen koko: 145 x 72 x 57 cm (P x L x K).<br \/>\n&#8211; Tuotteen paino: 4,3 kg.<\/p>\n","protected":false},"excerpt":{"rendered":"<p>SONGMICS vapaa-aitaus pohjalevyill\u00e4, leikkikeh\u00e4, marsuaitaus, muovista, aitaus hamstereille, kaneille, siileille<\/p>\n","protected":false},"featured_media":43103,"comment_status":"open","ping_status":"closed","template":"","meta":[],"product_brand":[],"product_cat":[32],"product_tag":[],"class_list":{"0":"post-34421","1":"product","2":"type-product","3":"status-publish","4":"has-post-thumbnail","6":"product_cat-uncategorized-fi","8":"first","9":"instock","10":"shipping-taxable","11":"purchasable","12":"product-type-simple"},"_links":{"self":[{"href":"https:\/\/nordicmart.andreevmaster.com\/fi\/wp-json\/wp\/v2\/product\/34421","targetHints":{"allow":["GET"]}}],"collection":[{"href":"https:\/\/nordicmart.andreevmaster.com\/fi\/wp-json\/wp\/v2\/product"}],"about":[{"href":"https:\/\/nordicmart.andreevmaster.com\/fi\/wp-json\/wp\/v2\/types\/product"}],"replies":[{"embeddable":true,"href":"https:\/\/nordicmart.andreevmaster.com\/fi\/wp-json\/wp\/v2\/comments?post=34421"}],"wp:featuredmedia":[{"embeddable":true,"href":"https:\/\/nordicmart.andreevmaster.com\/fi\/wp-json\/wp\/v2\/media\/43103"}],"wp:attachment":[{"href":"https:\/\/nordicmart.andreevmaster.com\/fi\/wp-json\/wp\/v2\/media?parent=34421"}],"wp:term":[{"taxonomy":"product_brand","embeddable":true,"href":"https:\/\/nordicmart.andreevmaster.com\/fi\/wp-json\/wp\/v2\/product_brand?post=34421"},{"taxonomy":"product_cat","embeddable":true,"href":"https:\/\/nordicmart.andreevmaster.com\/fi\/wp-json\/wp\/v2\/product_cat?post=34421"},{"taxonomy":"product_tag","embeddable":true,"href":"https:\/\/nordicmart.andreevmaster.com\/fi\/wp-json\/wp\/v2\/product_tag?post=34421"}],"curies":[{"name":"wp","href":"https:\/\/api.w.org\/{rel}","templated":true}]}}