{"id":34420,"date":"2026-02-27T00:25:37","date_gmt":"2026-02-27T00:25:37","guid":{"rendered":"https:\/\/nordicmart.andreevmaster.com\/product\/songmics-muovinen-ulkoaitaus-lapinakyva\/"},"modified":"2026-02-27T09:45:14","modified_gmt":"2026-02-27T09:45:14","slug":"songmics-muovinen-ulkoaitaus-lapinakyva","status":"publish","type":"product","link":"https:\/\/nordicmart.andreevmaster.com\/fi\/tuote\/songmics-muovinen-ulkoaitaus-lapinakyva\/","title":{"rendered":"SONGMICS muovinen ulkoaitaus, l\u00e4pin\u00e4kyv\u00e4"},"content":{"rendered":"<p>Kaikki n\u00e4kyviss\u00e4 Kuinka usein olet jo menett\u00e4nyt lemmikkisi kauneimmat hetket? L\u00e4pin\u00e4kyvien muovilevyjen ansiosta et en\u00e4\u00e4 koskaan menet\u00e4 niit\u00e4! Tulet yll\u00e4ttym\u00e4\u00e4n siit\u00e4, kuinka monta salaisuutta pikkuisellasi on! Turvallinen ja suojattu Pelk\u00e4\u00e4tk\u00f6, ett\u00e4 tuhmeliinit kaverisi kiipe\u00e4v\u00e4t ulos h\u00e4kist\u00e4 tai j\u00e4\u00e4v\u00e4t jaloillaan kiinni? Ei syyt\u00e4 huoleen! Sile\u00e4t muovisein\u00e4t ovat 45 cm korkeita ja kiinnitetty tiukasti toisiinsa liitoskappaleilla. N\u00e4yt\u00e4 rakkautesi! Tied\u00e4mme, kuinka paljon rakastat lemmikkejasi. Nyt on aika ilmaista rakkautesi! Anna heille iso kaksikerroksinen talo, jossa he voivat juosta, leikki\u00e4, treenata ja pit\u00e4\u00e4 hauskaa. Niin paljon tilaa kuin rakkautesi! Tuotetiedot: &#8211; V\u00e4ri: l\u00e4pin\u00e4kyv\u00e4 &#8211; Materiaali: PP-muovilevy, metallirunko, ABS-muoviset liitoskappaleet &#8211; Koko: 143 x 73 x 91 cm (P x L x K) &#8211; Paino: 8,2 kg &#8211; Ensimm\u00e4isen kerroksen maks. staattinen kantavuus: 4 kg Toimitussis\u00e4lt\u00f6:- 26 x muovilevy (45 x 35 cm) &#8211; 8 x muovilevy (35 x 35 cm) &#8211; 2 x metalliritil\u00e4 (45 x 35 cm) &#8211; 40 x muoviliitin &#8211; 100 x nippuside &#8211; 12 x liukumaton alusta &#8211; 1 x vasara &#8211; 1 x ohjeet SONGMICS Huomautukset:- T\u00e4m\u00e4 h\u00e4kki on tarkoitettu vain pienille el\u00e4imille. \u00c4l\u00e4 k\u00e4yt\u00e4 sit\u00e4 koirille tai kissoille. &#8211; Varmista asennuksen aikana, ett\u00e4 muovilevyt lukittuvat kokonaan muoviliittimiin, jotta aitauksen vakaus paranee. &#8211; Yhdist\u00e4 vierekk\u00e4in olevat muovilevyt lis\u00e4ksi nippusiteill\u00e4. &#8211; \u00c4l\u00e4 istu t\u00e4m\u00e4n tuotteen p\u00e4\u00e4lle. &#8211; \u00c4l\u00e4 j\u00e4t\u00e4 t\u00e4t\u00e4 tuotetta pitk\u00e4ksi aikaa ulos.<\/p>\n","protected":false},"excerpt":{"rendered":"<p>SONGMICS ulkoaitaus, leikkikeh\u00e4, lemmikkiel\u00e4inten h\u00e4kki, aitaus, portailla, 143 x 73 x 91 cm, muovia, pienel\u00e4imille, marsuille, hamstereille, kaneille, l\u00e4pin\u00e4kyv\u00e4 LPC005W01<\/p>\n","protected":false},"featured_media":43102,"comment_status":"open","ping_status":"closed","template":"","meta":[],"product_brand":[],"product_cat":[32],"product_tag":[],"class_list":{"0":"post-34420","1":"product","2":"type-product","3":"status-publish","4":"has-post-thumbnail","6":"product_cat-uncategorized-fi","8":"first","9":"instock","10":"shipping-taxable","11":"purchasable","12":"product-type-simple"},"_links":{"self":[{"href":"https:\/\/nordicmart.andreevmaster.com\/fi\/wp-json\/wp\/v2\/product\/34420","targetHints":{"allow":["GET"]}}],"collection":[{"href":"https:\/\/nordicmart.andreevmaster.com\/fi\/wp-json\/wp\/v2\/product"}],"about":[{"href":"https:\/\/nordicmart.andreevmaster.com\/fi\/wp-json\/wp\/v2\/types\/product"}],"replies":[{"embeddable":true,"href":"https:\/\/nordicmart.andreevmaster.com\/fi\/wp-json\/wp\/v2\/comments?post=34420"}],"wp:featuredmedia":[{"embeddable":true,"href":"https:\/\/nordicmart.andreevmaster.com\/fi\/wp-json\/wp\/v2\/media\/43102"}],"wp:attachment":[{"href":"https:\/\/nordicmart.andreevmaster.com\/fi\/wp-json\/wp\/v2\/media?parent=34420"}],"wp:term":[{"taxonomy":"product_brand","embeddable":true,"href":"https:\/\/nordicmart.andreevmaster.com\/fi\/wp-json\/wp\/v2\/product_brand?post=34420"},{"taxonomy":"product_cat","embeddable":true,"href":"https:\/\/nordicmart.andreevmaster.com\/fi\/wp-json\/wp\/v2\/product_cat?post=34420"},{"taxonomy":"product_tag","embeddable":true,"href":"https:\/\/nordicmart.andreevmaster.com\/fi\/wp-json\/wp\/v2\/product_tag?post=34420"}],"curies":[{"name":"wp","href":"https:\/\/api.w.org\/{rel}","templated":true}]}}