{"id":34419,"date":"2026-02-27T00:25:37","date_gmt":"2026-02-27T00:25:37","guid":{"rendered":"https:\/\/nordicmart.andreevmaster.com\/product\/songmics-pienelainten-hakki-valkoinen\/"},"modified":"2026-02-27T09:45:14","modified_gmt":"2026-02-27T09:45:14","slug":"songmics-pienelainten-hakki-valkoinen","status":"publish","type":"product","link":"https:\/\/nordicmart.andreevmaster.com\/fi\/tuote\/songmics-pienelainten-hakki-valkoinen\/","title":{"rendered":"SONGMICS Pienel\u00e4inten h\u00e4kki, valkoinen"},"content":{"rendered":"<p>DIY-ulkoaitaus pienel\u00e4imille: Olipa asunnossasi marsuja, hamstereita tai kaneja, voit k\u00e4ytt\u00e4\u00e4 t\u00e4t\u00e4 ulkoaitausta ilmaistaksesi rakkautesi pienille yst\u00e4villesi. Pieni linna parvekkeella ja terassilla tarjoaa uteliaille pikkuisille suojatun alueen, jossa he voivat juoksennella vapaasti ja tutkia uusia asioita. Onnellisia hetki\u00e4: h\u00e4kin l\u00e4pin\u00e4kyv\u00e4t levyt varmistavat, ett\u00e4 lemmikkisi tuntee aina olevansa l\u00e4hell\u00e4si. Istu viikonloppuna sohvalle ja katso, kuinka pikkuiset rakkaasi rentoutuvat, hyppiv\u00e4t ymp\u00e4riins\u00e4 tai tutkivat uutta aitaustaan. Miten onnellisia hetki\u00e4! Tuotetiedot: V\u00e4ri: valkoinen Materiaali: PP-muovilevyt metallikehyksell\u00e4, liitoskappaleet ABS-muovia Koko: 143 x 108 x 92 cm (P x L x K) Paino: 8,1 kg Maks. staattinen kantavuus: 10 kgToimitus sis\u00e4lt\u00e4\u00e4:24 x muovilevy (45 x 35 cm)4 x muovilevy (35 x 35 cm)4 x metalliverkko (45 x 35 cm)44 x muoviliitin100 x nippuside20 x liukumaton alusta1 x vasara1 x ohjeet (DE, EN, FR, IT, ES)SONGMICS Huomautukset:T\u00e4m\u00e4 aitaus on tarkoitettu vain pienille el\u00e4imille. \u00c4l\u00e4 k\u00e4yt\u00e4 sit\u00e4 koirille tai kissoille. Asennuksen aikana varmista, ett\u00e4 muovilevyt lukittuvat kokonaan muoviliittimiin, jotta aitaus on vakaa. Yhdist\u00e4 vierekk\u00e4in olevat muovilevyt lis\u00e4ksi nippusiteill\u00e4. \u00c4l\u00e4 istu t\u00e4m\u00e4n tuotteen p\u00e4\u00e4lle ja pid\u00e4 se poissa tulen ja l\u00e4mm\u00f6n l\u00e4hteist\u00e4. \u00c4l\u00e4 j\u00e4t\u00e4 t\u00e4t\u00e4 tuotetta pitk\u00e4ksi aikaa ulos.<\/p>\n","protected":false},"excerpt":{"rendered":"<p>SONGMICS lemmikkiel\u00e4inten h\u00e4kki, pienel\u00e4inten aitaus, 2-kerroksinen, valkoinen LPC004W01<\/p>\n","protected":false},"featured_media":43101,"comment_status":"open","ping_status":"closed","template":"","meta":[],"product_brand":[],"product_cat":[32],"product_tag":[],"class_list":{"0":"post-34419","1":"product","2":"type-product","3":"status-publish","4":"has-post-thumbnail","6":"product_cat-uncategorized-fi","8":"first","9":"instock","10":"shipping-taxable","11":"purchasable","12":"product-type-simple"},"_links":{"self":[{"href":"https:\/\/nordicmart.andreevmaster.com\/fi\/wp-json\/wp\/v2\/product\/34419","targetHints":{"allow":["GET"]}}],"collection":[{"href":"https:\/\/nordicmart.andreevmaster.com\/fi\/wp-json\/wp\/v2\/product"}],"about":[{"href":"https:\/\/nordicmart.andreevmaster.com\/fi\/wp-json\/wp\/v2\/types\/product"}],"replies":[{"embeddable":true,"href":"https:\/\/nordicmart.andreevmaster.com\/fi\/wp-json\/wp\/v2\/comments?post=34419"}],"wp:featuredmedia":[{"embeddable":true,"href":"https:\/\/nordicmart.andreevmaster.com\/fi\/wp-json\/wp\/v2\/media\/43101"}],"wp:attachment":[{"href":"https:\/\/nordicmart.andreevmaster.com\/fi\/wp-json\/wp\/v2\/media?parent=34419"}],"wp:term":[{"taxonomy":"product_brand","embeddable":true,"href":"https:\/\/nordicmart.andreevmaster.com\/fi\/wp-json\/wp\/v2\/product_brand?post=34419"},{"taxonomy":"product_cat","embeddable":true,"href":"https:\/\/nordicmart.andreevmaster.com\/fi\/wp-json\/wp\/v2\/product_cat?post=34419"},{"taxonomy":"product_tag","embeddable":true,"href":"https:\/\/nordicmart.andreevmaster.com\/fi\/wp-json\/wp\/v2\/product_tag?post=34419"}],"curies":[{"name":"wp","href":"https:\/\/api.w.org\/{rel}","templated":true}]}}