{"id":34418,"date":"2026-02-27T00:25:37","date_gmt":"2026-02-27T00:25:37","guid":{"rendered":"https:\/\/nordicmart.andreevmaster.com\/product\/songmics-muovinen-lemmikkielainten-hakki-harmaa\/"},"modified":"2026-02-27T09:45:14","modified_gmt":"2026-02-27T09:45:14","slug":"songmics-muovinen-lemmikkielainten-hakki-harmaa","status":"publish","type":"product","link":"https:\/\/nordicmart.andreevmaster.com\/fi\/tuote\/songmics-muovinen-lemmikkielainten-hakki-harmaa\/","title":{"rendered":"SONGMICS muovinen lemmikkiel\u00e4inten h\u00e4kki, harmaa"},"content":{"rendered":"<p>DIY-ulkoaitaus pienel\u00e4imille Olipa asunnossasi marsuja, hamstereita tai kaneja, voit ilmaista rakkautesi pieniin yst\u00e4viisi t\u00e4ll\u00e4 ulkoaitauksella. Pieni linna parvekkeella ja terassilla tarjoaa uteliaille pikkuisille suojatun alueen, jossa he voivat juoksennella vapaasti ja tutkia uusia asioita. Onnellisia hetki\u00e4  H\u00e4kin harmaat levyt varmistavat, ett\u00e4 lemmikkisi tuntee aina olevansa l\u00e4hell\u00e4si. Istu viikonloppuna sohvalle ja katso, kuinka pienet rakkaasi rentoutuvat, hyppiv\u00e4t ymp\u00e4riins\u00e4 tai tutkivat uutta aitaustaan. Onnellisia hetki\u00e4! Tuotetiedot: &#8211; V\u00e4ri: harmaa &#8211; Materiaali: PP-muovilevyt metallikehyksell\u00e4, liitoskappaleet ABS-muovia &#8211; Koko: 143 x 108 x 92 cm (P x L x K) &#8211; Paino: 8,1 kg &#8211; Maks. staattinen kantavuus: 10 kg Toimitus sis\u00e4lt\u00e4\u00e4: &#8211; 24 x muovilevy (45 x 35 cm) &#8211; 4 x muovilevy (35 x 35 cm) &#8211; 4 x metalliritil\u00e4 (45 x 35 cm) &#8211; 44 x muoviliitin &#8211; 100 x nippuside &#8211; 20 x liukumaton alusta &#8211; 1 x vasara &#8211; 1 x ohjeet (DE, EN, FR, IT, ES) SONGMICS-huomautukset: &#8211; T\u00e4m\u00e4 h\u00e4kki on tarkoitettu vain pienille el\u00e4imille. \u00c4l\u00e4 k\u00e4yt\u00e4 sit\u00e4 koirille tai kissoille. &#8211; Varmista asennuksen aikana, ett\u00e4 muovilevyt lukittuvat kokonaan muoviliittimiin, jotta h\u00e4kin vakaus paranee. &#8211; Yhdist\u00e4 vierekk\u00e4in olevat muovilevyt lis\u00e4ksi nippusiteill\u00e4. &#8211; \u00c4l\u00e4 istu t\u00e4m\u00e4n tuotteen p\u00e4\u00e4lle ja pid\u00e4 se poissa tulen ja l\u00e4mm\u00f6nl\u00e4hteiden l\u00e4heisyydest\u00e4.- \u00c4l\u00e4 j\u00e4t\u00e4 t\u00e4t\u00e4 tuotetta pitk\u00e4ksi aikaa ulos.<\/p>\n","protected":false},"excerpt":{"rendered":"<p>SONGMICS lemmikkiel\u00e4inten h\u00e4kki, pienel\u00e4inten aitaus, 2-kerroksinen, valkoinen LPC004W01<\/p>\n","protected":false},"featured_media":43100,"comment_status":"open","ping_status":"closed","template":"","meta":[],"product_brand":[],"product_cat":[32],"product_tag":[],"class_list":{"0":"post-34418","1":"product","2":"type-product","3":"status-publish","4":"has-post-thumbnail","6":"product_cat-uncategorized-fi","8":"first","9":"instock","10":"shipping-taxable","11":"purchasable","12":"product-type-simple"},"_links":{"self":[{"href":"https:\/\/nordicmart.andreevmaster.com\/fi\/wp-json\/wp\/v2\/product\/34418","targetHints":{"allow":["GET"]}}],"collection":[{"href":"https:\/\/nordicmart.andreevmaster.com\/fi\/wp-json\/wp\/v2\/product"}],"about":[{"href":"https:\/\/nordicmart.andreevmaster.com\/fi\/wp-json\/wp\/v2\/types\/product"}],"replies":[{"embeddable":true,"href":"https:\/\/nordicmart.andreevmaster.com\/fi\/wp-json\/wp\/v2\/comments?post=34418"}],"wp:featuredmedia":[{"embeddable":true,"href":"https:\/\/nordicmart.andreevmaster.com\/fi\/wp-json\/wp\/v2\/media\/43100"}],"wp:attachment":[{"href":"https:\/\/nordicmart.andreevmaster.com\/fi\/wp-json\/wp\/v2\/media?parent=34418"}],"wp:term":[{"taxonomy":"product_brand","embeddable":true,"href":"https:\/\/nordicmart.andreevmaster.com\/fi\/wp-json\/wp\/v2\/product_brand?post=34418"},{"taxonomy":"product_cat","embeddable":true,"href":"https:\/\/nordicmart.andreevmaster.com\/fi\/wp-json\/wp\/v2\/product_cat?post=34418"},{"taxonomy":"product_tag","embeddable":true,"href":"https:\/\/nordicmart.andreevmaster.com\/fi\/wp-json\/wp\/v2\/product_tag?post=34418"}],"curies":[{"name":"wp","href":"https:\/\/api.w.org\/{rel}","templated":true}]}}