{"id":34417,"date":"2026-02-27T00:25:37","date_gmt":"2026-02-27T00:25:37","guid":{"rendered":"https:\/\/nordicmart.andreevmaster.com\/product\/feandrea-muovinen-ulkoaitaus-harmaa\/"},"modified":"2026-02-27T09:45:14","modified_gmt":"2026-02-27T09:45:14","slug":"feandrea-muovinen-ulkoaitaus-harmaa","status":"publish","type":"product","link":"https:\/\/nordicmart.andreevmaster.com\/fi\/tuote\/feandrea-muovinen-ulkoaitaus-harmaa\/","title":{"rendered":"Feandrea muovinen ulkoaitaus, harmaa"},"content":{"rendered":"<p>Joustava ulkoaitaus pienel\u00e4imille: Rakenna lemmikillesi yksil\u00f6llinen aitaus, jossa on paljon liikkumatilaa, jotta marsusi tai kanisi voivat tuntea olonsa turvalliseksi ja osaksi perhett\u00e4. Muovilevyt voidaan asentaa joustavasti (kuitenkin vain 90\u00b0 tai 180\u00b0 kulmassa).Helppo asentaa: Aita on nopea ja helppo asentaa \u2013 sinun tarvitsee vain seurata mukana toimitettuja ohjeita. Lis\u00e4ksi toimitamme sinulle pienen vasaran, joka helpottaa asennusta. 30 nippusidett\u00e4 lis\u00e4\u00e4v\u00e4t vakautta. Yksinkertainen, mutta turvallinen: Puolil\u00e4pin\u00e4kyv\u00e4t muovilevyt mahdollistavat pienten karvapallojen tarkkailun ja valvonnan. Muovimateriaali on lis\u00e4ksi hajuton ja helppo puhdistaa liinalla. Tuotetiedot: V\u00e4ri: harmaa Materiaali: PP-muovilevyt, ABS-muoviliittimet Koko: 143 x 73 x 46 cm (P x L x K) Paino: 4,15 kgToimitus sis\u00e4lt\u00e4\u00e4:12 x muovilevy (45 x 35 cm)8 x muovilevy (35 x 35 cm)27 x muoviliitin30 x nippuside1 x vasara1 x ohjeet (DE, EN, FR, ES, IT)SONGMICS Huomautukset:T\u00e4m\u00e4 h\u00e4kki on tarkoitettu vain pienille el\u00e4imille. \u00c4l\u00e4 k\u00e4yt\u00e4 sit\u00e4 koirille tai kissoille. Asennuksen aikana varmista, ett\u00e4 muovilevyt lukittuvat kokonaan muoviliittimiin, jotta aitauksen vakaus paranee. Yhdist\u00e4 vierekk\u00e4in olevat muovilevyt lis\u00e4ksi nippusiteill\u00e4. \u00c4l\u00e4 istu t\u00e4m\u00e4n tuotteen p\u00e4\u00e4lle ja pid\u00e4 se poissa tulen ja l\u00e4mm\u00f6n l\u00e4hteist\u00e4. \u00c4l\u00e4 j\u00e4t\u00e4 t\u00e4t\u00e4 tuotetta pitk\u00e4ksi aikaa ulos.<\/p>\n","protected":false},"excerpt":{"rendered":"<p>Feandrea ulkoaitaus pohjalevyill\u00e4, leikkikeh\u00e4, muovia, aitaus pienel\u00e4imille, marsuille, hamstereille, kaneille, harmaa LPC002G01<\/p>\n","protected":false},"featured_media":43099,"comment_status":"open","ping_status":"closed","template":"","meta":[],"product_brand":[],"product_cat":[32],"product_tag":[],"class_list":{"0":"post-34417","1":"product","2":"type-product","3":"status-publish","4":"has-post-thumbnail","6":"product_cat-uncategorized-fi","8":"first","9":"instock","10":"shipping-taxable","11":"purchasable","12":"product-type-simple"},"_links":{"self":[{"href":"https:\/\/nordicmart.andreevmaster.com\/fi\/wp-json\/wp\/v2\/product\/34417","targetHints":{"allow":["GET"]}}],"collection":[{"href":"https:\/\/nordicmart.andreevmaster.com\/fi\/wp-json\/wp\/v2\/product"}],"about":[{"href":"https:\/\/nordicmart.andreevmaster.com\/fi\/wp-json\/wp\/v2\/types\/product"}],"replies":[{"embeddable":true,"href":"https:\/\/nordicmart.andreevmaster.com\/fi\/wp-json\/wp\/v2\/comments?post=34417"}],"wp:featuredmedia":[{"embeddable":true,"href":"https:\/\/nordicmart.andreevmaster.com\/fi\/wp-json\/wp\/v2\/media\/43099"}],"wp:attachment":[{"href":"https:\/\/nordicmart.andreevmaster.com\/fi\/wp-json\/wp\/v2\/media?parent=34417"}],"wp:term":[{"taxonomy":"product_brand","embeddable":true,"href":"https:\/\/nordicmart.andreevmaster.com\/fi\/wp-json\/wp\/v2\/product_brand?post=34417"},{"taxonomy":"product_cat","embeddable":true,"href":"https:\/\/nordicmart.andreevmaster.com\/fi\/wp-json\/wp\/v2\/product_cat?post=34417"},{"taxonomy":"product_tag","embeddable":true,"href":"https:\/\/nordicmart.andreevmaster.com\/fi\/wp-json\/wp\/v2\/product_tag?post=34417"}],"curies":[{"name":"wp","href":"https:\/\/api.w.org\/{rel}","templated":true}]}}