{"id":34416,"date":"2026-02-27T00:25:36","date_gmt":"2026-02-27T00:25:36","guid":{"rendered":"https:\/\/nordicmart.andreevmaster.com\/product\/songmics-ulkoaitaus-jossa-on-valkoiset-muoviset-pohjalevyt\/"},"modified":"2026-02-27T09:45:13","modified_gmt":"2026-02-27T09:45:13","slug":"songmics-ulkoaitaus-jossa-on-valkoiset-muoviset-pohjalevyt","status":"publish","type":"product","link":"https:\/\/nordicmart.andreevmaster.com\/fi\/tuote\/songmics-ulkoaitaus-jossa-on-valkoiset-muoviset-pohjalevyt\/","title":{"rendered":"SONGMICS ulkoaitaus, jossa on valkoiset muoviset pohjalevyt"},"content":{"rendered":"<p>SONGMICS ulkoaitaus pohjalevyill\u00e4, leikkikeh\u00e4, muovinen ter\u00e4sverkko pienel\u00e4imille, marsuille, hamstereille, kaneille, l\u00e4pin\u00e4kyv\u00e4, LPC02W<br \/>\nV\u00e4ri: valkoinen<br \/>\nMateriaali: PP-muovilevyt, ABS-muoviliittimet<br \/>\nKoko: 125 x 63 x 42 cm (P x L x K)<br \/>\nPaino: 3,5 kg<\/p>\n","protected":false},"excerpt":{"rendered":"<p>SONGMICS ulkoaitaus pohjalevyill\u00e4, leikkikeh\u00e4, muovinen ter\u00e4sverkko pienel\u00e4imille, marsuille, hamstereille, kaneille, l\u00e4pin\u00e4kyv\u00e4, LPC02W<\/p>\n","protected":false},"featured_media":43098,"comment_status":"open","ping_status":"closed","template":"","meta":[],"product_brand":[],"product_cat":[32],"product_tag":[],"class_list":{"0":"post-34416","1":"product","2":"type-product","3":"status-publish","4":"has-post-thumbnail","6":"product_cat-uncategorized-fi","8":"first","9":"instock","10":"shipping-taxable","11":"purchasable","12":"product-type-simple"},"_links":{"self":[{"href":"https:\/\/nordicmart.andreevmaster.com\/fi\/wp-json\/wp\/v2\/product\/34416","targetHints":{"allow":["GET"]}}],"collection":[{"href":"https:\/\/nordicmart.andreevmaster.com\/fi\/wp-json\/wp\/v2\/product"}],"about":[{"href":"https:\/\/nordicmart.andreevmaster.com\/fi\/wp-json\/wp\/v2\/types\/product"}],"replies":[{"embeddable":true,"href":"https:\/\/nordicmart.andreevmaster.com\/fi\/wp-json\/wp\/v2\/comments?post=34416"}],"wp:featuredmedia":[{"embeddable":true,"href":"https:\/\/nordicmart.andreevmaster.com\/fi\/wp-json\/wp\/v2\/media\/43098"}],"wp:attachment":[{"href":"https:\/\/nordicmart.andreevmaster.com\/fi\/wp-json\/wp\/v2\/media?parent=34416"}],"wp:term":[{"taxonomy":"product_brand","embeddable":true,"href":"https:\/\/nordicmart.andreevmaster.com\/fi\/wp-json\/wp\/v2\/product_brand?post=34416"},{"taxonomy":"product_cat","embeddable":true,"href":"https:\/\/nordicmart.andreevmaster.com\/fi\/wp-json\/wp\/v2\/product_cat?post=34416"},{"taxonomy":"product_tag","embeddable":true,"href":"https:\/\/nordicmart.andreevmaster.com\/fi\/wp-json\/wp\/v2\/product_tag?post=34416"}],"curies":[{"name":"wp","href":"https:\/\/api.w.org\/{rel}","templated":true}]}}