{"id":34412,"date":"2026-02-27T00:25:36","date_gmt":"2026-02-27T00:25:36","guid":{"rendered":"https:\/\/nordicmart.andreevmaster.com\/product\/lotta-harmaa-lelulaatikko\/"},"modified":"2026-02-27T09:45:13","modified_gmt":"2026-02-27T09:45:13","slug":"lotta-harmaa-lelulaatikko","status":"publish","type":"product","link":"https:\/\/nordicmart.andreevmaster.com\/fi\/tuote\/lotta-harmaa-lelulaatikko\/","title":{"rendered":"Lotta harmaa lelulaatikko"},"content":{"rendered":"<p>Se on yksi lastenhuoneen v\u00e4ltt\u00e4m\u00e4tt\u00f6mist\u00e4 elementeist\u00e4, joka auttaa v\u00e4ltt\u00e4m\u00e4\u00e4n ep\u00e4j\u00e4rjestyst\u00e4, kannustaa lapsia kunnioittamaan omaisuuttaan ja opettaa heit\u00e4 j\u00e4rjest\u00e4m\u00e4\u00e4n ymp\u00e4r\u00f6iv\u00e4\u00e4 tilaa. Siin\u00e4 on py\u00f6r\u00e4t ja naru, jonka avulla laatikkoa voi kuljettaa. Se on kaunis ja hy\u00f6dyllinen koriste lastenhuoneeseen. <\/p>\n<p>**T\u00e4rkeimm\u00e4t ominaisuudet ja edut:**<br \/>\n&#8211; s\u00e4ilytystilaa ja liikkuvuutta<br \/>\n&#8211; opettaa lapsille siisteytt\u00e4<br \/>\n&#8211; py\u00f6riss\u00e4 on kumirenkaat, jotka est\u00e4v\u00e4t lattian naarmuuntumisen<\/p>\n<p>**Mitat (cm):**<br \/>\nkorkeus: 42<br \/>\nsyvyys: 46,5<br \/>\nleveys: 59<\/p>\n<p>**Valmistus ja viimeistely:**<br \/>\n&#8211; arkku on valmistettu korkealaatuisesta laminoidusta levyst\u00e4, joka kest\u00e4\u00e4 vaurioita ja kosteutta ja on helppo pit\u00e4\u00e4 puhtaana<br \/>\n&#8211; py\u00f6r\u00e4t: py\u00f6kkivaneri, jossa on kumirenkaat <\/p>\n<p>**V\u00e4rit:**<br \/>\n&#8211; arkku on neutraalin harmaa, mattapintainen<br \/>\n&#8211; py\u00f6r\u00e4t: py\u00f6kkivaneri, kumirenkaat<\/p>\n<p>**K\u00e4ytt\u00f6ohjeet:**<br \/>\nHuonekalut tulee puhdistaa pehme\u00e4ll\u00e4, vedell\u00e4 kostutetulla puuvillakankaalla tai huonekalujen hoitoon tarkoitetulla tuotteella.<\/p>\n<p>**Lis\u00e4tietoja:**<br \/>\nHuonekalut toimitetaan pakkauksissa, jotka on tarkoitettu itse koottaviksi. Pakkaukset sis\u00e4lt\u00e4v\u00e4t yksityiskohtaiset asennusohjeet sek\u00e4 tarvikkeet (ruuvit jne.).<br \/>\nOSTA MEILT\u00c4<\/p>\n","protected":false},"excerpt":{"rendered":"<p>Se on yksi lastenhuoneen v\u00e4ltt\u00e4m\u00e4tt\u00f6mist\u00e4 elementeist\u00e4, joka auttaa v\u00e4ltt\u00e4m\u00e4\u00e4n ep\u00e4j\u00e4rjestyst\u00e4, kannustaa lapsia kunnioittamaan omaisuuttaan ja opettaa heit\u00e4 j\u00e4rjest\u00e4m\u00e4\u00e4n ymp\u00e4r\u00f6iv\u00e4\u00e4 tilaa. Siin\u00e4 on py\u00f6r\u00e4t ja naru, jonka avulla laatikkoa voi kuljettaa. Se on kaunis ja hy\u00f6dyllinen koriste lastenhuoneeseen. **T\u00e4rkeimm\u00e4t ominaisuudet ja edut:** &#8211; s\u00e4ilytystilaa ja liikkuvuutta &#8211; opettaa lapsille siisteytt\u00e4 &#8211; py\u00f6riss\u00e4 on kumirenkaat, jotka est\u00e4v\u00e4t [&hellip;]<\/p>\n","protected":false},"featured_media":0,"comment_status":"open","ping_status":"closed","template":"","meta":[],"product_brand":[],"product_cat":[32],"product_tag":[],"class_list":{"0":"post-34412","1":"product","2":"type-product","3":"status-publish","5":"product_cat-uncategorized-fi","7":"first","8":"instock","9":"shipping-taxable","10":"purchasable","11":"product-type-simple"},"_links":{"self":[{"href":"https:\/\/nordicmart.andreevmaster.com\/fi\/wp-json\/wp\/v2\/product\/34412","targetHints":{"allow":["GET"]}}],"collection":[{"href":"https:\/\/nordicmart.andreevmaster.com\/fi\/wp-json\/wp\/v2\/product"}],"about":[{"href":"https:\/\/nordicmart.andreevmaster.com\/fi\/wp-json\/wp\/v2\/types\/product"}],"replies":[{"embeddable":true,"href":"https:\/\/nordicmart.andreevmaster.com\/fi\/wp-json\/wp\/v2\/comments?post=34412"}],"wp:attachment":[{"href":"https:\/\/nordicmart.andreevmaster.com\/fi\/wp-json\/wp\/v2\/media?parent=34412"}],"wp:term":[{"taxonomy":"product_brand","embeddable":true,"href":"https:\/\/nordicmart.andreevmaster.com\/fi\/wp-json\/wp\/v2\/product_brand?post=34412"},{"taxonomy":"product_cat","embeddable":true,"href":"https:\/\/nordicmart.andreevmaster.com\/fi\/wp-json\/wp\/v2\/product_cat?post=34412"},{"taxonomy":"product_tag","embeddable":true,"href":"https:\/\/nordicmart.andreevmaster.com\/fi\/wp-json\/wp\/v2\/product_tag?post=34412"}],"curies":[{"name":"wp","href":"https:\/\/api.w.org\/{rel}","templated":true}]}}