{"id":34409,"date":"2026-02-27T00:25:35","date_gmt":"2026-02-27T00:25:35","guid":{"rendered":"https:\/\/nordicmart.andreevmaster.com\/product\/lotta-harmaa-hylly\/"},"modified":"2026-02-27T09:45:12","modified_gmt":"2026-02-27T09:45:12","slug":"lotta-harmaa-hylly","status":"publish","type":"product","link":"https:\/\/nordicmart.andreevmaster.com\/fi\/tuote\/lotta-harmaa-hylly\/","title":{"rendered":"Lotta harmaa hylly"},"content":{"rendered":"<p>Hylly on eritt\u00e4in t\u00e4rke\u00e4 osa lastenhuoneita ja pienten lasten huoneita. Kun lapsi on pieni, hylly voidaan ripustaa k\u00e4den ulottuville, mik\u00e4 vaikuttaa positiivisesti lapsen kehitykseen, ja lapsen kasvaessa hyllyn sijaintia voidaan muuttaa. Hylly esittelee kauniisti lasten aarteita, ja sit\u00e4 voidaan k\u00e4ytt\u00e4\u00e4 my\u00f6s kirjahyllyn\u00e4, jossa kirjat on j\u00e4rjestetty kansi eteenp\u00e4in kohti lasta, ilman pelkoa siit\u00e4, ett\u00e4 kirjat putoavat, sill\u00e4 hylly on viimeistelty hienovaraisella tammipuusta valmistetulla rajoittimella. Hyllyss\u00e4 on my\u00f6s pieni ripustin vaatteille, reppuille jne. Yhdist\u00e4m\u00e4ll\u00e4 useita hyllyj\u00e4 yhteen voit luoda kauniin ja toimivan sein\u00e4koristeen.<br \/>\nT\u00e4rkeimm\u00e4t ominaisuudet ja edut:<br \/>\n&#8211; tammesta valmistettu rajoitin, jossa on pieni ripustin<br \/>\n&#8211; mahdollistaa esineiden\/kirjojen\/tavaroiden jne. ripustamisen ja sijoittamisen samanaikaisesti<br \/>\n&#8211; j\u00e4rjest\u00e4\u00e4 tilan<br \/>\nMitat (cm):<br \/>\nkorkeus: 10<br \/>\nsyvyys: 21,1<br \/>\nleveys: 63,7<\/p>\n<p>Valmistus ja viimeistely:<br \/>\n&#8211; hylly on valmistettu korkealaatuisesta laminoidusta levyst\u00e4, joka kest\u00e4\u00e4 vaurioita ja kosteutta ja on helppo pit\u00e4\u00e4 puhtaana<br \/>\n&#8211; rajoitin ripustimella: tammipuu, lakattu v\u00e4ritt\u00f6m\u00e4ll\u00e4, lapsiturvallisella maalilla <\/p>\n<p>V\u00e4rit:<br \/>\n&#8211; hylly on harmaa, mattapintainen<br \/>\n&#8211; rajoitin ripustimella: tammipuu <\/p>\n<p>K\u00e4ytt\u00f6ohjeet:<br \/>\nHuonekalut tulee puhdistaa pehme\u00e4ll\u00e4, vedell\u00e4 kostutetulla puuvillakankaalla tai huonekalujen hoitoon tarkoitetulla tuotteella.<\/p>\n<p>Lis\u00e4tietoja:<br \/>\nHuonekalut toimitetaan pakkauksissa, jotka on tarkoitettu itse koottaviksi. Pakkaukset sis\u00e4lt\u00e4v\u00e4t yksityiskohtaiset asennusohjeet sek\u00e4 tarvikkeet (ruuvit jne.).<\/p>\n","protected":false},"excerpt":{"rendered":"<p>Hylly on eritt\u00e4in t\u00e4rke\u00e4 osa lastenhuoneita ja pienten lasten huoneita. Kun lapsi on pieni, hylly voidaan ripustaa k\u00e4den ulottuville, mik\u00e4 vaikuttaa positiivisesti lapsen kehitykseen, ja lapsen kasvaessa hyllyn sijaintia voidaan muuttaa. Hylly esittelee kauniisti lasten aarteita, ja sit\u00e4 voidaan k\u00e4ytt\u00e4\u00e4 my\u00f6s kirjahyllyn\u00e4, jossa kirjat on j\u00e4rjestetty kansi eteenp\u00e4in kohti lasta, ilman pelkoa siit\u00e4, ett\u00e4 kirjat [&hellip;]<\/p>\n","protected":false},"featured_media":0,"comment_status":"open","ping_status":"closed","template":"","meta":[],"product_brand":[],"product_cat":[32],"product_tag":[],"class_list":{"0":"post-34409","1":"product","2":"type-product","3":"status-publish","5":"product_cat-uncategorized-fi","7":"first","8":"instock","9":"shipping-taxable","10":"purchasable","11":"product-type-simple"},"_links":{"self":[{"href":"https:\/\/nordicmart.andreevmaster.com\/fi\/wp-json\/wp\/v2\/product\/34409","targetHints":{"allow":["GET"]}}],"collection":[{"href":"https:\/\/nordicmart.andreevmaster.com\/fi\/wp-json\/wp\/v2\/product"}],"about":[{"href":"https:\/\/nordicmart.andreevmaster.com\/fi\/wp-json\/wp\/v2\/types\/product"}],"replies":[{"embeddable":true,"href":"https:\/\/nordicmart.andreevmaster.com\/fi\/wp-json\/wp\/v2\/comments?post=34409"}],"wp:attachment":[{"href":"https:\/\/nordicmart.andreevmaster.com\/fi\/wp-json\/wp\/v2\/media?parent=34409"}],"wp:term":[{"taxonomy":"product_brand","embeddable":true,"href":"https:\/\/nordicmart.andreevmaster.com\/fi\/wp-json\/wp\/v2\/product_brand?post=34409"},{"taxonomy":"product_cat","embeddable":true,"href":"https:\/\/nordicmart.andreevmaster.com\/fi\/wp-json\/wp\/v2\/product_cat?post=34409"},{"taxonomy":"product_tag","embeddable":true,"href":"https:\/\/nordicmart.andreevmaster.com\/fi\/wp-json\/wp\/v2\/product_tag?post=34409"}],"curies":[{"name":"wp","href":"https:\/\/api.w.org\/{rel}","templated":true}]}}