{"id":34406,"date":"2026-02-27T00:25:34","date_gmt":"2026-02-27T00:25:34","guid":{"rendered":"https:\/\/nordicmart.andreevmaster.com\/product\/lotta-harmaa-sangyn-runko-90x200-laatikolla\/"},"modified":"2026-02-27T09:45:12","modified_gmt":"2026-02-27T09:45:12","slug":"lotta-harmaa-sangyn-runko-90x200-laatikolla","status":"publish","type":"product","link":"https:\/\/nordicmart.andreevmaster.com\/fi\/tuote\/lotta-harmaa-sangyn-runko-90x200-laatikolla\/","title":{"rendered":"Lotta harmaa s\u00e4ngyn runko 90&#215;200, laatikolla"},"content":{"rendered":"<p>Kasvava lapsi tarkoittaa kasvavia tarpeita. N\u00e4m\u00e4 tarpeet mieless\u00e4 pit\u00e4en olemme suunnitelleet suuren Lotta-s\u00e4ngynrungon. Se sopii erinomaisesti vanhemmalle lapselle tai teini-ik\u00e4iselle, koska sen mitat ovat standardimitat (200 cm x 90 cm), joten oikean patjan tai vuodevaatteiden valitseminen ei ole ongelma. S\u00e4ngyss\u00e4 on ulosvedett\u00e4v\u00e4 laatikko, joka sopii erinomaisesti vuodevaatteiden s\u00e4ilytykseen, tai voit laittaa siihen patjan, jolloin se toimii lis\u00e4vuoteena \u2013 t\u00e4m\u00e4 on loistava ratkaisu sisaruksille tai y\u00f6pymisvieraille. Laatikko on helppo vet\u00e4\u00e4 ulos, jopa lapsille. S\u00e4ngyn kaunis koristeellinen ja toiminnallinen ominaisuus on talon muotoinen tammikehys, johon voit ripustaa valosarjoja, j\u00e4rjestelij\u00f6it\u00e4 tai kankaita. Kehyksess\u00e4 on my\u00f6s kolme vaakasuoraa tukitankoa. Voit asettaa tyynyt niiden p\u00e4\u00e4lle, jolloin ne eiv\u00e4t liu&#8217;u s\u00e4ngylt\u00e4, ja luoda mukavan lukunurkkauksen.S\u00e4ngyn muotoilu tekee siit\u00e4 upean, kun se sijoitetaan sein\u00e4\u00e4 vasten tai huoneen keskelle. T\u00e4rkeimm\u00e4t edut: &#8211; valmistettu eurooppalaisten turvallisuusstandardien mukaisesti &#8211; trendik\u00e4s talonmuotoinen runko, jossa on selk\u00e4noja kolmella sivulla &#8211; laatikko, jossa on vahvistettu pohja ja jota voidaan k\u00e4ytt\u00e4\u00e4 s\u00e4ilytystilana tai lis\u00e4vuoteena (valinnainen)- laatikko on varustettu py\u00f6rill\u00e4, jotka on viimeistelty kumisuojalla, joka on turvallinen lattialle<br \/>\n&#8211; s\u00e4nkyyn voidaan asentaa yleisk\u00e4ytt\u00f6inen suojakaide (lis\u00e4varuste)<\/p>\n<p>Mitat (cm):<br \/>\npituus: 209,2<br \/>\nleveys: 93,2<br \/>\ns\u00e4ngyn korkeus: 41,4<br \/>\nrungon korkeus: 169 cm<\/p>\n<p>Lis\u00e4tietoja: &#8211; Yl\u00e4vuode sopii patjalle: 90 cm x 200 cm &#8211; Laatikkoon mahtuu patja: 88 x 195. 8 cm:n paksuisella patjalla laatikko patjalla ja vuodevaatteilla voidaan helposti liu&#8217;uttaa s\u00e4ngyn alle<br \/>\n&#8211; s\u00e4ngyn enimm\u00e4iskuormitus 120 kg<br \/>\n&#8211; laatikon enimm\u00e4iskuormitus 100 kg<\/p>\n<p>&#8211; tarkoitettu noin 5\u20136-vuotiaille lapsille<\/p>\n<p>Viimeistely ja valmistustiedot:<br \/>\n&#8211; s\u00e4ngyn runko ja laatikko on valmistettu korkealaatuisesta laminoidusta levyst\u00e4<br \/>\n&#8211; talonmuotoinen runko on valmistettu tammipuusta<br \/>\n&#8211; patjan tukialusta on valmistettu py\u00f6kkivanerista<br \/>\n&#8211; laatikossa on kumip\u00e4\u00e4llysteiset py\u00f6r\u00e4t<\/p>\n<p>V\u00e4rit:<br \/>\n&#8211; s\u00e4ngyn runko on harmaa ja mattapintainen<br \/>\n&#8211; talonmuotoinen runko on valmistettu tammesta<\/p>\n<p>K\u00e4ytt\u00f6ohjeet:<br \/>\nPyyhi s\u00e4nky pehme\u00e4ll\u00e4, vedell\u00e4 tai huonekalujen puhdistusaineella kostutetulla puuvillakankaalla.<\/p>\n<p>Lis\u00e4tietoja:<br \/>\nHuonekalut toimitetaan litte\u00e4n\u00e4 pakkauksena, joka on tarkoitettu itse koottavaksi. Mukana toimitetaan yksityiskohtaiset asennusohjeet ja osat (ruuvit jne.).<\/p>\n","protected":false},"excerpt":{"rendered":"<p>Kasvava lapsi tarkoittaa kasvavia tarpeita. N\u00e4m\u00e4 tarpeet mieless\u00e4 pit\u00e4en olemme suunnitelleet suuren Lotta-s\u00e4ngynrungon. Se sopii erinomaisesti vanhemmalle lapselle tai teini-ik\u00e4iselle, koska sen mitat ovat standardimitat (200 cm x 90 cm), joten oikean patjan tai vuodevaatteiden valitseminen ei ole ongelma. S\u00e4ngyss\u00e4 on ulosvedett\u00e4v\u00e4 laatikko, joka sopii erinomaisesti vuodevaatteiden s\u00e4ilytykseen, tai voit laittaa siihen patjan, jolloin se [&hellip;]<\/p>\n","protected":false},"featured_media":0,"comment_status":"open","ping_status":"closed","template":"","meta":[],"product_brand":[],"product_cat":[32],"product_tag":[],"class_list":{"0":"post-34406","1":"product","2":"type-product","3":"status-publish","5":"product_cat-uncategorized-fi","7":"first","8":"instock","9":"shipping-taxable","10":"purchasable","11":"product-type-simple"},"_links":{"self":[{"href":"https:\/\/nordicmart.andreevmaster.com\/fi\/wp-json\/wp\/v2\/product\/34406","targetHints":{"allow":["GET"]}}],"collection":[{"href":"https:\/\/nordicmart.andreevmaster.com\/fi\/wp-json\/wp\/v2\/product"}],"about":[{"href":"https:\/\/nordicmart.andreevmaster.com\/fi\/wp-json\/wp\/v2\/types\/product"}],"replies":[{"embeddable":true,"href":"https:\/\/nordicmart.andreevmaster.com\/fi\/wp-json\/wp\/v2\/comments?post=34406"}],"wp:attachment":[{"href":"https:\/\/nordicmart.andreevmaster.com\/fi\/wp-json\/wp\/v2\/media?parent=34406"}],"wp:term":[{"taxonomy":"product_brand","embeddable":true,"href":"https:\/\/nordicmart.andreevmaster.com\/fi\/wp-json\/wp\/v2\/product_brand?post=34406"},{"taxonomy":"product_cat","embeddable":true,"href":"https:\/\/nordicmart.andreevmaster.com\/fi\/wp-json\/wp\/v2\/product_cat?post=34406"},{"taxonomy":"product_tag","embeddable":true,"href":"https:\/\/nordicmart.andreevmaster.com\/fi\/wp-json\/wp\/v2\/product_tag?post=34406"}],"curies":[{"name":"wp","href":"https:\/\/api.w.org\/{rel}","templated":true}]}}