{"id":34403,"date":"2026-02-27T00:25:34","date_gmt":"2026-02-27T00:25:34","guid":{"rendered":"https:\/\/nordicmart.andreevmaster.com\/product\/lotta-harmaa-6-laatikkoinen-lipasto\/"},"modified":"2026-02-27T09:45:11","modified_gmt":"2026-02-27T09:45:11","slug":"lotta-harmaa-6-laatikkoinen-lipasto","status":"publish","type":"product","link":"https:\/\/nordicmart.andreevmaster.com\/fi\/tuote\/lotta-harmaa-6-laatikkoinen-lipasto\/","title":{"rendered":"Lotta harmaa 6-laatikkoinen lipasto"},"content":{"rendered":"<p>Laatikosto sis\u00e4lt\u00e4\u00e4 6 tilavaa laatikkoa ja sopii erinomaisesti lastenhuoneeseen tai vanhempien makuuhuoneeseen, erityisesti koska siihen voidaan asentaa vauvanhoitop\u00f6yt\u00e4.<br \/>\nT\u00e4rkeimm\u00e4t edut:<br \/>\n&#8211; kuusi tilavaa laatikkoa<br \/>\n&#8211; vaippap\u00f6yt\u00e4 voidaan asentaa vasemmalle, oikealle tai keskelle<br \/>\n&#8211; voidaan kiinnitt\u00e4\u00e4 sein\u00e4\u00e4n (suositeltavaa)<br \/>\n&#8211; t\u00e4ytt\u00e4\u00e4 eurooppalaiset turvallisuusstandardit<\/p>\n<p>Mitat (cm):<br \/>\nkorkeus: 85<br \/>\nsyvyys: 50<br \/>\nleveys: 1150<\/p>\n<p>Viimeistely ja valmistustiedot:<br \/>\n&#8211; huonekalun runko on valmistettu korkealaatuisesta laminoidusta levyst\u00e4<br \/>\n&#8211; lipaston pohja on valmistettu tammipuusta<br \/>\n&#8211; Blum-ohjainkiskot on varustettu pehme\u00e4ll\u00e4 sulkumekanismilla <\/p>\n<p>V\u00e4rit:<br \/>\n&#8211; huonekalun runko on lumivalkoinen, mattapintainen<br \/>\n&#8211; pohja (puujalat) on valmistettu tammesta<\/p>\n<p>K\u00e4ytt\u00f6ohjeet:<br \/>\nPyyhi s\u00e4nky pehme\u00e4ll\u00e4, vedell\u00e4 tai huonekalujen puhdistusaineella kostutetulla puuvillakankaalla.Lis\u00e4tietoja: Huonekalut toimitetaan litte\u00e4n\u00e4 pakkauksena, joka on tarkoitettu itse koottavaksi. Mukana toimitetaan yksityiskohtaiset asennusohjeet ja osat (ruuvit jne.).<\/p>\n","protected":false},"excerpt":{"rendered":"<p>Laatikosto sis\u00e4lt\u00e4\u00e4 6 tilavaa laatikkoa ja sopii erinomaisesti lastenhuoneeseen tai vanhempien makuuhuoneeseen, erityisesti koska siihen voidaan asentaa vauvanhoitop\u00f6yt\u00e4. T\u00e4rkeimm\u00e4t edut: &#8211; kuusi tilavaa laatikkoa &#8211; vaippap\u00f6yt\u00e4 voidaan asentaa vasemmalle, oikealle tai keskelle &#8211; voidaan kiinnitt\u00e4\u00e4 sein\u00e4\u00e4n (suositeltavaa) &#8211; t\u00e4ytt\u00e4\u00e4 eurooppalaiset turvallisuusstandardit Mitat (cm): korkeus: 85 syvyys: 50 leveys: 1150 Viimeistely ja valmistustiedot: &#8211; huonekalun runko [&hellip;]<\/p>\n","protected":false},"featured_media":0,"comment_status":"open","ping_status":"closed","template":"","meta":[],"product_brand":[],"product_cat":[32],"product_tag":[],"class_list":{"0":"post-34403","1":"product","2":"type-product","3":"status-publish","5":"product_cat-uncategorized-fi","7":"first","8":"instock","9":"shipping-taxable","10":"purchasable","11":"product-type-simple"},"_links":{"self":[{"href":"https:\/\/nordicmart.andreevmaster.com\/fi\/wp-json\/wp\/v2\/product\/34403","targetHints":{"allow":["GET"]}}],"collection":[{"href":"https:\/\/nordicmart.andreevmaster.com\/fi\/wp-json\/wp\/v2\/product"}],"about":[{"href":"https:\/\/nordicmart.andreevmaster.com\/fi\/wp-json\/wp\/v2\/types\/product"}],"replies":[{"embeddable":true,"href":"https:\/\/nordicmart.andreevmaster.com\/fi\/wp-json\/wp\/v2\/comments?post=34403"}],"wp:attachment":[{"href":"https:\/\/nordicmart.andreevmaster.com\/fi\/wp-json\/wp\/v2\/media?parent=34403"}],"wp:term":[{"taxonomy":"product_brand","embeddable":true,"href":"https:\/\/nordicmart.andreevmaster.com\/fi\/wp-json\/wp\/v2\/product_brand?post=34403"},{"taxonomy":"product_cat","embeddable":true,"href":"https:\/\/nordicmart.andreevmaster.com\/fi\/wp-json\/wp\/v2\/product_cat?post=34403"},{"taxonomy":"product_tag","embeddable":true,"href":"https:\/\/nordicmart.andreevmaster.com\/fi\/wp-json\/wp\/v2\/product_tag?post=34403"}],"curies":[{"name":"wp","href":"https:\/\/api.w.org\/{rel}","templated":true}]}}