{"id":34402,"date":"2026-02-27T00:25:33","date_gmt":"2026-02-27T00:25:33","guid":{"rendered":"https:\/\/nordicmart.andreevmaster.com\/product\/bellamy-lotta-pikkulasten-sangyn-kaide-harmaa\/"},"modified":"2026-02-27T09:45:11","modified_gmt":"2026-02-27T09:45:11","slug":"bellamy-lotta-pikkulasten-sangyn-kaide-harmaa","status":"publish","type":"product","link":"https:\/\/nordicmart.andreevmaster.com\/fi\/tuote\/bellamy-lotta-pikkulasten-sangyn-kaide-harmaa\/","title":{"rendered":"Bellamy Lotta -pikkulasten s\u00e4ngyn kaide, harmaa"},"content":{"rendered":"<p>Suojakaide on tarpeen, kun lapsesi kasvaa ja pinnas\u00e4nky muutetaan s\u00e4ngyksi. Sen tarkoituksena on suojata nukkuvaa vauvaa putoamiselta.<br \/>\nSuojakaide on valmistettu massiivipuusta ja maalattu lumivalkoiseksi. Yksi suojakaide sis\u00e4ltyy Good Night -s\u00e4nkyyn, mutta lis\u00e4kaiteen voi ostaa erikseen. <\/p>\n<p>**Miksi ostaa?**<br \/>\n&#8211; Se suojaa lasta putoamiselta, kun pinnas\u00e4nky muutetaan s\u00e4ngyksi. &#8211; kaide voidaan asentaa s\u00e4ngyn oikealle tai vasemmalle puolelle. <\/p>\n<p>Mitat (cm):<br \/>\npituus: 47<br \/>\nkorkeus: 29<br \/>\nsyvyys: 2 K\u00e4ytt\u00f6ohjeet:<br \/>\nHuonekalut tulee puhdistaa pehme\u00e4ll\u00e4, vedell\u00e4 kostutetulla puuvillakankaalla tai huonekalujen hoitoon tarkoitetulla tuotteella.Lis\u00e4tietoja: Huonekalut toimitetaan pakkauksissa, jotka on tarkoitettu itse koottaviksi. Pakkaukset sis\u00e4lt\u00e4v\u00e4t yksityiskohtaiset asennusohjeet sek\u00e4 tarvikkeet (ruuvit jne.).<\/p>\n","protected":false},"excerpt":{"rendered":"<p>Suojakaide on tarpeen, kun lapsesi kasvaa ja pinnas\u00e4nky muutetaan s\u00e4ngyksi. Sen tarkoituksena on suojata nukkuvaa vauvaa putoamiselta. Suojakaide on valmistettu massiivipuusta ja maalattu lumivalkoiseksi. Yksi suojakaide sis\u00e4ltyy Good Night -s\u00e4nkyyn, mutta lis\u00e4kaiteen voi ostaa erikseen. **Miksi ostaa?** &#8211; Se suojaa lasta putoamiselta, kun pinnas\u00e4nky muutetaan s\u00e4ngyksi. &#8211; kaide voidaan asentaa s\u00e4ngyn oikealle tai vasemmalle puolelle. [&hellip;]<\/p>\n","protected":false},"featured_media":0,"comment_status":"open","ping_status":"closed","template":"","meta":[],"product_brand":[],"product_cat":[32],"product_tag":[],"class_list":{"0":"post-34402","1":"product","2":"type-product","3":"status-publish","5":"product_cat-uncategorized-fi","7":"first","8":"instock","9":"shipping-taxable","10":"purchasable","11":"product-type-simple"},"_links":{"self":[{"href":"https:\/\/nordicmart.andreevmaster.com\/fi\/wp-json\/wp\/v2\/product\/34402","targetHints":{"allow":["GET"]}}],"collection":[{"href":"https:\/\/nordicmart.andreevmaster.com\/fi\/wp-json\/wp\/v2\/product"}],"about":[{"href":"https:\/\/nordicmart.andreevmaster.com\/fi\/wp-json\/wp\/v2\/types\/product"}],"replies":[{"embeddable":true,"href":"https:\/\/nordicmart.andreevmaster.com\/fi\/wp-json\/wp\/v2\/comments?post=34402"}],"wp:attachment":[{"href":"https:\/\/nordicmart.andreevmaster.com\/fi\/wp-json\/wp\/v2\/media?parent=34402"}],"wp:term":[{"taxonomy":"product_brand","embeddable":true,"href":"https:\/\/nordicmart.andreevmaster.com\/fi\/wp-json\/wp\/v2\/product_brand?post=34402"},{"taxonomy":"product_cat","embeddable":true,"href":"https:\/\/nordicmart.andreevmaster.com\/fi\/wp-json\/wp\/v2\/product_cat?post=34402"},{"taxonomy":"product_tag","embeddable":true,"href":"https:\/\/nordicmart.andreevmaster.com\/fi\/wp-json\/wp\/v2\/product_tag?post=34402"}],"curies":[{"name":"wp","href":"https:\/\/api.w.org\/{rel}","templated":true}]}}