{"id":34396,"date":"2026-02-27T00:25:32","date_gmt":"2026-02-27T00:25:32","guid":{"rendered":"https:\/\/nordicmart.andreevmaster.com\/product\/songmics-home-luiz-kokoelma-penkki-jossa-on-kaannettava-ylaosa\/"},"modified":"2026-02-27T09:45:10","modified_gmt":"2026-02-27T09:45:10","slug":"songmics-home-luiz-kokoelma-penkki-jossa-on-kaannettava-ylaosa","status":"publish","type":"product","link":"https:\/\/nordicmart.andreevmaster.com\/fi\/tuote\/songmics-home-luiz-kokoelma-penkki-jossa-on-kaannettava-ylaosa\/","title":{"rendered":"SONGMICS HOME LUIZ -kokoelma \u2013 penkki, jossa on k\u00e4\u00e4nnett\u00e4v\u00e4 yl\u00e4osa"},"content":{"rendered":"<p>V\u00e4ri: musta<br \/>\nMateriaali: ter\u00e4s, 25D eritt\u00e4in joustava vaahtomuovi, PU-keinonahka (polyuretaani), MDF (keskitihe\u00e4 kuitulevy)<br \/>\nKoko: 43 x 112 x 40 cm (S x L x K)<br \/>\nPaino: 10,7 kg<br \/>\nMaks. staattinen kokonaiskuormitus: 300 kg<\/p>\n","protected":false},"excerpt":{"rendered":"<p>V\u00e4ri: musta Materiaali: ter\u00e4s, 25D eritt\u00e4in joustava vaahtomuovi, PU-keinonahka (polyuretaani), MDF (keskitihe\u00e4 kuitulevy) Koko: 43 x 112 x 40 cm (S x L x K) Paino: 10,7 kg Maks. staattinen kokonaiskuormitus: 300 kg<\/p>\n","protected":false},"featured_media":43096,"comment_status":"open","ping_status":"closed","template":"","meta":[],"product_brand":[],"product_cat":[32],"product_tag":[],"class_list":{"0":"post-34396","1":"product","2":"type-product","3":"status-publish","4":"has-post-thumbnail","6":"product_cat-uncategorized-fi","8":"first","9":"instock","10":"shipping-taxable","11":"purchasable","12":"product-type-simple"},"_links":{"self":[{"href":"https:\/\/nordicmart.andreevmaster.com\/fi\/wp-json\/wp\/v2\/product\/34396","targetHints":{"allow":["GET"]}}],"collection":[{"href":"https:\/\/nordicmart.andreevmaster.com\/fi\/wp-json\/wp\/v2\/product"}],"about":[{"href":"https:\/\/nordicmart.andreevmaster.com\/fi\/wp-json\/wp\/v2\/types\/product"}],"replies":[{"embeddable":true,"href":"https:\/\/nordicmart.andreevmaster.com\/fi\/wp-json\/wp\/v2\/comments?post=34396"}],"wp:featuredmedia":[{"embeddable":true,"href":"https:\/\/nordicmart.andreevmaster.com\/fi\/wp-json\/wp\/v2\/media\/43096"}],"wp:attachment":[{"href":"https:\/\/nordicmart.andreevmaster.com\/fi\/wp-json\/wp\/v2\/media?parent=34396"}],"wp:term":[{"taxonomy":"product_brand","embeddable":true,"href":"https:\/\/nordicmart.andreevmaster.com\/fi\/wp-json\/wp\/v2\/product_brand?post=34396"},{"taxonomy":"product_cat","embeddable":true,"href":"https:\/\/nordicmart.andreevmaster.com\/fi\/wp-json\/wp\/v2\/product_cat?post=34396"},{"taxonomy":"product_tag","embeddable":true,"href":"https:\/\/nordicmart.andreevmaster.com\/fi\/wp-json\/wp\/v2\/product_tag?post=34396"}],"curies":[{"name":"wp","href":"https:\/\/api.w.org\/{rel}","templated":true}]}}