{"id":34393,"date":"2026-02-27T00:25:31","date_gmt":"2026-02-27T00:25:31","guid":{"rendered":"https:\/\/nordicmart.andreevmaster.com\/product\/vasagle-jakkara-penkki-sailytystilalla-istuinkirstu\/"},"modified":"2026-02-27T09:45:09","modified_gmt":"2026-02-27T09:45:09","slug":"vasagle-jakkara-penkki-sailytystilalla-istuinkirstu","status":"publish","type":"product","link":"https:\/\/nordicmart.andreevmaster.com\/fi\/tuote\/vasagle-jakkara-penkki-sailytystilalla-istuinkirstu\/","title":{"rendered":"VASAGLE Jakkara, penkki s\u00e4ilytystilalla, istuinkirstu"},"content":{"rendered":"<p>VASAGLE Py\u00f6re\u00e4 jakkara Meikkausp\u00f6yt\u00e4 Jakkara Ottomaani LOM005C01<br \/>\nTekniset tiedot:<br \/>\n&#8211; Mitat: 38,2 cm (syvyys), 44,4 cm (korkeus)<br \/>\n&#8211; Istuimen halkaisija: 32 cm<br \/>\n&#8211; Paino: 3,3 kg<br \/>\n&#8211; Maks. staattinen kantavuus: 150 kg<br \/>\n&#8211; Materiaali: ter\u00e4s, 25D eritt\u00e4in joustava vaahtomuovi, PU-keinonahka (polyuretaani), vaneri<br \/>\n&#8211; V\u00e4ri: musta<\/p>\n","protected":false},"excerpt":{"rendered":"<p>VASAGLE Py\u00f6re\u00e4 jakkara Meikkausp\u00f6yt\u00e4 Jakkara Ottomaani LOM005C01<\/p>\n","protected":false},"featured_media":43093,"comment_status":"open","ping_status":"closed","template":"","meta":[],"product_brand":[],"product_cat":[32],"product_tag":[],"class_list":{"0":"post-34393","1":"product","2":"type-product","3":"status-publish","4":"has-post-thumbnail","6":"product_cat-uncategorized-fi","8":"first","9":"instock","10":"shipping-taxable","11":"purchasable","12":"product-type-simple"},"_links":{"self":[{"href":"https:\/\/nordicmart.andreevmaster.com\/fi\/wp-json\/wp\/v2\/product\/34393","targetHints":{"allow":["GET"]}}],"collection":[{"href":"https:\/\/nordicmart.andreevmaster.com\/fi\/wp-json\/wp\/v2\/product"}],"about":[{"href":"https:\/\/nordicmart.andreevmaster.com\/fi\/wp-json\/wp\/v2\/types\/product"}],"replies":[{"embeddable":true,"href":"https:\/\/nordicmart.andreevmaster.com\/fi\/wp-json\/wp\/v2\/comments?post=34393"}],"wp:featuredmedia":[{"embeddable":true,"href":"https:\/\/nordicmart.andreevmaster.com\/fi\/wp-json\/wp\/v2\/media\/43093"}],"wp:attachment":[{"href":"https:\/\/nordicmart.andreevmaster.com\/fi\/wp-json\/wp\/v2\/media?parent=34393"}],"wp:term":[{"taxonomy":"product_brand","embeddable":true,"href":"https:\/\/nordicmart.andreevmaster.com\/fi\/wp-json\/wp\/v2\/product_brand?post=34393"},{"taxonomy":"product_cat","embeddable":true,"href":"https:\/\/nordicmart.andreevmaster.com\/fi\/wp-json\/wp\/v2\/product_cat?post=34393"},{"taxonomy":"product_tag","embeddable":true,"href":"https:\/\/nordicmart.andreevmaster.com\/fi\/wp-json\/wp\/v2\/product_tag?post=34393"}],"curies":[{"name":"wp","href":"https:\/\/api.w.org\/{rel}","templated":true}]}}