{"id":34389,"date":"2026-02-27T00:25:30","date_gmt":"2026-02-27T00:25:30","guid":{"rendered":"https:\/\/nordicmart.andreevmaster.com\/product\/songmics-rahi-sailytystilalla-varustettu-rahi-pyorea-rahi\/"},"modified":"2026-02-27T09:45:08","modified_gmt":"2026-02-27T09:45:08","slug":"songmics-rahi-sailytystilalla-varustettu-rahi-pyorea-rahi","status":"publish","type":"product","link":"https:\/\/nordicmart.andreevmaster.com\/fi\/tuote\/songmics-rahi-sailytystilalla-varustettu-rahi-pyorea-rahi\/","title":{"rendered":"SONGMICS-rahi, s\u00e4ilytystilalla varustettu rahi, py\u00f6re\u00e4 rahi"},"content":{"rendered":"<p>SONGMICS-jakkara, jakkara s\u00e4ilytystilalla, samettinen meikkijakkara, py\u00f6re\u00e4 jakkara, halkaisija 39 cm, korkeus 44,4 cm, 4 metallijalkaa, pukeutumishuoneeseen, olohuoneeseen, makuuhuoneeseen, musta LOM003B01<br \/>\nTekniset tiedot:<br \/>\n&#8211; Mitat: 39 cm (syvyys), 44,4 cm (korkeus)<br \/>\n&#8211; Istuimen halkaisija: 32 cm<br \/>\n&#8211; Paino: 3,3 kg<br \/>\n&#8211; Maks. staattinen kantavuus: 136 kg<br \/>\n&#8211; Materiaali: sametti, 25D eritt\u00e4in joustava vaahtomuovi, MDF (keskitihe\u00e4 kuitulevy), ter\u00e4s<br \/>\n&#8211; V\u00e4ri: musta<\/p>\n","protected":false},"excerpt":{"rendered":"<p>SONGMICS-jakkara, jakkara s\u00e4ilytystilalla, samettinen meikkijakkara, py\u00f6re\u00e4 jakkara, halkaisija 39 cm, korkeus 44,4 cm, 4 metallijalkaa, pukeutumishuoneeseen, olohuoneeseen, makuuhuoneeseen, musta LOM003B01<\/p>\n","protected":false},"featured_media":43089,"comment_status":"open","ping_status":"closed","template":"","meta":[],"product_brand":[],"product_cat":[32],"product_tag":[],"class_list":{"0":"post-34389","1":"product","2":"type-product","3":"status-publish","4":"has-post-thumbnail","6":"product_cat-uncategorized-fi","8":"first","9":"instock","10":"shipping-taxable","11":"purchasable","12":"product-type-simple"},"_links":{"self":[{"href":"https:\/\/nordicmart.andreevmaster.com\/fi\/wp-json\/wp\/v2\/product\/34389","targetHints":{"allow":["GET"]}}],"collection":[{"href":"https:\/\/nordicmart.andreevmaster.com\/fi\/wp-json\/wp\/v2\/product"}],"about":[{"href":"https:\/\/nordicmart.andreevmaster.com\/fi\/wp-json\/wp\/v2\/types\/product"}],"replies":[{"embeddable":true,"href":"https:\/\/nordicmart.andreevmaster.com\/fi\/wp-json\/wp\/v2\/comments?post=34389"}],"wp:featuredmedia":[{"embeddable":true,"href":"https:\/\/nordicmart.andreevmaster.com\/fi\/wp-json\/wp\/v2\/media\/43089"}],"wp:attachment":[{"href":"https:\/\/nordicmart.andreevmaster.com\/fi\/wp-json\/wp\/v2\/media?parent=34389"}],"wp:term":[{"taxonomy":"product_brand","embeddable":true,"href":"https:\/\/nordicmart.andreevmaster.com\/fi\/wp-json\/wp\/v2\/product_brand?post=34389"},{"taxonomy":"product_cat","embeddable":true,"href":"https:\/\/nordicmart.andreevmaster.com\/fi\/wp-json\/wp\/v2\/product_cat?post=34389"},{"taxonomy":"product_tag","embeddable":true,"href":"https:\/\/nordicmart.andreevmaster.com\/fi\/wp-json\/wp\/v2\/product_tag?post=34389"}],"curies":[{"name":"wp","href":"https:\/\/api.w.org\/{rel}","templated":true}]}}