{"id":34376,"date":"2026-02-27T00:25:27","date_gmt":"2026-02-27T00:25:27","guid":{"rendered":"https:\/\/nordicmart.andreevmaster.com\/product\/ekho-collection-sailytyspenkki-metsa-sailytyspenkki-forest-2\/"},"modified":"2026-02-27T09:45:06","modified_gmt":"2026-02-27T09:45:06","slug":"ekho-collection-sailytyspenkki-metsa-sailytyspenkki-forest-2","status":"publish","type":"product","link":"https:\/\/nordicmart.andreevmaster.com\/fi\/tuote\/ekho-collection-sailytyspenkki-metsa-sailytyspenkki-forest-2\/","title":{"rendered":"EKHO Collection &#8211; S\u00e4ilytyspenkki, Mets\u00e4 &#8211; S\u00e4ilytyspenkki, Forest"},"content":{"rendered":"<p>[Paranna tilaa] Tutustu VASAGLE EKHO Collection -malliston s\u00e4ilytyspenkkiin, jossa synteettinen nahka kohtaa hienostuneen tikkauksen. Sen pehme\u00e4t \u00e4\u00e4riviivat parantavat turvallisuutta, ja yhdess\u00e4 muhkean istuimen kanssa se saavuttaa t\u00e4ydellisen tasapainon kireyden ja t\u00e4ytel\u00e4isyyden v\u00e4lill\u00e4.[Mukavuus ja k\u00e4yt\u00e4nn\u00f6llisyys] Liu&#8217;uta k\u00e4tesi sile\u00e4n, helposti puhdistettavan p\u00e4\u00e4llisen yli ja uppoudu sitten 2,4 tuuman (6 cm) paksuiseen, tukevaan 25D high-resilience-vaahtomuoviin, joka kest\u00e4\u00e4 muodonmuutoksia. T\u00e4m\u00e4 s\u00e4ilytyspenkki tarjoaa sek\u00e4 viihtyis\u00e4n istuimen ett\u00e4 vaivattoman yll\u00e4pidon<\/p>\n<p>[Vahvuus, johon voit luottaa] T\u00e4m\u00e4 massiivipuurunkoinen s\u00e4ilytyspenkki on rakennettu kest\u00e4m\u00e4\u00e4n jopa 300 kg:n (660 lb) painon. Luota sen lujuuteen ja kest\u00e4vyyteen, kun siit\u00e4 tulee luotettava osa kotiasi.[Tilava turvasaranoilla] 25 gal. (95L) kapasiteetin ansiosta ottomaanipenkkimme varastoi siististi kaiken huovista ja tyynyist\u00e4 vaatteisiin. Kannen kaksoisturvasaranat lupaavat tasaisen, turvallisen toiminnan ja tehokkaan p\u00e4\u00e4syn tavaroillesi k\u00e4siksi<\/p>\n<p>Monipuolisuus loistaa] Olipa kyseess\u00e4 vieh\u00e4tt\u00e4v\u00e4 sohvap\u00f6yt\u00e4 olohuoneessa, kenk\u00e4penkki eteisess\u00e4, viihtyis\u00e4 makuuhuoneen penkki tai tyylik\u00e4s lis\u00e4istuin vaatehuoneessasi, t\u00e4m\u00e4 verhoiltu istuin mukautuu saumattomasti kaikkiin tarpeisiisi<\/p>\n<p>Tekniset tiedot:<br \/>\n&#8211; V\u00e4ri: Penkki on varustettu istuimella, joka on suunniteltu k\u00e4ytett\u00e4v\u00e4ksi my\u00f6s istuimissa: Mets\u00e4nvihre\u00e4<br \/>\n&#8211; Materiaali: PU (polyuretaani) nahka, vaneri, massiivipuu.- Tuotteen koko: 15,7&#8243; D x 43,3&#8243; W x 15,7&#8243; H (40 x 110 x 40 cm).<br \/>\n&#8211; Tuotteen paino: 15,3 kg (33,7 lb).- Istuimen staattinen kuormitettavuus: 300 kg (660 lb) S\u00e4ilytyslokeron staattinen kuormitettavuus: 132 lb (60 kg)<br \/>\n&#8211; Tilavuus: 25 gallonaa (95 l)<br \/>\nPakkauksen sis\u00e4lt\u00f6:<\/p>\n<p>&#8211; 1 x S\u00e4ilytystuoli<br \/>\n&#8211; 1 x lis\u00e4varustesarja<br \/>\n&#8211; 1 x Ohjeet<\/p>\n","protected":false},"excerpt":{"rendered":"<p>[Paranna tilaa] Tutustu VASAGLE EKHO Collection -malliston s\u00e4ilytyspenkkiin, jossa synteettinen nahka kohtaa hienostuneen tikkauksen. Sen pehme\u00e4t \u00e4\u00e4riviivat parantavat turvallisuutta, ja yhdess\u00e4 muhkean istuimen kanssa se saavuttaa t\u00e4ydellisen tasapainon kireyden ja t\u00e4ytel\u00e4isyyden v\u00e4lill\u00e4.[Mukavuus ja k\u00e4yt\u00e4nn\u00f6llisyys] Liu&#8217;uta k\u00e4tesi sile\u00e4n, helposti puhdistettavan p\u00e4\u00e4llisen yli ja uppoudu sitten 2,4 tuuman (6 cm) paksuiseen, tukevaan 25D high-resilience-vaahtomuoviin, joka kest\u00e4\u00e4 muodonmuutoksia. [&hellip;]<\/p>\n","protected":false},"featured_media":0,"comment_status":"open","ping_status":"closed","template":"","meta":[],"product_brand":[],"product_cat":[32],"product_tag":[],"class_list":{"0":"post-34376","1":"product","2":"type-product","3":"status-publish","5":"product_cat-uncategorized-fi","7":"first","8":"instock","9":"shipping-taxable","10":"product-type-simple"},"_links":{"self":[{"href":"https:\/\/nordicmart.andreevmaster.com\/fi\/wp-json\/wp\/v2\/product\/34376","targetHints":{"allow":["GET"]}}],"collection":[{"href":"https:\/\/nordicmart.andreevmaster.com\/fi\/wp-json\/wp\/v2\/product"}],"about":[{"href":"https:\/\/nordicmart.andreevmaster.com\/fi\/wp-json\/wp\/v2\/types\/product"}],"replies":[{"embeddable":true,"href":"https:\/\/nordicmart.andreevmaster.com\/fi\/wp-json\/wp\/v2\/comments?post=34376"}],"wp:attachment":[{"href":"https:\/\/nordicmart.andreevmaster.com\/fi\/wp-json\/wp\/v2\/media?parent=34376"}],"wp:term":[{"taxonomy":"product_brand","embeddable":true,"href":"https:\/\/nordicmart.andreevmaster.com\/fi\/wp-json\/wp\/v2\/product_brand?post=34376"},{"taxonomy":"product_cat","embeddable":true,"href":"https:\/\/nordicmart.andreevmaster.com\/fi\/wp-json\/wp\/v2\/product_cat?post=34376"},{"taxonomy":"product_tag","embeddable":true,"href":"https:\/\/nordicmart.andreevmaster.com\/fi\/wp-json\/wp\/v2\/product_tag?post=34376"}],"curies":[{"name":"wp","href":"https:\/\/api.w.org\/{rel}","templated":true}]}}