{"id":34375,"date":"2026-02-27T00:25:27","date_gmt":"2026-02-27T00:25:27","guid":{"rendered":"https:\/\/nordicmart.andreevmaster.com\/product\/ekho-kokoelma-sailytyspenkki-ottomaanipenkki\/"},"modified":"2026-02-27T09:45:06","modified_gmt":"2026-02-27T09:45:06","slug":"ekho-kokoelma-sailytyspenkki-ottomaanipenkki","status":"publish","type":"product","link":"https:\/\/nordicmart.andreevmaster.com\/fi\/tuote\/ekho-kokoelma-sailytyspenkki-ottomaanipenkki\/","title":{"rendered":"EKHO-kokoelma &#8211; S\u00e4ilytyspenkki Ottomaanipenkki"},"content":{"rendered":"<p>[Korosta tilasi] Todista synteettisen nahan ja hienostuneiden ompeleiden sekoitus VASAGLE EKHO -malliston s\u00e4ilytysottomanissa. Sen lempe\u00e4t \u00e4\u00e4riviivat lis\u00e4\u00e4v\u00e4t turvallisuutta, kun taas sen tyylikk\u00e4\u00e4t jalat luovat ilmavan tunnun, tasapainottaen j\u00e4nnityst\u00e4 ja t\u00e4ytel\u00e4isyytt\u00e4&#8230;[Mukavuus ja k\u00e4yt\u00e4nn\u00f6llisyys] Liu&#8217;uta k\u00e4tesi sile\u00e4n, helposti puhdistettavan p\u00e4\u00e4llisen yli ja uppoudu sitten 2,4&#8243; (6 cm) paksuun, tukevaan 25D high-resilience-vaahtomuoviin, joka kest\u00e4\u00e4 muodonmuutoksia. T\u00e4m\u00e4 s\u00e4ilytyspenkki tarjoaa sek\u00e4 viihtyis\u00e4n istuimen ett\u00e4 vaivattoman yll\u00e4pidon<\/p>\n<p>[Luotettava vahvuus] Massiivisen puurunko ja tukevat ter\u00e4sjalat tekev\u00e4t t\u00e4st\u00e4 s\u00e4ilytyspenkist\u00e4 kest\u00e4v\u00e4n jopa 300 kg:n (660 lb) painon. Luota sen lujuuteen ja kest\u00e4vyyteen, kun siit\u00e4 tulee luotettava osa kotiasi.[Tilava turvasaranoilla] 15 gal. (57L) kapasiteetin ansiosta ottomaanipenkkimme varastoi siististi kaiken huovista ja tyynyist\u00e4 vaatteisiin. Kannen kaksoisturvasaranat lupaavat tasaisen, turvallisen toiminnan ja tehokkaan p\u00e4\u00e4syn tavaroillesi k\u00e4siksi<\/p>\n<p>[Monipuolisuus loistaa] Olipa kyseess\u00e4 vieh\u00e4tt\u00e4v\u00e4 sohvap\u00f6yt\u00e4 olohuoneessa, kenk\u00e4penkki eteisess\u00e4, viihtyis\u00e4 makuuhuoneen penkki tai tyylik\u00e4s lis\u00e4istuin vaatehuoneessasi, t\u00e4m\u00e4 verhoiltu istuin mukautuu saumattomasti kaikkiin tarpeisiisi<\/p>\n<p>Tekniset tiedot:<br \/>\n&#8211; V\u00e4ri: Penkki on varustettu istuimella, joka on suunniteltu k\u00e4ytett\u00e4v\u00e4ksi my\u00f6s istuimissa: Mets\u00e4nvihre\u00e4<br \/>\n&#8211; Materiaali: PU (polyuretaani) nahka, vaneri, massiivipuu.- Tuotteen koko: 15,7&#8243; D x 47,2&#8243; W x 17,7&#8243; H (40 x 120 x 45 cm).<br \/>\n&#8211; Tuotteen paino: 13,8 kg (30,4 lb).- Istuimen staattinen kuormitettavuus: 300 kg (660 lb) S\u00e4ilytyslokeron staattinen kuormitettavuus: 132 lb (60 kg)<br \/>\n&#8211; Tilavuus: 15 gallonaa (57 l)<br \/>\nPakkauksen sis\u00e4lt\u00f6:<\/p>\n<p>&#8211; 1 x S\u00e4ilytystuoli<br \/>\n&#8211; 1 x lis\u00e4varustesarja<br \/>\n&#8211; 1 x Ohjeet<\/p>\n","protected":false},"excerpt":{"rendered":"<p>[Korosta tilasi] Todista synteettisen nahan ja hienostuneiden ompeleiden sekoitus VASAGLE EKHO -malliston s\u00e4ilytysottomanissa. Sen lempe\u00e4t \u00e4\u00e4riviivat lis\u00e4\u00e4v\u00e4t turvallisuutta, kun taas sen tyylikk\u00e4\u00e4t jalat luovat ilmavan tunnun, tasapainottaen j\u00e4nnityst\u00e4 ja t\u00e4ytel\u00e4isyytt\u00e4&#8230;[Mukavuus ja k\u00e4yt\u00e4nn\u00f6llisyys] Liu&#8217;uta k\u00e4tesi sile\u00e4n, helposti puhdistettavan p\u00e4\u00e4llisen yli ja uppoudu sitten 2,4&#8243; (6 cm) paksuun, tukevaan 25D high-resilience-vaahtomuoviin, joka kest\u00e4\u00e4 muodonmuutoksia. T\u00e4m\u00e4 s\u00e4ilytyspenkki tarjoaa [&hellip;]<\/p>\n","protected":false},"featured_media":0,"comment_status":"open","ping_status":"closed","template":"","meta":[],"product_brand":[],"product_cat":[32],"product_tag":[],"class_list":{"0":"post-34375","1":"product","2":"type-product","3":"status-publish","5":"product_cat-uncategorized-fi","7":"first","8":"instock","9":"shipping-taxable","10":"product-type-simple"},"_links":{"self":[{"href":"https:\/\/nordicmart.andreevmaster.com\/fi\/wp-json\/wp\/v2\/product\/34375","targetHints":{"allow":["GET"]}}],"collection":[{"href":"https:\/\/nordicmart.andreevmaster.com\/fi\/wp-json\/wp\/v2\/product"}],"about":[{"href":"https:\/\/nordicmart.andreevmaster.com\/fi\/wp-json\/wp\/v2\/types\/product"}],"replies":[{"embeddable":true,"href":"https:\/\/nordicmart.andreevmaster.com\/fi\/wp-json\/wp\/v2\/comments?post=34375"}],"wp:attachment":[{"href":"https:\/\/nordicmart.andreevmaster.com\/fi\/wp-json\/wp\/v2\/media?parent=34375"}],"wp:term":[{"taxonomy":"product_brand","embeddable":true,"href":"https:\/\/nordicmart.andreevmaster.com\/fi\/wp-json\/wp\/v2\/product_brand?post=34375"},{"taxonomy":"product_cat","embeddable":true,"href":"https:\/\/nordicmart.andreevmaster.com\/fi\/wp-json\/wp\/v2\/product_cat?post=34375"},{"taxonomy":"product_tag","embeddable":true,"href":"https:\/\/nordicmart.andreevmaster.com\/fi\/wp-json\/wp\/v2\/product_tag?post=34375"}],"curies":[{"name":"wp","href":"https:\/\/api.w.org\/{rel}","templated":true}]}}