{"id":34374,"date":"2026-02-27T00:25:27","date_gmt":"2026-02-27T00:25:27","guid":{"rendered":"https:\/\/nordicmart.andreevmaster.com\/product\/ekho-collection-sailytysottomaani-eteinen-makuuhuoneen-penkki-15-gallonaa-synteettista-nahkaa-ompelemalla-mid-century-modern-turvahelat-kuormat-660-lb-ink-black-u\/"},"modified":"2026-02-27T09:45:06","modified_gmt":"2026-02-27T09:45:06","slug":"ekho-collection-sailytysottomaani-eteinen-makuuhuoneen-penkki-15-gallonaa-synteettista-nahkaa-ompelemalla-mid-century-modern-turvahelat-kuormat-660-lb-ink-black-u","status":"publish","type":"product","link":"https:\/\/nordicmart.andreevmaster.com\/fi\/tuote\/ekho-collection-sailytysottomaani-eteinen-makuuhuoneen-penkki-15-gallonaa-synteettista-nahkaa-ompelemalla-mid-century-modern-turvahelat-kuormat-660-lb-ink-black-u\/","title":{"rendered":"EKHO Collection &#8211; S\u00e4ilytysottomaani, eteinen makuuhuoneen penkki, 15 gallonaa, synteettist\u00e4 nahkaa ompelemalla, Mid-Century Modern, turvahelat, kuormat 660 lb, Ink Black U"},"content":{"rendered":"<p>[Tyyli, joka puhuu] T\u00e4m\u00e4 s\u00e4ilytystuoli kuuluu VASAGLE EKHO -mallistoon, joka on huonekalumallisto, jossa yhdistyv\u00e4t rikas kuvioitu keinonahka ja hienostunut tikkaus. Se on konkreettinen kunnianosoitus k\u00e4sity\u00f6taidolle ja auttaa luomaan kodin, joka puhuu paljon tyylist\u00e4.[Mukavuus ja k\u00e4yt\u00e4nn\u00f6llisyys] Liu&#8217;uta k\u00e4tesi sile\u00e4n, helposti puhdistettavan p\u00e4\u00e4llysteen yli ja uppoudu sitten 2,4&#8243; (6 cm) paksuiseen, tukevaan 25D-vaahtomuoviin, joka kest\u00e4\u00e4 muodonmuutoksia. T\u00e4m\u00e4 s\u00e4ilytyspenkki tarjoaa sek\u00e4 viihtyis\u00e4n istuimen ett\u00e4 vaivattoman yll\u00e4pidon<\/p>\n<p>[Luotettava lujuus] Massiivisen puurunko ja tukevat ter\u00e4sjalat tekev\u00e4t t\u00e4st\u00e4 s\u00e4ilytyspenkist\u00e4 kest\u00e4v\u00e4n jopa 300 kg:n (660 lb) painon. Luota sen lujuuteen ja kest\u00e4vyyteen, kun siit\u00e4 tulee luotettava osa kotiasi.[Tilava turvasaranoilla] 15 gal. (57L) kapasiteetin ansiosta ottomaanipenkkimme varastoi siististi kaiken huovista ja tyynyist\u00e4 vaatteisiin. Kannen kaksoisturvasaranat lupaavat tasaisen, turvallisen toiminnan ja tehokkaan p\u00e4\u00e4syn tavaroillesi k\u00e4siksi<\/p>\n<p>[Monipuolisuus loistaa] Olipa kyseess\u00e4 vieh\u00e4tt\u00e4v\u00e4 sohvap\u00f6yt\u00e4 olohuoneessa, kenk\u00e4penkki eteisess\u00e4, viihtyis\u00e4 makuuhuoneen penkki tai tyylik\u00e4s lis\u00e4istuin vaatehuoneessasi, t\u00e4m\u00e4 verhoiltu istuin mukautuu saumattomasti kaikkiin tarpeisiisi<\/p>\n<p>Tuotteen mitat: 15,7 tuumaa (syvyys) x 47,2 tuumaa (leveys) x 17,7 tuumaa (korkeus).V\u00e4ri\uff1aMusta (Ink Black)<br \/>\nKoko\uff1a15,7 x 47,2 x 17,7 tuumaa<br \/>\nHuonekalujen viimeistely\uff1aMusta<br \/>\nTuotteen hoito-ohjeet: Kostea kangas<br \/>\nIstuinkapasiteetti\uff1a2<\/p>\n","protected":false},"excerpt":{"rendered":"<p>[Tyyli, joka puhuu] T\u00e4m\u00e4 s\u00e4ilytystuoli kuuluu VASAGLE EKHO -mallistoon, joka on huonekalumallisto, jossa yhdistyv\u00e4t rikas kuvioitu keinonahka ja hienostunut tikkaus. Se on konkreettinen kunnianosoitus k\u00e4sity\u00f6taidolle ja auttaa luomaan kodin, joka puhuu paljon tyylist\u00e4.[Mukavuus ja k\u00e4yt\u00e4nn\u00f6llisyys] Liu&#8217;uta k\u00e4tesi sile\u00e4n, helposti puhdistettavan p\u00e4\u00e4llysteen yli ja uppoudu sitten 2,4&#8243; (6 cm) paksuiseen, tukevaan 25D-vaahtomuoviin, joka kest\u00e4\u00e4 muodonmuutoksia. T\u00e4m\u00e4 [&hellip;]<\/p>\n","protected":false},"featured_media":0,"comment_status":"open","ping_status":"closed","template":"","meta":[],"product_brand":[],"product_cat":[32],"product_tag":[],"class_list":{"0":"post-34374","1":"product","2":"type-product","3":"status-publish","5":"product_cat-uncategorized-fi","7":"first","8":"instock","9":"shipping-taxable","10":"product-type-simple"},"_links":{"self":[{"href":"https:\/\/nordicmart.andreevmaster.com\/fi\/wp-json\/wp\/v2\/product\/34374","targetHints":{"allow":["GET"]}}],"collection":[{"href":"https:\/\/nordicmart.andreevmaster.com\/fi\/wp-json\/wp\/v2\/product"}],"about":[{"href":"https:\/\/nordicmart.andreevmaster.com\/fi\/wp-json\/wp\/v2\/types\/product"}],"replies":[{"embeddable":true,"href":"https:\/\/nordicmart.andreevmaster.com\/fi\/wp-json\/wp\/v2\/comments?post=34374"}],"wp:attachment":[{"href":"https:\/\/nordicmart.andreevmaster.com\/fi\/wp-json\/wp\/v2\/media?parent=34374"}],"wp:term":[{"taxonomy":"product_brand","embeddable":true,"href":"https:\/\/nordicmart.andreevmaster.com\/fi\/wp-json\/wp\/v2\/product_brand?post=34374"},{"taxonomy":"product_cat","embeddable":true,"href":"https:\/\/nordicmart.andreevmaster.com\/fi\/wp-json\/wp\/v2\/product_cat?post=34374"},{"taxonomy":"product_tag","embeddable":true,"href":"https:\/\/nordicmart.andreevmaster.com\/fi\/wp-json\/wp\/v2\/product_tag?post=34374"}],"curies":[{"name":"wp","href":"https:\/\/api.w.org\/{rel}","templated":true}]}}