{"id":34372,"date":"2026-02-27T00:25:26","date_gmt":"2026-02-27T00:25:26","guid":{"rendered":"https:\/\/nordicmart.andreevmaster.com\/product\/vasagle-makuuhuoneen-penkki-kantavuus-300-kg-metsanvihrea\/"},"modified":"2026-02-27T09:45:05","modified_gmt":"2026-02-27T09:45:05","slug":"vasagle-makuuhuoneen-penkki-kantavuus-300-kg-metsanvihrea","status":"publish","type":"product","link":"https:\/\/nordicmart.andreevmaster.com\/fi\/tuote\/vasagle-makuuhuoneen-penkki-kantavuus-300-kg-metsanvihrea\/","title":{"rendered":"VASAGLE makuuhuoneen penkki, kantavuus 300 kg, mets\u00e4nvihre\u00e4"},"content":{"rendered":"<p>VASAGLE EKHO -kokoelma \u2013 makuuhuoneen penkki, keinonahka, ompeleet, ruokasalin penkki, s\u00e4ngynpenkki, metallirunkoinen penkki, olohuone, mid-century modern -tyyli, kantavuus 300 kg, karamellinruskea LOM073K01<br \/>\n&#8211; V\u00e4ri: mets\u00e4nvihre\u00e4<br \/>\n&#8211; Materiaali: ter\u00e4s, eritt\u00e4in joustava 25D-vaahtomuovi, PU-keinonahka (polyuretaani), vaneri<br \/>\n&#8211; Koko: 40 x 120 x 45 cm (S x L x K\uff09<br \/>\n&#8211; Paino: 7,6 kg<br \/>\n&#8211; Maks. staattinen kokonaiskuormitus: 300 kg<\/p>\n","protected":false},"excerpt":{"rendered":"<p>VASAGLE EKHO -kokoelma \u2013 makuuhuoneen penkki, keinonahka, ompeleet, ruokasalin penkki, s\u00e4ngynpenkki, metallirunkoinen penkki, olohuone, mid-century modern -tyyli, kantavuus 300 kg, karamellinruskea LOM073K01<\/p>\n","protected":false},"featured_media":43080,"comment_status":"open","ping_status":"closed","template":"","meta":[],"product_brand":[],"product_cat":[32],"product_tag":[],"class_list":{"0":"post-34372","1":"product","2":"type-product","3":"status-publish","4":"has-post-thumbnail","6":"product_cat-uncategorized-fi","8":"first","9":"instock","10":"shipping-taxable","11":"purchasable","12":"product-type-simple"},"_links":{"self":[{"href":"https:\/\/nordicmart.andreevmaster.com\/fi\/wp-json\/wp\/v2\/product\/34372","targetHints":{"allow":["GET"]}}],"collection":[{"href":"https:\/\/nordicmart.andreevmaster.com\/fi\/wp-json\/wp\/v2\/product"}],"about":[{"href":"https:\/\/nordicmart.andreevmaster.com\/fi\/wp-json\/wp\/v2\/types\/product"}],"replies":[{"embeddable":true,"href":"https:\/\/nordicmart.andreevmaster.com\/fi\/wp-json\/wp\/v2\/comments?post=34372"}],"wp:featuredmedia":[{"embeddable":true,"href":"https:\/\/nordicmart.andreevmaster.com\/fi\/wp-json\/wp\/v2\/media\/43080"}],"wp:attachment":[{"href":"https:\/\/nordicmart.andreevmaster.com\/fi\/wp-json\/wp\/v2\/media?parent=34372"}],"wp:term":[{"taxonomy":"product_brand","embeddable":true,"href":"https:\/\/nordicmart.andreevmaster.com\/fi\/wp-json\/wp\/v2\/product_brand?post=34372"},{"taxonomy":"product_cat","embeddable":true,"href":"https:\/\/nordicmart.andreevmaster.com\/fi\/wp-json\/wp\/v2\/product_cat?post=34372"},{"taxonomy":"product_tag","embeddable":true,"href":"https:\/\/nordicmart.andreevmaster.com\/fi\/wp-json\/wp\/v2\/product_tag?post=34372"}],"curies":[{"name":"wp","href":"https:\/\/api.w.org\/{rel}","templated":true}]}}