{"id":34364,"date":"2026-02-27T00:25:24","date_gmt":"2026-02-27T00:25:24","guid":{"rendered":"https:\/\/nordicmart.andreevmaster.com\/product\/songmics-jalkapallopoyta-sailytystilalla\/"},"modified":"2026-02-27T09:45:04","modified_gmt":"2026-02-27T09:45:04","slug":"songmics-jalkapallopoyta-sailytystilalla","status":"publish","type":"product","link":"https:\/\/nordicmart.andreevmaster.com\/fi\/tuote\/songmics-jalkapallopoyta-sailytystilalla\/","title":{"rendered":"SONGMICS Jalkapallop\u00f6yt\u00e4 s\u00e4ilytystilalla"},"content":{"rendered":"<p>SONGMICS py\u00f6re\u00e4 jakkara, jalkatuki s\u00e4ilytystilalla, meikkijakkara jaloilla, 45 cm p, 44,5 cm K, kantavuus 150 kg, olohuoneeseen ja makuuhuoneeseen, tummanharmaa LOM011G01V1<br \/>\nV\u00e4ri: kermanvalkoinen<br \/>\nMateriaali: MDF (keskitihe\u00e4 kuitulevy), sametti, 25D eritt\u00e4in joustava vaahtomuovi<br \/>\nKoko: 45 x 45 x 44,5 cm (S x L x K)<br \/>\nPaino: 6 kg<br \/>\nMaks. staattinen kantavuus: 150 kg<br \/>\nTilavuus: 42 litraa<\/p>\n","protected":false},"excerpt":{"rendered":"<p>SONGMICS py\u00f6re\u00e4 jakkara, jalkatuki s\u00e4ilytystilalla, meikkijakkara jaloilla, 45 cm p, 44,5 cm K, kantavuus 150 kg, olohuoneeseen ja makuuhuoneeseen, tummanharmaa LOM011G01V1<\/p>\n","protected":false},"featured_media":43072,"comment_status":"open","ping_status":"closed","template":"","meta":[],"product_brand":[],"product_cat":[32],"product_tag":[],"class_list":{"0":"post-34364","1":"product","2":"type-product","3":"status-publish","4":"has-post-thumbnail","6":"product_cat-uncategorized-fi","8":"first","9":"instock","10":"shipping-taxable","11":"purchasable","12":"product-type-simple"},"_links":{"self":[{"href":"https:\/\/nordicmart.andreevmaster.com\/fi\/wp-json\/wp\/v2\/product\/34364","targetHints":{"allow":["GET"]}}],"collection":[{"href":"https:\/\/nordicmart.andreevmaster.com\/fi\/wp-json\/wp\/v2\/product"}],"about":[{"href":"https:\/\/nordicmart.andreevmaster.com\/fi\/wp-json\/wp\/v2\/types\/product"}],"replies":[{"embeddable":true,"href":"https:\/\/nordicmart.andreevmaster.com\/fi\/wp-json\/wp\/v2\/comments?post=34364"}],"wp:featuredmedia":[{"embeddable":true,"href":"https:\/\/nordicmart.andreevmaster.com\/fi\/wp-json\/wp\/v2\/media\/43072"}],"wp:attachment":[{"href":"https:\/\/nordicmart.andreevmaster.com\/fi\/wp-json\/wp\/v2\/media?parent=34364"}],"wp:term":[{"taxonomy":"product_brand","embeddable":true,"href":"https:\/\/nordicmart.andreevmaster.com\/fi\/wp-json\/wp\/v2\/product_brand?post=34364"},{"taxonomy":"product_cat","embeddable":true,"href":"https:\/\/nordicmart.andreevmaster.com\/fi\/wp-json\/wp\/v2\/product_cat?post=34364"},{"taxonomy":"product_tag","embeddable":true,"href":"https:\/\/nordicmart.andreevmaster.com\/fi\/wp-json\/wp\/v2\/product_tag?post=34364"}],"curies":[{"name":"wp","href":"https:\/\/api.w.org\/{rel}","templated":true}]}}