{"id":34359,"date":"2026-02-27T00:25:23","date_gmt":"2026-02-27T00:25:23","guid":{"rendered":"https:\/\/nordicmart.andreevmaster.com\/product\/vasagle-ekho-kokoelma-jakkara-mid-century-tyylinen-musta\/"},"modified":"2026-02-27T09:45:03","modified_gmt":"2026-02-27T09:45:03","slug":"vasagle-ekho-kokoelma-jakkara-mid-century-tyylinen-musta","status":"publish","type":"product","link":"https:\/\/nordicmart.andreevmaster.com\/fi\/tuote\/vasagle-ekho-kokoelma-jakkara-mid-century-tyylinen-musta\/","title":{"rendered":"VASAGLE EKHO -kokoelma \u2013 jakkara, mid-century-tyylinen, musta"},"content":{"rendered":"<p>VASAGLE Py\u00f6re\u00e4 jakkara Meikkausp\u00f6yt\u00e4 Jakkara Ottomaani LOM005C01<br \/>\nV\u00e4ri: musta<br \/>\nMateriaali: ter\u00e4s, eritt\u00e4in joustava 25D-vaahtomuovi, PU-keinonahka (polyuretaani), vaneri<br \/>\nKoko: 38,2 x 44,4 cm (\u00d8 x H\uff09<br \/>\nIstuimen koko: \u00d8 32 cm<br \/>\nPaino: 3,3 kg<br \/>\nMaks. staattinen kokonaiskuormitus: 150 kg<\/p>\n","protected":false},"excerpt":{"rendered":"<p>VASAGLE Py\u00f6re\u00e4 jakkara Meikkausp\u00f6yt\u00e4 Jakkara Ottomaani LOM005C01<\/p>\n","protected":false},"featured_media":0,"comment_status":"open","ping_status":"closed","template":"","meta":[],"product_brand":[],"product_cat":[32],"product_tag":[],"class_list":{"0":"post-34359","1":"product","2":"type-product","3":"status-publish","5":"product_cat-uncategorized-fi","7":"first","8":"instock","9":"shipping-taxable","10":"purchasable","11":"product-type-simple"},"_links":{"self":[{"href":"https:\/\/nordicmart.andreevmaster.com\/fi\/wp-json\/wp\/v2\/product\/34359","targetHints":{"allow":["GET"]}}],"collection":[{"href":"https:\/\/nordicmart.andreevmaster.com\/fi\/wp-json\/wp\/v2\/product"}],"about":[{"href":"https:\/\/nordicmart.andreevmaster.com\/fi\/wp-json\/wp\/v2\/types\/product"}],"replies":[{"embeddable":true,"href":"https:\/\/nordicmart.andreevmaster.com\/fi\/wp-json\/wp\/v2\/comments?post=34359"}],"wp:attachment":[{"href":"https:\/\/nordicmart.andreevmaster.com\/fi\/wp-json\/wp\/v2\/media?parent=34359"}],"wp:term":[{"taxonomy":"product_brand","embeddable":true,"href":"https:\/\/nordicmart.andreevmaster.com\/fi\/wp-json\/wp\/v2\/product_brand?post=34359"},{"taxonomy":"product_cat","embeddable":true,"href":"https:\/\/nordicmart.andreevmaster.com\/fi\/wp-json\/wp\/v2\/product_cat?post=34359"},{"taxonomy":"product_tag","embeddable":true,"href":"https:\/\/nordicmart.andreevmaster.com\/fi\/wp-json\/wp\/v2\/product_tag?post=34359"}],"curies":[{"name":"wp","href":"https:\/\/api.w.org\/{rel}","templated":true}]}}