{"id":34358,"date":"2026-02-27T00:25:23","date_gmt":"2026-02-27T00:25:23","guid":{"rendered":"https:\/\/nordicmart.andreevmaster.com\/product\/songmics-rahi-sailytystilalla-ja-4-metallijalalla-kermanvalkoinen\/"},"modified":"2026-02-27T09:45:03","modified_gmt":"2026-02-27T09:45:03","slug":"songmics-rahi-sailytystilalla-ja-4-metallijalalla-kermanvalkoinen","status":"publish","type":"product","link":"https:\/\/nordicmart.andreevmaster.com\/fi\/tuote\/songmics-rahi-sailytystilalla-ja-4-metallijalalla-kermanvalkoinen\/","title":{"rendered":"SONGMICS-rahi s\u00e4ilytystilalla ja 4 metallijalalla, kermanvalkoinen"},"content":{"rendered":"<p>SONGMICS-jakkara, jakkara s\u00e4ilytystilalla, samettinen meikkijakkara, py\u00f6re\u00e4 jakkara, 39 cm paksu, 44,4 cm korkea, 4 metallijalkaa, pukeutumishuoneeseen, olohuoneeseen, makuuhuoneeseen, musta LOM003B01<br \/>\nV\u00e4ri: kermanvalkoinen<br \/>\nMateriaali: sametti, 25D eritt\u00e4in joustava vaahtomuovi, MDF (keskitihe\u00e4 kuitulevy), ter\u00e4s<br \/>\nKoko: 39 cm (syvyys), 44,4 cm (korkeus)<br \/>\nIstuimen halkaisija: 32 cm<br \/>\nPaino: 3,3 kg<br \/>\nMaks. staattinen kantavuus: 136 kg<\/p>\n","protected":false},"excerpt":{"rendered":"<p>SONGMICS-jakkara, jakkara s\u00e4ilytystilalla, samettinen meikkijakkara, py\u00f6re\u00e4 jakkara, 39 cm paksu, 44,4 cm korkea, 4 metallijalkaa, pukeutumishuoneeseen, olohuoneeseen, makuuhuoneeseen, musta LOM003B01<\/p>\n","protected":false},"featured_media":0,"comment_status":"open","ping_status":"closed","template":"","meta":[],"product_brand":[],"product_cat":[32],"product_tag":[],"class_list":{"0":"post-34358","1":"product","2":"type-product","3":"status-publish","5":"product_cat-uncategorized-fi","7":"first","8":"instock","9":"shipping-taxable","10":"purchasable","11":"product-type-simple"},"_links":{"self":[{"href":"https:\/\/nordicmart.andreevmaster.com\/fi\/wp-json\/wp\/v2\/product\/34358","targetHints":{"allow":["GET"]}}],"collection":[{"href":"https:\/\/nordicmart.andreevmaster.com\/fi\/wp-json\/wp\/v2\/product"}],"about":[{"href":"https:\/\/nordicmart.andreevmaster.com\/fi\/wp-json\/wp\/v2\/types\/product"}],"replies":[{"embeddable":true,"href":"https:\/\/nordicmart.andreevmaster.com\/fi\/wp-json\/wp\/v2\/comments?post=34358"}],"wp:attachment":[{"href":"https:\/\/nordicmart.andreevmaster.com\/fi\/wp-json\/wp\/v2\/media?parent=34358"}],"wp:term":[{"taxonomy":"product_brand","embeddable":true,"href":"https:\/\/nordicmart.andreevmaster.com\/fi\/wp-json\/wp\/v2\/product_brand?post=34358"},{"taxonomy":"product_cat","embeddable":true,"href":"https:\/\/nordicmart.andreevmaster.com\/fi\/wp-json\/wp\/v2\/product_cat?post=34358"},{"taxonomy":"product_tag","embeddable":true,"href":"https:\/\/nordicmart.andreevmaster.com\/fi\/wp-json\/wp\/v2\/product_tag?post=34358"}],"curies":[{"name":"wp","href":"https:\/\/api.w.org\/{rel}","templated":true}]}}