{"id":34353,"date":"2026-02-27T00:25:22","date_gmt":"2026-02-27T00:25:22","guid":{"rendered":"https:\/\/nordicmart.andreevmaster.com\/product\/songmics-sailytystilalla-varustettu-jakkara\/"},"modified":"2026-02-27T09:45:02","modified_gmt":"2026-02-27T09:45:02","slug":"songmics-sailytystilalla-varustettu-jakkara","status":"publish","type":"product","link":"https:\/\/nordicmart.andreevmaster.com\/fi\/tuote\/songmics-sailytystilalla-varustettu-jakkara\/","title":{"rendered":"SONGMICS s\u00e4ilytystilalla varustettu jakkara"},"content":{"rendered":"<p>Jalkapallopenkki s\u00e4ilytystilalla Avaa kansi, jonka sis\u00e4tila auttaa sinua pit\u00e4m\u00e4\u00e4n paremmin j\u00e4rjestyst\u00e4 s\u00e4ilytt\u00e4m\u00e4ll\u00e4 siin\u00e4 pieni\u00e4 leluja, kirjoja, latauskaapeleita jne. Jalkatuki tai jalkapallopenkki Voit sijoittaa t\u00e4m\u00e4n huonekalun sohvan viereen ja k\u00e4ytt\u00e4\u00e4 sit\u00e4 jalkatukena; korkeatiheyksisen vaahtomuovin ja 130 kg:n kantavuuden ansiosta jalkapallopenkki on mukava ja vakaa. Sivup\u00f6yt\u00e4 K\u00e4\u00e4nn\u00e4 kansi ymp\u00e4ri, niin jakkara muuttuu sivup\u00f6yd\u00e4ksi, jolle voit laittaa kahvia, juomia, matkapuhelimen tai kirjoja. Tuotetiedot: &#8211; V\u00e4ri: tummanharmaa &#8211; Materiaali: keinokangas, vaahtomuovi, MDF (keskitihe\u00e4 kuitulevy), metalli &#8211; Koko: 31 x 43 cm (\u00d8 x K) &#8211; Paino: 3 kg &#8211; Maks. staattinen kantavuus: 130 kg Toimitussis\u00e4lt\u00f6: &#8211; 1 x jakkara &#8211; 1 x ohjeet SONGMICSin huomautukset: &#8211; Lapset eiv\u00e4t saa kiivet\u00e4 tuotteen p\u00e4\u00e4lle. &#8211; \u00c4l\u00e4 k\u00e4yt\u00e4 t\u00e4t\u00e4 tuotetta ulkona. &#8211; Kun siirr\u00e4t p\u00f6yt\u00e4\u00e4, nosta se yl\u00f6s \u00e4l\u00e4k\u00e4 raahaa sit\u00e4 lattian p\u00e4\u00e4ll\u00e4.<\/p>\n","protected":false},"excerpt":{"rendered":"<p>SONGMICS-rahi, py\u00f6re\u00e4 rahi s\u00e4ilytystilalla, s\u00e4ilytyslaatikko kannella, 9,4 l, jalkatuki, metallijalat, pehmustettu istuin, olohuoneeseen, makuuhuoneeseen, tummanharmaa LOM002G01<\/p>\n","protected":false},"featured_media":43068,"comment_status":"open","ping_status":"closed","template":"","meta":[],"product_brand":[],"product_cat":[32],"product_tag":[],"class_list":{"0":"post-34353","1":"product","2":"type-product","3":"status-publish","4":"has-post-thumbnail","6":"product_cat-uncategorized-fi","8":"first","9":"instock","10":"shipping-taxable","11":"purchasable","12":"product-type-simple"},"_links":{"self":[{"href":"https:\/\/nordicmart.andreevmaster.com\/fi\/wp-json\/wp\/v2\/product\/34353","targetHints":{"allow":["GET"]}}],"collection":[{"href":"https:\/\/nordicmart.andreevmaster.com\/fi\/wp-json\/wp\/v2\/product"}],"about":[{"href":"https:\/\/nordicmart.andreevmaster.com\/fi\/wp-json\/wp\/v2\/types\/product"}],"replies":[{"embeddable":true,"href":"https:\/\/nordicmart.andreevmaster.com\/fi\/wp-json\/wp\/v2\/comments?post=34353"}],"wp:featuredmedia":[{"embeddable":true,"href":"https:\/\/nordicmart.andreevmaster.com\/fi\/wp-json\/wp\/v2\/media\/43068"}],"wp:attachment":[{"href":"https:\/\/nordicmart.andreevmaster.com\/fi\/wp-json\/wp\/v2\/media?parent=34353"}],"wp:term":[{"taxonomy":"product_brand","embeddable":true,"href":"https:\/\/nordicmart.andreevmaster.com\/fi\/wp-json\/wp\/v2\/product_brand?post=34353"},{"taxonomy":"product_cat","embeddable":true,"href":"https:\/\/nordicmart.andreevmaster.com\/fi\/wp-json\/wp\/v2\/product_cat?post=34353"},{"taxonomy":"product_tag","embeddable":true,"href":"https:\/\/nordicmart.andreevmaster.com\/fi\/wp-json\/wp\/v2\/product_tag?post=34353"}],"curies":[{"name":"wp","href":"https:\/\/api.w.org\/{rel}","templated":true}]}}