{"id":34349,"date":"2026-02-27T00:25:21","date_gmt":"2026-02-27T00:25:21","guid":{"rendered":"https:\/\/nordicmart.andreevmaster.com\/product\/lotta-latte-vaippapoyta\/"},"modified":"2026-02-27T09:45:01","modified_gmt":"2026-02-27T09:45:01","slug":"lotta-latte-vaippapoyta","status":"publish","type":"product","link":"https:\/\/nordicmart.andreevmaster.com\/fi\/tuote\/lotta-latte-vaippapoyta\/","title":{"rendered":"Lotta latte -vaippap\u00f6yt\u00e4"},"content":{"rendered":"<p>Vauvanhoitop\u00f6yt\u00e4 on elementti, jota ilman yksik\u00e4\u00e4n \u00e4iti tai lastenhuone ei voi tulla toimeen. Se on turvallinen, kodikas ja mukava paikka, joka helpottaa lapsen hoitoa ja vaippojen vaihtoa. Se sopii t\u00e4ydellisesti saman sarjan lipastoon, mink\u00e4 ansiosta sen k\u00e4ytt\u00f6 on eritt\u00e4in turvallista. Vauvanhoitop\u00f6yt\u00e4 laajentaa lipaston yl\u00e4osan pintaa, mink\u00e4 ansiosta lapsi on turvassa ja kaikki hoitotuotteet ovat k\u00e4den ulottuvilla.\u00a0Rajoittavat reunat ovat toinen vaippap\u00f6yd\u00e4n turvallisuuteen vaikuttava elementti.<br \/>\nLis\u00e4ksi sek\u00e4 kokoaminen ett\u00e4 purkaminen ovat eritt\u00e4in yksinkertaisia ja nopeita, eik\u00e4 vaippap\u00f6yd\u00e4n irrottaminen j\u00e4t\u00e4 j\u00e4lki\u00e4 lipastoon.<br \/>\nLipaston ja vauvanvaippap\u00f6yd\u00e4n t\u00e4ydellisen sopivuuden ansiosta molemmat huonekalut n\u00e4ytt\u00e4v\u00e4t yhdess\u00e4 todella tyylikk\u00e4ilt\u00e4.<\/p>\n<p>T\u00e4rkeimm\u00e4t edut:<br \/>\n&#8211; t\u00e4ytt\u00e4\u00e4 eurooppalaiset standardit ja turvallisuusvaatimukset<br \/>\n&#8211; voidaan kiinnitt\u00e4\u00e4 lipaston vasemmalle, oikealle tai keskelle<\/p>\n<p>Mitat (cm):<br \/>\npituus: 75,8<br \/>\nleveys: 59,6<br \/>\nkorkeus: 8<\/p>\n<p>Lis\u00e4tietoja:<br \/>\n&#8211; hoitop\u00f6yt\u00e4 voidaan varustaa tekstiilisis\u00e4kkeill\u00e4\/matoilla, joiden enimm\u00e4ismitat ovat 56 cm x 75 cm<br \/>\n-lapsen enimm\u00e4ispaino: 15 kg<\/p>\n<p>Huonekalujen valmistus ja viimeistely:<br \/>\n&#8211; hoitop\u00f6yt\u00e4 on valmistettu korkealaatuisesta laminoidusta levyst\u00e4, joka kest\u00e4\u00e4 vaurioita ja kosteutta ja on helppo pit\u00e4\u00e4 puhtaana<br \/>\nV\u00e4rit:<br \/>\n&#8211; hoitop\u00f6yt\u00e4 on latte-v\u00e4rinen, mattapintainen<\/p>\n<p>K\u00e4ytt\u00f6ohjeet:<br \/>\nHuonekalut tulee puhdistaa pehme\u00e4ll\u00e4, vedell\u00e4 tai huonekalujen hoitoon tarkoitetulla tuotteella kostutetulla puuvillakankaalla.<\/p>\n<p>Lis\u00e4tietoja:<br \/>\nHuonekalut toimitetaan pakkauksissa, jotka on tarkoitettu itse koottaviksi. Pakkaukset sis\u00e4lt\u00e4v\u00e4t yksityiskohtaiset asennusohjeet sek\u00e4 tarvikkeet (ruuvit jne.).<\/p>\n","protected":false},"excerpt":{"rendered":"<p>Vauvanhoitop\u00f6yt\u00e4 on elementti, jota ilman yksik\u00e4\u00e4n \u00e4iti tai lastenhuone ei voi tulla toimeen. Se on turvallinen, kodikas ja mukava paikka, joka helpottaa lapsen hoitoa ja vaippojen vaihtoa. Se sopii t\u00e4ydellisesti saman sarjan lipastoon, mink\u00e4 ansiosta sen k\u00e4ytt\u00f6 on eritt\u00e4in turvallista. Vauvanhoitop\u00f6yt\u00e4 laajentaa lipaston yl\u00e4osan pintaa, mink\u00e4 ansiosta lapsi on turvassa ja kaikki hoitotuotteet ovat k\u00e4den [&hellip;]<\/p>\n","protected":false},"featured_media":0,"comment_status":"open","ping_status":"closed","template":"","meta":[],"product_brand":[],"product_cat":[32],"product_tag":[],"class_list":{"0":"post-34349","1":"product","2":"type-product","3":"status-publish","5":"product_cat-uncategorized-fi","7":"first","8":"instock","9":"shipping-taxable","10":"purchasable","11":"product-type-simple"},"_links":{"self":[{"href":"https:\/\/nordicmart.andreevmaster.com\/fi\/wp-json\/wp\/v2\/product\/34349","targetHints":{"allow":["GET"]}}],"collection":[{"href":"https:\/\/nordicmart.andreevmaster.com\/fi\/wp-json\/wp\/v2\/product"}],"about":[{"href":"https:\/\/nordicmart.andreevmaster.com\/fi\/wp-json\/wp\/v2\/types\/product"}],"replies":[{"embeddable":true,"href":"https:\/\/nordicmart.andreevmaster.com\/fi\/wp-json\/wp\/v2\/comments?post=34349"}],"wp:attachment":[{"href":"https:\/\/nordicmart.andreevmaster.com\/fi\/wp-json\/wp\/v2\/media?parent=34349"}],"wp:term":[{"taxonomy":"product_brand","embeddable":true,"href":"https:\/\/nordicmart.andreevmaster.com\/fi\/wp-json\/wp\/v2\/product_brand?post=34349"},{"taxonomy":"product_cat","embeddable":true,"href":"https:\/\/nordicmart.andreevmaster.com\/fi\/wp-json\/wp\/v2\/product_cat?post=34349"},{"taxonomy":"product_tag","embeddable":true,"href":"https:\/\/nordicmart.andreevmaster.com\/fi\/wp-json\/wp\/v2\/product_tag?post=34349"}],"curies":[{"name":"wp","href":"https:\/\/api.w.org\/{rel}","templated":true}]}}