{"id":34345,"date":"2026-02-27T00:25:20","date_gmt":"2026-02-27T00:25:20","guid":{"rendered":"https:\/\/nordicmart.andreevmaster.com\/product\/lotta-latte-lipasto\/"},"modified":"2026-02-27T09:45:00","modified_gmt":"2026-02-27T09:45:00","slug":"lotta-latte-lipasto","status":"publish","type":"product","link":"https:\/\/nordicmart.andreevmaster.com\/fi\/tuote\/lotta-latte-lipasto\/","title":{"rendered":"Lotta latte -lipasto"},"content":{"rendered":"<p>S\u00e4ngyn j\u00e4lkeen se on toiseksi t\u00e4rkein huonekalu lastenhuoneessa. Osana Lotta-mallistoa esittelemme tilavan kolmilokeroisen lipaston. Se sopii t\u00e4ydellisesti saman malliston s\u00e4nkyyn, on samanpituinen ja tarjoaa tilaa lasten t\u00e4rkeimmille tarvikkeille. Lipaston p\u00e4\u00e4lle voidaan asentaa saman malliston vauvanhoitop\u00f6yt\u00e4, joka voidaan sijoittaa lipaston oikealle, vasemmalle tai keskelle.<br \/>\nT\u00e4rkeimm\u00e4t edut:<br \/>\n&#8211; kolme tilavaa laatikkoa<br \/>\n&#8211; voidaan varustaa vauvanhoitop\u00f6yd\u00e4ll\u00e4<br \/>\n&#8211; mahdollisuus kiinnitt\u00e4\u00e4 sein\u00e4\u00e4n<br \/>\n&#8211; t\u00e4ytt\u00e4\u00e4 eurooppalaiset standardit ja turvallisuusvaatimukset<\/p>\n<p>Mitat (cm):<br \/>\nkorkeus: 91<br \/>\nsyvyys: 50<br \/>\nleveys: 107<\/p>\n<p>Huonekalujen valmistus ja viimeistely:<br \/>\n&#8211; huonekalujen runko on valmistettu korkealaatuisesta lastulevyst\u00e4<br \/>\n&#8211; runko on asetettu tammipuusta valmistetulle alustalle, joka on lakattu v\u00e4ritt\u00f6m\u00e4ll\u00e4, lapsille turvallisella maalilla<br \/>\n&#8211; Blum-valmistajan valmistamat liukukiskot on varustettu j\u00e4rjestelm\u00e4ll\u00e4, joka hidastaa laatikoiden sulkeutumista <\/p>\n<p>V\u00e4rit:<br \/>\n&#8211; huonekalujen runko on latte, mattapintainen<br \/>\n&#8211; pohja on valmistettu tammesta<\/p>\n<p>K\u00e4ytt\u00f6ohjeet:<br \/>\nHuonekalut tulee puhdistaa pehme\u00e4ll\u00e4, vedell\u00e4 tai huonekalujen hoitoon tarkoitetulla tuotteella kostutetulla puuvillakankaalla.Lis\u00e4tietoja: Huonekalut toimitetaan pakkauksissa, jotka on tarkoitettu itse koottaviksi. Pakkaukset sis\u00e4lt\u00e4v\u00e4t yksityiskohtaiset asennusohjeet sek\u00e4 tarvikkeet (ruuvit jne.).<\/p>\n","protected":false},"excerpt":{"rendered":"<p>S\u00e4ngyn j\u00e4lkeen se on toiseksi t\u00e4rkein huonekalu lastenhuoneessa. Osana Lotta-mallistoa esittelemme tilavan kolmilokeroisen lipaston. Se sopii t\u00e4ydellisesti saman malliston s\u00e4nkyyn, on samanpituinen ja tarjoaa tilaa lasten t\u00e4rkeimmille tarvikkeille. Lipaston p\u00e4\u00e4lle voidaan asentaa saman malliston vauvanhoitop\u00f6yt\u00e4, joka voidaan sijoittaa lipaston oikealle, vasemmalle tai keskelle. T\u00e4rkeimm\u00e4t edut: &#8211; kolme tilavaa laatikkoa &#8211; voidaan varustaa vauvanhoitop\u00f6yd\u00e4ll\u00e4 &#8211; mahdollisuus [&hellip;]<\/p>\n","protected":false},"featured_media":0,"comment_status":"open","ping_status":"closed","template":"","meta":[],"product_brand":[],"product_cat":[32],"product_tag":[],"class_list":{"0":"post-34345","1":"product","2":"type-product","3":"status-publish","5":"product_cat-uncategorized-fi","7":"first","8":"instock","9":"shipping-taxable","10":"product-type-simple"},"_links":{"self":[{"href":"https:\/\/nordicmart.andreevmaster.com\/fi\/wp-json\/wp\/v2\/product\/34345","targetHints":{"allow":["GET"]}}],"collection":[{"href":"https:\/\/nordicmart.andreevmaster.com\/fi\/wp-json\/wp\/v2\/product"}],"about":[{"href":"https:\/\/nordicmart.andreevmaster.com\/fi\/wp-json\/wp\/v2\/types\/product"}],"replies":[{"embeddable":true,"href":"https:\/\/nordicmart.andreevmaster.com\/fi\/wp-json\/wp\/v2\/comments?post=34345"}],"wp:attachment":[{"href":"https:\/\/nordicmart.andreevmaster.com\/fi\/wp-json\/wp\/v2\/media?parent=34345"}],"wp:term":[{"taxonomy":"product_brand","embeddable":true,"href":"https:\/\/nordicmart.andreevmaster.com\/fi\/wp-json\/wp\/v2\/product_brand?post=34345"},{"taxonomy":"product_cat","embeddable":true,"href":"https:\/\/nordicmart.andreevmaster.com\/fi\/wp-json\/wp\/v2\/product_cat?post=34345"},{"taxonomy":"product_tag","embeddable":true,"href":"https:\/\/nordicmart.andreevmaster.com\/fi\/wp-json\/wp\/v2\/product_tag?post=34345"}],"curies":[{"name":"wp","href":"https:\/\/api.w.org\/{rel}","templated":true}]}}