{"id":34343,"date":"2026-02-27T00:25:19","date_gmt":"2026-02-27T00:25:19","guid":{"rendered":"https:\/\/nordicmart.andreevmaster.com\/product\/lotta-kirjoituspoyta-latte\/"},"modified":"2026-02-27T09:45:00","modified_gmt":"2026-02-27T09:45:00","slug":"lotta-kirjoituspoyta-latte","status":"publish","type":"product","link":"https:\/\/nordicmart.andreevmaster.com\/fi\/tuote\/lotta-kirjoituspoyta-latte\/","title":{"rendered":"Lotta-kirjoitusp\u00f6yt\u00e4 latte"},"content":{"rendered":"<p>Kirjoitusp\u00f6yt\u00e4 on suunniteltu huolellisesti yksityiskohtia silm\u00e4ll\u00e4 pit\u00e4en, ja sen yksinkertainen muotoilu on minimalistinen. Siin\u00e4 on kaksi tilavaa laatikkoa, p\u00f6yt\u00e4levyn reunat ja reik\u00e4 kaapeleiden sijoittamista varten, joiden ansiosta voit pit\u00e4\u00e4 p\u00f6yt\u00e4si j\u00e4rjestyksess\u00e4 ja v\u00e4ltt\u00e4\u00e4 kaapeleiden sekamelskan.<br \/>\nT\u00e4rkeimm\u00e4t ominaisuudet ja edut:<br \/>\n&#8211; 2 tilavaa laatikkoa kiskoilla<br \/>\n&#8211; ty\u00f6p\u00f6yd\u00e4n reunat est\u00e4v\u00e4t esineiden putoamisen<br \/>\n&#8211; varustettu kaapelien sijoitusaukolla<br \/>\nMitat (cm):<br \/>\nkorkeus: 76<br \/>\nty\u00f6p\u00f6yd\u00e4n korkeus rajoittimella: 86<br \/>\nsyvyys: 60,5<br \/>\nleveys: 120,2<\/p>\n<p>Huonekalujen valmistus ja viimeistely:<br \/>\n&#8211; huonekalun runko on valmistettu korkealaatuisesta laminaattilevyst\u00e4, joka kest\u00e4\u00e4 vaurioita ja kosteutta ja on helppo pit\u00e4\u00e4 puhtaana<br \/>\n&#8211; laatikoiden etuosat ja p\u00f6yd\u00e4n sivut on valmistettu korkealaatuisesta laminaattilevyst\u00e4, joka kest\u00e4\u00e4 kulutusta ja kosteutta ja on helppo puhdistaa ja huoltaa<br \/>\n&#8211; huonekalun rungon pohja on valmistettu tammipuusta ja kiristyslangasta<\/p>\n<p>V\u00e4rit:<br \/>\n&#8211; ty\u00f6p\u00f6yt\u00e4 on latte-v\u00e4rinen ja mattapintainen<br \/>\n&#8211; jalusta (puujalat) on valmistettu tammesta, kiristyslanka on musta<\/p>\n<p>K\u00e4ytt\u00f6ohjeet:<br \/>\nHuonekalut tulee puhdistaa pehme\u00e4ll\u00e4, vedell\u00e4 kostutetulla puuvillakankaalla tai huonekalujen hoitoon tarkoitetulla tuotteella.Lis\u00e4tietoja: Huonekalu toimitetaan pakkauksissa, jotka on tarkoitettu itse koottaviksi. Pakkaukset sis\u00e4lt\u00e4v\u00e4t yksityiskohtaiset asennusohjeet sek\u00e4 tarvikkeet (ruuvit jne.).<\/p>\n","protected":false},"excerpt":{"rendered":"<p>Kirjoitusp\u00f6yt\u00e4 on suunniteltu huolellisesti yksityiskohtia silm\u00e4ll\u00e4 pit\u00e4en, ja sen yksinkertainen muotoilu on minimalistinen. Siin\u00e4 on kaksi tilavaa laatikkoa, p\u00f6yt\u00e4levyn reunat ja reik\u00e4 kaapeleiden sijoittamista varten, joiden ansiosta voit pit\u00e4\u00e4 p\u00f6yt\u00e4si j\u00e4rjestyksess\u00e4 ja v\u00e4ltt\u00e4\u00e4 kaapeleiden sekamelskan. T\u00e4rkeimm\u00e4t ominaisuudet ja edut: &#8211; 2 tilavaa laatikkoa kiskoilla &#8211; ty\u00f6p\u00f6yd\u00e4n reunat est\u00e4v\u00e4t esineiden putoamisen &#8211; varustettu kaapelien sijoitusaukolla Mitat [&hellip;]<\/p>\n","protected":false},"featured_media":0,"comment_status":"open","ping_status":"closed","template":"","meta":[],"product_brand":[],"product_cat":[32],"product_tag":[],"class_list":{"0":"post-34343","1":"product","2":"type-product","3":"status-publish","5":"product_cat-uncategorized-fi","7":"first","8":"instock","9":"shipping-taxable","10":"purchasable","11":"product-type-simple"},"_links":{"self":[{"href":"https:\/\/nordicmart.andreevmaster.com\/fi\/wp-json\/wp\/v2\/product\/34343","targetHints":{"allow":["GET"]}}],"collection":[{"href":"https:\/\/nordicmart.andreevmaster.com\/fi\/wp-json\/wp\/v2\/product"}],"about":[{"href":"https:\/\/nordicmart.andreevmaster.com\/fi\/wp-json\/wp\/v2\/types\/product"}],"replies":[{"embeddable":true,"href":"https:\/\/nordicmart.andreevmaster.com\/fi\/wp-json\/wp\/v2\/comments?post=34343"}],"wp:attachment":[{"href":"https:\/\/nordicmart.andreevmaster.com\/fi\/wp-json\/wp\/v2\/media?parent=34343"}],"wp:term":[{"taxonomy":"product_brand","embeddable":true,"href":"https:\/\/nordicmart.andreevmaster.com\/fi\/wp-json\/wp\/v2\/product_brand?post=34343"},{"taxonomy":"product_cat","embeddable":true,"href":"https:\/\/nordicmart.andreevmaster.com\/fi\/wp-json\/wp\/v2\/product_cat?post=34343"},{"taxonomy":"product_tag","embeddable":true,"href":"https:\/\/nordicmart.andreevmaster.com\/fi\/wp-json\/wp\/v2\/product_tag?post=34343"}],"curies":[{"name":"wp","href":"https:\/\/api.w.org\/{rel}","templated":true}]}}