{"id":34342,"date":"2026-02-27T00:25:19","date_gmt":"2026-02-27T00:25:19","guid":{"rendered":"https:\/\/nordicmart.andreevmaster.com\/product\/lotta-horizon-poydan-jatke\/"},"modified":"2026-02-27T09:45:00","modified_gmt":"2026-02-27T09:45:00","slug":"lotta-horizon-poydan-jatke","status":"publish","type":"product","link":"https:\/\/nordicmart.andreevmaster.com\/fi\/tuote\/lotta-horizon-poydan-jatke\/","title":{"rendered":"Lotta Horizon -p\u00f6yd\u00e4n jatke"},"content":{"rendered":"<p>Lotta-p\u00f6yd\u00e4n jatke on t\u00e4ydellinen lis\u00e4 kaikille, jotka haluavat parantaa ty\u00f6pisteens\u00e4 mukavuutta, toimivuutta ja esteettisyytt\u00e4. I\u00e4st\u00e4 riippumatta \u2013 olipa kyseess\u00e4 lapset, teini-ik\u00e4iset tai aikuiset \u2013 jokainen l\u00f6yt\u00e4\u00e4 siit\u00e4 jotain itselleen. \u00a0 T\u00e4rkeimm\u00e4t ominaisuudet:<\/p>\n<p>&#8211; Ergonomia ja ty\u00f6viihtyvyys: Auttaa nostamaan n\u00e4yt\u00f6n silmien tasalle, mik\u00e4 v\u00e4hent\u00e4\u00e4 merkitt\u00e4v\u00e4sti pitk\u00e4kestoiseen tietokoneen k\u00e4ytt\u00f6\u00f6n liittyvien vaivojen, kuten niska- tai selk\u00e4kipujen, riski\u00e4. Oikean ryhdin edist\u00e4minen voi my\u00f6s v\u00e4hent\u00e4\u00e4 v\u00e4symyst\u00e4, mik\u00e4 on erityisen t\u00e4rke\u00e4\u00e4 lapsille ja nuorille opiskelun aikana sek\u00e4 aikuisille, jotka viett\u00e4v\u00e4t paljon aikaa ty\u00f6p\u00f6yd\u00e4n \u00e4\u00e4ress\u00e4.- Lis\u00e4\u00e4ntynyt ty\u00f6tila: Hyllyn tarjoaman lis\u00e4tilan ansiosta ty\u00f6p\u00f6yd\u00e4n tilaa on helpompi hallita. Se on ihanteellinen ratkaisu pieniin toimisto- tai koulutarvikkeisiin, kuten muistikirjoihin, kynisiin tai \u00e4lypuhelimiin, ja tekee ty\u00f6tilasta j\u00e4rjestyksellisemm\u00e4n ja toimivamman.- Helppo asennus ja monipuolisuus: Lotta-kirjahylly erottuu paitsi ergonomisuudellaan ja esteettisyydell\u00e4\u00e4n my\u00f6s sen, ett\u00e4 se on helppo asentaa ilman, ett\u00e4 ty\u00f6p\u00f6yt\u00e4\u00e4n tarvitsee porata reiki\u00e4. Asennus on helppoa ja nopeaa, eik\u00e4 se j\u00e4t\u00e4 j\u00e4lki\u00e4. Se sopii kaikkiin t\u00e4m\u00e4n sarjan ty\u00f6p\u00f6yt\u00e4malleihin, mik\u00e4 takaa monipuolisen k\u00e4yt\u00f6n. Lis\u00e4ksi korokkeessa on k\u00e4yt\u00e4nn\u00f6llinen kaapelireik\u00e4, joka helpottaa kaapelien j\u00e4rjest\u00e4mist\u00e4 ja pit\u00e4\u00e4 ty\u00f6p\u00f6yd\u00e4n siistin\u00e4.- Muotoilu ja esteettisyys: Lotta-kirjoitusp\u00f6yd\u00e4n hylly on moderni, ja se sopii hyvin erilaisiin sisustuksiin, lastenhuoneesta teini-ik\u00e4isen huoneeseen ja aikuisten kotitoimistoon. <\/p>\n<p>Materiaali ja viimeistely:<br \/>\n&#8211; Laminoitu levy <\/p>\n<p>Mitat:<\/p>\n<p>Korkeus: 11,8 cm<br \/>\nSyvyys: 20 cm<br \/>\nLeveys: 120 cm <\/p>\n<p>Saatavilla olevat v\u00e4rit:<br \/>\n-Lumiharmaa<br \/>\n-Salvia<br \/>\n-Auringonlasku<br \/>\n-Horizon <\/p>\n<p>Hoito-ohjeet:<br \/>\nHuonekalut tulee pyyhki\u00e4 pehme\u00e4ll\u00e4, vedell\u00e4 kostutetulla puuvillakankaalla tai huonekalujen hoitoaineella, jotta ne s\u00e4ilytt\u00e4v\u00e4t kauneutensa ja kest\u00e4vyytens\u00e4 vuosien ajan.<\/p>\n<p>Lis\u00e4tietoja:<br \/>\nHuonekalut toimitetaan itse koottavina paketteina, joissa on helppotajuiset ohjeet ja tarvittavat tarvikkeet.<\/p>\n","protected":false},"excerpt":{"rendered":"<p>Lotta-p\u00f6yd\u00e4n jatke on t\u00e4ydellinen lis\u00e4 kaikille, jotka haluavat parantaa ty\u00f6pisteens\u00e4 mukavuutta, toimivuutta ja esteettisyytt\u00e4. I\u00e4st\u00e4 riippumatta \u2013 olipa kyseess\u00e4 lapset, teini-ik\u00e4iset tai aikuiset \u2013 jokainen l\u00f6yt\u00e4\u00e4 siit\u00e4 jotain itselleen. \u00a0 T\u00e4rkeimm\u00e4t ominaisuudet: &#8211; Ergonomia ja ty\u00f6viihtyvyys: Auttaa nostamaan n\u00e4yt\u00f6n silmien tasalle, mik\u00e4 v\u00e4hent\u00e4\u00e4 merkitt\u00e4v\u00e4sti pitk\u00e4kestoiseen tietokoneen k\u00e4ytt\u00f6\u00f6n liittyvien vaivojen, kuten niska- tai selk\u00e4kipujen, riski\u00e4. Oikean [&hellip;]<\/p>\n","protected":false},"featured_media":0,"comment_status":"open","ping_status":"closed","template":"","meta":[],"product_brand":[],"product_cat":[32],"product_tag":[],"class_list":{"0":"post-34342","1":"product","2":"type-product","3":"status-publish","5":"product_cat-uncategorized-fi","7":"first","8":"instock","9":"shipping-taxable","10":"purchasable","11":"product-type-simple"},"_links":{"self":[{"href":"https:\/\/nordicmart.andreevmaster.com\/fi\/wp-json\/wp\/v2\/product\/34342","targetHints":{"allow":["GET"]}}],"collection":[{"href":"https:\/\/nordicmart.andreevmaster.com\/fi\/wp-json\/wp\/v2\/product"}],"about":[{"href":"https:\/\/nordicmart.andreevmaster.com\/fi\/wp-json\/wp\/v2\/types\/product"}],"replies":[{"embeddable":true,"href":"https:\/\/nordicmart.andreevmaster.com\/fi\/wp-json\/wp\/v2\/comments?post=34342"}],"wp:attachment":[{"href":"https:\/\/nordicmart.andreevmaster.com\/fi\/wp-json\/wp\/v2\/media?parent=34342"}],"wp:term":[{"taxonomy":"product_brand","embeddable":true,"href":"https:\/\/nordicmart.andreevmaster.com\/fi\/wp-json\/wp\/v2\/product_brand?post=34342"},{"taxonomy":"product_cat","embeddable":true,"href":"https:\/\/nordicmart.andreevmaster.com\/fi\/wp-json\/wp\/v2\/product_cat?post=34342"},{"taxonomy":"product_tag","embeddable":true,"href":"https:\/\/nordicmart.andreevmaster.com\/fi\/wp-json\/wp\/v2\/product_tag?post=34342"}],"curies":[{"name":"wp","href":"https:\/\/api.w.org\/{rel}","templated":true}]}}