{"id":34340,"date":"2026-02-27T00:25:19","date_gmt":"2026-02-27T00:25:19","guid":{"rendered":"https:\/\/nordicmart.andreevmaster.com\/product\/lotta-lumivaatekaappi\/"},"modified":"2026-02-27T09:44:59","modified_gmt":"2026-02-27T09:44:59","slug":"lotta-lumivaatekaappi","status":"publish","type":"product","link":"https:\/\/nordicmart.andreevmaster.com\/fi\/tuote\/lotta-lumivaatekaappi\/","title":{"rendered":"Lotta-lumivaatekaappi"},"content":{"rendered":"<p>Kaksiovinen, tilava vaatekaappi on v\u00e4ltt\u00e4m\u00e4t\u00f6n osa lastenhuoneen kalustusta. Vaatekaappi on jaettu kahteen osaan: vaatehyllyyn ja tilaviin hyllyihin. Vaatekaappi toimitetaan t\u00e4ydellisen\u00e4, ja siihen kuuluu erillinen laatikko, joka on vaatekaapin alla. **T\u00e4rkeimm\u00e4t edut:**<br \/>\n&#8211; tilava laatikko<br \/>\n&#8211; 4 hylly\u00e4 sis\u00e4ll\u00e4, joista 3 on sijoitettavissa (vaatekaapin vasen puoli), yksi vaatekaapin levyinen hylly; vaatehylly ja sen alla: yksi sijoitettavissa oleva hylly (vaatekaapin oikea puoli)<br \/>\n&#8211; mahdollisuus kiinnitt\u00e4\u00e4 sein\u00e4\u00e4n<br \/>\n&#8211; t\u00e4ytt\u00e4\u00e4 eurooppalaiset standardit ja turvallisuusvaatimukset<\/p>\n<p>**Mitat (cm):**<br \/>\nkorkeus: 203<br \/>\nsyvyys: 50<br \/>\nleveys: 117<br \/>\n**<br \/>\nHuonekalujen valmistus ja viimeistely:**<br \/>\n&#8211; huonekalun runko on valmistettu korkealaatuisesta laminoidusta levyst\u00e4, joka kest\u00e4\u00e4 vaurioita ja kosteutta ja on helppo pit\u00e4\u00e4 puhtaana<br \/>\n&#8211; huonekalun rungon pohja on valmistettu tammipuusta<br \/>\n&#8211; Blum-valmistajan valmistamat liukukiskot on varustettu j\u00e4rjestelm\u00e4ll\u00e4, joka hidastaa laatikoiden sulkeutumista<br \/>\n&#8211; vaatekaapin ovet avautuvat &#8221;push to open&#8221; -j\u00e4rjestelm\u00e4ll\u00e4<\/p>\n<p>**V\u00e4rit:**<br \/>\n&#8211; huonekalujen runko on lumivalkoinen, mattapintainen<br \/>\n&#8211; pohja (puujalat) on valmistettu tammesta<\/p>\n<p>**K\u00e4ytt\u00f6ohjeet:**<br \/>\nHuonekalut tulee puhdistaa pehme\u00e4ll\u00e4, vedell\u00e4 tai huonekalujen hoitoon tarkoitetulla tuotteella kostutetulla puuvillakankaalla.<\/p>\n<p>**Lis\u00e4tietoja:**<br \/>\nHuonekalut toimitetaan pakkauksissa, jotka on tarkoitettu itse koottaviksi. Paketit sis\u00e4lt\u00e4v\u00e4t yksityiskohtaiset kokoonpano-ohjeet sek\u00e4 tarvikkeet (ruuvit jne.).<\/p>\n","protected":false},"excerpt":{"rendered":"<p>Kaksiovinen, tilava vaatekaappi on v\u00e4ltt\u00e4m\u00e4t\u00f6n osa lastenhuoneen kalustusta. Vaatekaappi on jaettu kahteen osaan: vaatehyllyyn ja tilaviin hyllyihin. Vaatekaappi toimitetaan t\u00e4ydellisen\u00e4, ja siihen kuuluu erillinen laatikko, joka on vaatekaapin alla. **T\u00e4rkeimm\u00e4t edut:** &#8211; tilava laatikko &#8211; 4 hylly\u00e4 sis\u00e4ll\u00e4, joista 3 on sijoitettavissa (vaatekaapin vasen puoli), yksi vaatekaapin levyinen hylly; vaatehylly ja sen alla: yksi sijoitettavissa [&hellip;]<\/p>\n","protected":false},"featured_media":0,"comment_status":"open","ping_status":"closed","template":"","meta":[],"product_brand":[],"product_cat":[32],"product_tag":[],"class_list":{"0":"post-34340","1":"product","2":"type-product","3":"status-publish","5":"product_cat-uncategorized-fi","7":"first","8":"instock","9":"shipping-taxable","10":"purchasable","11":"product-type-simple"},"_links":{"self":[{"href":"https:\/\/nordicmart.andreevmaster.com\/fi\/wp-json\/wp\/v2\/product\/34340","targetHints":{"allow":["GET"]}}],"collection":[{"href":"https:\/\/nordicmart.andreevmaster.com\/fi\/wp-json\/wp\/v2\/product"}],"about":[{"href":"https:\/\/nordicmart.andreevmaster.com\/fi\/wp-json\/wp\/v2\/types\/product"}],"replies":[{"embeddable":true,"href":"https:\/\/nordicmart.andreevmaster.com\/fi\/wp-json\/wp\/v2\/comments?post=34340"}],"wp:attachment":[{"href":"https:\/\/nordicmart.andreevmaster.com\/fi\/wp-json\/wp\/v2\/media?parent=34340"}],"wp:term":[{"taxonomy":"product_brand","embeddable":true,"href":"https:\/\/nordicmart.andreevmaster.com\/fi\/wp-json\/wp\/v2\/product_brand?post=34340"},{"taxonomy":"product_cat","embeddable":true,"href":"https:\/\/nordicmart.andreevmaster.com\/fi\/wp-json\/wp\/v2\/product_cat?post=34340"},{"taxonomy":"product_tag","embeddable":true,"href":"https:\/\/nordicmart.andreevmaster.com\/fi\/wp-json\/wp\/v2\/product_tag?post=34340"}],"curies":[{"name":"wp","href":"https:\/\/api.w.org\/{rel}","templated":true}]}}