{"id":34339,"date":"2026-02-27T00:25:18","date_gmt":"2026-02-27T00:25:18","guid":{"rendered":"https:\/\/nordicmart.andreevmaster.com\/product\/lotta-pinette-sanky-90x200-laatikko-lumi\/"},"modified":"2026-02-27T09:44:59","modified_gmt":"2026-02-27T09:44:59","slug":"lotta-pinette-sanky-90x200-laatikko-lumi","status":"publish","type":"product","link":"https:\/\/nordicmart.andreevmaster.com\/fi\/tuote\/lotta-pinette-sanky-90x200-laatikko-lumi\/","title":{"rendered":"Lotta\/ Pinette-s\u00e4nky 90&#215;200 laatikko, lumi"},"content":{"rendered":"<p>Laatikko sopii erinomaisesti vuodevaatteiden s\u00e4ilytykseen, mutta siihen voi my\u00f6s laittaa patjan, jolloin se toimii lis\u00e4vuoteena \u2013 t\u00e4m\u00e4 on loistava ratkaisu sisaruksille tai y\u00f6pymisvieraille. Laatikko on helppo vet\u00e4\u00e4 ulos, jopa lapsille. <\/p>\n<p> T\u00e4rkeimm\u00e4t edut:<br \/>\n &#8211; sopii Pinette 90&#215;200- ja Lotta 90&#215;200-vuoteisiin<br \/>\n&#8211; valmistettu eurooppalaisten turvallisuusstandardien mukaisesti<br \/>\n &#8211; vahvistettu pohja, jota voi k\u00e4ytt\u00e4\u00e4 s\u00e4ilytystilana tai lis\u00e4vuoteena<br \/>\n &#8211; varustettu kumireunuksilla, jotka suojaavat lattiaa<br \/>\n &#8211; saatavana kahdessa v\u00e4riss\u00e4: lumivalkoinen ja neutraali harmaa. <\/p>\n<p> Laatikon mitat (cm):<br \/>\n pituus: 198<br \/>\n leveys: 92<br \/>\n korkeus: 20<\/p>\n<p> Lis\u00e4tietoja:<br \/>\n &#8211; laatikkoon voidaan asentaa patja: 90 x 185. 8 cm:n paksuisella patjalla varustettu laatikko patjalla ja vuodevaatteilla voidaan helposti ty\u00f6nt\u00e4\u00e4 s\u00e4ngyn alle<br \/>\n &#8211; laatikon enimm\u00e4iskuormitus 100 kg<\/p>\n<p> Huonekalujen muotoilu ja viimeistely:<br \/>\n &#8211; huonekalut on valmistettu korkealaatuisesta laminoidusta levyst\u00e4, joka kest\u00e4\u00e4 vaurioita ja kosteutta ja on helppo pit\u00e4\u00e4 puhtaana <\/p>\n<p> V\u00e4rit:<br \/>\n&#8211; lumivalkoinen, mattapintainen<\/p>\n<p>K\u00e4ytt\u00f6ohje:<br \/>\n Huonekalut on pyyhitt\u00e4v\u00e4 pehme\u00e4ll\u00e4, vedell\u00e4 tai huonekalupuhdistusaineella kostutetulla puuvillakankaalla. <\/p>\n<p>Lis\u00e4tietoja:<br \/>\n Huonekalut toimitetaan laatikoissa itse koottavina. Laatikoissa on yksityiskohtainen asennusohje ja tarvittavat tarvikkeet (ruuvit jne.).<\/p>\n","protected":false},"excerpt":{"rendered":"<p>Laatikko sopii erinomaisesti vuodevaatteiden s\u00e4ilytykseen, mutta siihen voi my\u00f6s laittaa patjan, jolloin se toimii lis\u00e4vuoteena \u2013 t\u00e4m\u00e4 on loistava ratkaisu sisaruksille tai y\u00f6pymisvieraille. Laatikko on helppo vet\u00e4\u00e4 ulos, jopa lapsille. T\u00e4rkeimm\u00e4t edut: &#8211; sopii Pinette 90&#215;200- ja Lotta 90&#215;200-vuoteisiin &#8211; valmistettu eurooppalaisten turvallisuusstandardien mukaisesti &#8211; vahvistettu pohja, jota voi k\u00e4ytt\u00e4\u00e4 s\u00e4ilytystilana tai lis\u00e4vuoteena &#8211; varustettu [&hellip;]<\/p>\n","protected":false},"featured_media":0,"comment_status":"open","ping_status":"closed","template":"","meta":[],"product_brand":[],"product_cat":[32],"product_tag":[],"class_list":{"0":"post-34339","1":"product","2":"type-product","3":"status-publish","5":"product_cat-uncategorized-fi","7":"first","8":"instock","9":"shipping-taxable","10":"purchasable","11":"product-type-simple"},"_links":{"self":[{"href":"https:\/\/nordicmart.andreevmaster.com\/fi\/wp-json\/wp\/v2\/product\/34339","targetHints":{"allow":["GET"]}}],"collection":[{"href":"https:\/\/nordicmart.andreevmaster.com\/fi\/wp-json\/wp\/v2\/product"}],"about":[{"href":"https:\/\/nordicmart.andreevmaster.com\/fi\/wp-json\/wp\/v2\/types\/product"}],"replies":[{"embeddable":true,"href":"https:\/\/nordicmart.andreevmaster.com\/fi\/wp-json\/wp\/v2\/comments?post=34339"}],"wp:attachment":[{"href":"https:\/\/nordicmart.andreevmaster.com\/fi\/wp-json\/wp\/v2\/media?parent=34339"}],"wp:term":[{"taxonomy":"product_brand","embeddable":true,"href":"https:\/\/nordicmart.andreevmaster.com\/fi\/wp-json\/wp\/v2\/product_brand?post=34339"},{"taxonomy":"product_cat","embeddable":true,"href":"https:\/\/nordicmart.andreevmaster.com\/fi\/wp-json\/wp\/v2\/product_cat?post=34339"},{"taxonomy":"product_tag","embeddable":true,"href":"https:\/\/nordicmart.andreevmaster.com\/fi\/wp-json\/wp\/v2\/product_tag?post=34339"}],"curies":[{"name":"wp","href":"https:\/\/api.w.org\/{rel}","templated":true}]}}