{"id":34337,"date":"2026-02-27T00:25:18","date_gmt":"2026-02-27T00:25:18","guid":{"rendered":"https:\/\/nordicmart.andreevmaster.com\/product\/lotta-kirjahylly\/"},"modified":"2026-02-27T09:44:59","modified_gmt":"2026-02-27T09:44:59","slug":"lotta-kirjahylly","status":"publish","type":"product","link":"https:\/\/nordicmart.andreevmaster.com\/fi\/tuote\/lotta-kirjahylly\/","title":{"rendered":"Lotta-kirjahylly"},"content":{"rendered":"<p>Hyllykk\u00f6, johon mahtuu kaikki lapsen aarteet, lelut ja kirjat, on v\u00e4ltt\u00e4m\u00e4t\u00f6n lis\u00e4varuste lastenhuoneeseen. Hyllyjen sijoitus, joka mahdollistaa p\u00e4\u00e4syn hyllyille my\u00f6s pienimmille lapsille, on t\u00e4m\u00e4n hyllyk\u00f6n suuri etu. T\u00e4llainen ratkaisu opettaa lapsille tilan j\u00e4rjest\u00e4mist\u00e4 ja siisteytt\u00e4. Hyllykk\u00f6\u00e4 voidaan k\u00e4ytt\u00e4\u00e4 my\u00f6s vaatekaapina, sill\u00e4 pienill\u00e4 ovilla suljettavat hyllyt peitt\u00e4v\u00e4t niiden sis\u00e4ll\u00f6n.**T\u00e4rkeimm\u00e4t edut:**<br \/>\n&#8211; 2 avattavaa kaappia<br \/>\n&#8211; eri levyiset hyllyt helpottavat tilan j\u00e4rjest\u00e4mist\u00e4<br \/>\n&#8211; hyllyihin p\u00e4\u00e4see helposti k\u00e4siksi, jopa pienimm\u00e4t lapset<br \/>\n&#8211; mahdollisuus kiinnitt\u00e4\u00e4 sein\u00e4\u00e4n<br \/>\n&#8211; t\u00e4ytt\u00e4\u00e4 eurooppalaiset standardit ja turvallisuusvaatimukset<\/p>\n<p>**Mitat (cm):**<br \/>\nkorkeus: 167<br \/>\nsyvyys: 39<br \/>\nleveys: 103<\/p>\n<p>**V\u00e4rit:**<br \/>\n&#8211; huonekalun runko on lumivalkoinen, mattapintainen<br \/>\n&#8211; jalusta (puujalat) on valmistettu tammesta<\/p>\n<p>**K\u00e4ytt\u00f6ohjeet:**<br \/>\nHuonekalu tulee puhdistaa pehme\u00e4ll\u00e4, vedell\u00e4 tai huonekalujen hoitoon tarkoitetulla tuotteella kostutetulla puuvillakankaalla.<\/p>\n<p>**Lis\u00e4tietoja:**<br \/>\nHuonekalut toimitetaan pakkauksissa, jotka on tarkoitettu itse koottaviksi. Pakkaukset sis\u00e4lt\u00e4v\u00e4t yksityiskohtaiset kokoamisohjeet sek\u00e4 tarvikkeet (ruuvit jne.).<\/p>\n","protected":false},"excerpt":{"rendered":"<p>Hyllykk\u00f6, johon mahtuu kaikki lapsen aarteet, lelut ja kirjat, on v\u00e4ltt\u00e4m\u00e4t\u00f6n lis\u00e4varuste lastenhuoneeseen. Hyllyjen sijoitus, joka mahdollistaa p\u00e4\u00e4syn hyllyille my\u00f6s pienimmille lapsille, on t\u00e4m\u00e4n hyllyk\u00f6n suuri etu. T\u00e4llainen ratkaisu opettaa lapsille tilan j\u00e4rjest\u00e4mist\u00e4 ja siisteytt\u00e4. Hyllykk\u00f6\u00e4 voidaan k\u00e4ytt\u00e4\u00e4 my\u00f6s vaatekaapina, sill\u00e4 pienill\u00e4 ovilla suljettavat hyllyt peitt\u00e4v\u00e4t niiden sis\u00e4ll\u00f6n.**T\u00e4rkeimm\u00e4t edut:** &#8211; 2 avattavaa kaappia &#8211; eri [&hellip;]<\/p>\n","protected":false},"featured_media":0,"comment_status":"open","ping_status":"closed","template":"","meta":[],"product_brand":[],"product_cat":[32],"product_tag":[],"class_list":{"0":"post-34337","1":"product","2":"type-product","3":"status-publish","5":"product_cat-uncategorized-fi","7":"first","8":"instock","9":"shipping-taxable","10":"purchasable","11":"product-type-simple"},"_links":{"self":[{"href":"https:\/\/nordicmart.andreevmaster.com\/fi\/wp-json\/wp\/v2\/product\/34337","targetHints":{"allow":["GET"]}}],"collection":[{"href":"https:\/\/nordicmart.andreevmaster.com\/fi\/wp-json\/wp\/v2\/product"}],"about":[{"href":"https:\/\/nordicmart.andreevmaster.com\/fi\/wp-json\/wp\/v2\/types\/product"}],"replies":[{"embeddable":true,"href":"https:\/\/nordicmart.andreevmaster.com\/fi\/wp-json\/wp\/v2\/comments?post=34337"}],"wp:attachment":[{"href":"https:\/\/nordicmart.andreevmaster.com\/fi\/wp-json\/wp\/v2\/media?parent=34337"}],"wp:term":[{"taxonomy":"product_brand","embeddable":true,"href":"https:\/\/nordicmart.andreevmaster.com\/fi\/wp-json\/wp\/v2\/product_brand?post=34337"},{"taxonomy":"product_cat","embeddable":true,"href":"https:\/\/nordicmart.andreevmaster.com\/fi\/wp-json\/wp\/v2\/product_cat?post=34337"},{"taxonomy":"product_tag","embeddable":true,"href":"https:\/\/nordicmart.andreevmaster.com\/fi\/wp-json\/wp\/v2\/product_tag?post=34337"}],"curies":[{"name":"wp","href":"https:\/\/api.w.org\/{rel}","templated":true}]}}