{"id":34333,"date":"2026-02-27T00:25:17","date_gmt":"2026-02-27T00:25:17","guid":{"rendered":"https:\/\/nordicmart.andreevmaster.com\/product\/lotta-snow-junior-bed-90x200-2\/"},"modified":"2026-02-27T09:44:58","modified_gmt":"2026-02-27T09:44:58","slug":"lotta-snow-junior-bed-90x200-2","status":"publish","type":"product","link":"https:\/\/nordicmart.andreevmaster.com\/fi\/tuote\/lotta-snow-junior-bed-90x200-2\/","title":{"rendered":"Lotta snow junior bed 90&#215;200"},"content":{"rendered":"<p>**T\u00e4rkeimm\u00e4t edut:**<br \/>\n-valmistettu eurooppalaisten turvallisuusstandardien mukaisesti<br \/>\n&#8211; klassinen muotoilu- sopii hyvin kaikkiin sisustuksiin<br \/>\n&#8211; vakiomitat- voit helposti sovittaa patjan tai vuodevaatteet<br \/>\n&#8211; s\u00e4nkyyn voidaan asentaa yleisk\u00e4ytt\u00f6inen suojakaide (lis\u00e4varuste)<\/p>\n<p>**Mitat (cm):**<br \/>\npituus: 218,2<br \/>\nleveys: 93,2<br \/>\ns\u00e4ngyn korkeus: 56,6<br \/>\nrungon korkeus: 37<\/p>\n<p>**Lis\u00e4tietoja:**<br \/>\n&#8211; s\u00e4nky sopii patjalle: 90 cm x 200 cm<br \/>\n&#8211; patjan korkeus: min. 12 cm<br \/>\n&#8211; s\u00e4ngyn enimm\u00e4iskuormitus 120 kg<br \/>\n&#8211; tarkoitettu noin 5\u20136-vuotiaille lapsille<\/p>\n<p>**Viimeistely ja valmistustiedot:** &#8211; s\u00e4ngyn runko on valmistettu korkealaatuisesta laminoidusta levyst\u00e4, joka kest\u00e4\u00e4 vaurioita ja kosteutta ja on helppo pit\u00e4\u00e4 puhtaana<br \/>\n&#8211; patjan tukialusta on valmistettu py\u00f6kkivanerista<br \/>\n&#8211; jalat on valmistettu tammipuusta <\/p>\n<p>**V\u00e4rit:** &#8211; huonekalun runko on lumivalkoinen, mattapintainen<br \/>\n&#8211; pohja (puujalat) on valmistettu tammesta<\/p>\n<p>**K\u00e4ytt\u00f6ohjeet:**<br \/>\nHuonekalut tulee puhdistaa pehme\u00e4ll\u00e4, vedell\u00e4 kostutetulla puuvillakankaalla tai huonekalujen hoitoon tarkoitetulla tuotteella. <\/p>\n<p>**Lis\u00e4tietoja:**<br \/>\nHuonekalut toimitetaan pakkauksissa, jotka on tarkoitettu itse koottaviksi. Pakkaukset sis\u00e4lt\u00e4v\u00e4t yksityiskohtaiset asennusohjeet sek\u00e4 tarvikkeet (ruuvit jne.).<\/p>\n","protected":false},"excerpt":{"rendered":"<p>**T\u00e4rkeimm\u00e4t edut:** -valmistettu eurooppalaisten turvallisuusstandardien mukaisesti &#8211; klassinen muotoilu- sopii hyvin kaikkiin sisustuksiin &#8211; vakiomitat- voit helposti sovittaa patjan tai vuodevaatteet &#8211; s\u00e4nkyyn voidaan asentaa yleisk\u00e4ytt\u00f6inen suojakaide (lis\u00e4varuste) **Mitat (cm):** pituus: 218,2 leveys: 93,2 s\u00e4ngyn korkeus: 56,6 rungon korkeus: 37 **Lis\u00e4tietoja:** &#8211; s\u00e4nky sopii patjalle: 90 cm x 200 cm &#8211; patjan korkeus: min. 12 [&hellip;]<\/p>\n","protected":false},"featured_media":0,"comment_status":"open","ping_status":"closed","template":"","meta":[],"product_brand":[],"product_cat":[32],"product_tag":[],"class_list":{"0":"post-34333","1":"product","2":"type-product","3":"status-publish","5":"product_cat-uncategorized-fi","7":"first","8":"instock","9":"shipping-taxable","10":"purchasable","11":"product-type-simple"},"_links":{"self":[{"href":"https:\/\/nordicmart.andreevmaster.com\/fi\/wp-json\/wp\/v2\/product\/34333","targetHints":{"allow":["GET"]}}],"collection":[{"href":"https:\/\/nordicmart.andreevmaster.com\/fi\/wp-json\/wp\/v2\/product"}],"about":[{"href":"https:\/\/nordicmart.andreevmaster.com\/fi\/wp-json\/wp\/v2\/types\/product"}],"replies":[{"embeddable":true,"href":"https:\/\/nordicmart.andreevmaster.com\/fi\/wp-json\/wp\/v2\/comments?post=34333"}],"wp:attachment":[{"href":"https:\/\/nordicmart.andreevmaster.com\/fi\/wp-json\/wp\/v2\/media?parent=34333"}],"wp:term":[{"taxonomy":"product_brand","embeddable":true,"href":"https:\/\/nordicmart.andreevmaster.com\/fi\/wp-json\/wp\/v2\/product_brand?post=34333"},{"taxonomy":"product_cat","embeddable":true,"href":"https:\/\/nordicmart.andreevmaster.com\/fi\/wp-json\/wp\/v2\/product_cat?post=34333"},{"taxonomy":"product_tag","embeddable":true,"href":"https:\/\/nordicmart.andreevmaster.com\/fi\/wp-json\/wp\/v2\/product_tag?post=34333"}],"curies":[{"name":"wp","href":"https:\/\/api.w.org\/{rel}","templated":true}]}}