{"id":34331,"date":"2026-02-27T00:25:16","date_gmt":"2026-02-27T00:25:16","guid":{"rendered":"https:\/\/nordicmart.andreevmaster.com\/product\/lotta-lumisanky-juniorisanky-70x140\/"},"modified":"2026-02-27T09:44:58","modified_gmt":"2026-02-27T09:44:58","slug":"lotta-lumisanky-juniorisanky-70x140","status":"publish","type":"product","link":"https:\/\/nordicmart.andreevmaster.com\/fi\/tuote\/lotta-lumisanky-juniorisanky-70x140\/","title":{"rendered":"Lotta-lumis\u00e4nky\/junioris\u00e4nky 70&#215;140"},"content":{"rendered":"<p>Jokaisen lastenhuoneen p\u00e4\u00e4henkil\u00f6, jota k\u00e4ytet\u00e4\u00e4n nukkumisen lis\u00e4ksi my\u00f6s p\u00e4iv\u00e4unien ja leikkien paikkaan. Lotta-s\u00e4nky t\u00e4ytt\u00e4\u00e4 yksinkertaisuutensa, turvallisuutensa ja monien k\u00e4yt\u00e4nn\u00f6llisten ratkaisujensa ansiosta lapsen perustarpeet ja antaa my\u00f6s itsen\u00e4isyyden ja riippumattomuuden tunteen.<br \/>\nVarustettu tilavalla laatikolla.<br \/>\n**T\u00e4rkeimm\u00e4t edut:**<br \/>\n&#8211; t\u00e4ytt\u00e4\u00e4 eurooppalaiset standardit ja turvallisuusvaatimukset<br \/>\n&#8211; kaksi irrotettavaa puolapalkkia yhdess\u00e4 s\u00e4ngynrungossa mahdollistavat vapaan p\u00e4\u00e4syn s\u00e4nkyyn ja s\u00e4ngyst\u00e4<br \/>\n&#8211; kolme s\u00e4ngynrungon tasoa patjan alla, jotka voidaan s\u00e4\u00e4t\u00e4\u00e4 lapsen kehityksen mukaan (58\/43\/28,5 cm lattiasta)<br \/>\n&#8211; mahdollisuus muuttaa sohvaksi irrottamalla yksi runkoista<br \/>\n&#8211; mahdollisuus muuttaa pieneksi vuodesohvaksi irrottamalla kaksi runkoa ja tukien yl\u00e4osa<br \/>\n&#8211; valmius kiinnitt\u00e4\u00e4 este, joka suojaa lasta putoamasta s\u00e4ngyst\u00e4 nukkuessaan<br \/>\n&#8211; tilava laatikko H\u00e4fele-kiskoilla<br \/>\n&#8211; putoamisen est\u00e4v\u00e4 turvaeste voidaan ostaa lis\u00e4varusteena (valinnainen s\u00e4ngyn lis\u00e4varuste)<\/p>\n<p>**Mitat (cm):**<br \/>\npituus: 161<br \/>\nleveys: 75<br \/>\nkorkeus: 89<\/p>\n<p>**Lis\u00e4tietoja:**<br \/>\n-vuoteeseen voidaan asentaa patja &#8211; mitat: 140 cm x 70 cm<br \/>\n-k\u00e4ytt\u00f6ik\u00e4: noin 6-vuotiaaksi asti.<\/p>\n<p>**Huonekalujen valmistus ja viimeistely:**<br \/>\n&#8211; s\u00e4ngyn tuet, laatikko ja muunneltavan vuodesohvan lista on valmistettu korkealaatuisesta laminoidusta levyst\u00e4, joka kest\u00e4\u00e4 vaurioita ja kosteutta ja on helppo pit\u00e4\u00e4 puhtaana<br \/>\n&#8211; huonekalun runko on valmistettu tammesta, joka on lakattu v\u00e4ritt\u00f6m\u00e4ll\u00e4, lapsille turvallisella maalilla<br \/>\n&#8211; tikkaat on valmistettu py\u00f6kkipuusta, joka on lakattu lapsille turvallisella maalilla, sertifioitu standardin EN71\/3 mukaisesti<br \/>\n&#8211; Blum-kisko on varustettu j\u00e4rjestelm\u00e4ll\u00e4, joka hidastaa laatikon sulkeutumista<br \/>\n&#8211; patjakehys on valmistettu py\u00f6kkivanerista <\/p>\n<p>**V\u00e4rit:**<br \/>\n&#8211; huonekalun runko on lumivalkoinen, mattapintainen<br \/>\n&#8211; pohja (puujalat) on valmistettu tammesta<\/p>\n<p>**K\u00e4ytt\u00f6ohjeet:**<br \/>\nHuonekalu tulee puhdistaa pehme\u00e4ll\u00e4, vedell\u00e4 kostutetulla puuvillakankaalla tai huonekalujen hoitoon tarkoitetulla tuotteella.<br \/>\n**<br \/>\nLis\u00e4tietoja:**<br \/>\nHuonekalut toimitetaan pakkauksissa, jotka on tarkoitettu itse koottaviksi. Pakkaukset sis\u00e4lt\u00e4v\u00e4t yksityiskohtaiset asennusohjeet sek\u00e4 tarvikkeet (ruuvit jne.).<\/p>\n","protected":false},"excerpt":{"rendered":"<p>Jokaisen lastenhuoneen p\u00e4\u00e4henkil\u00f6, jota k\u00e4ytet\u00e4\u00e4n nukkumisen lis\u00e4ksi my\u00f6s p\u00e4iv\u00e4unien ja leikkien paikkaan. Lotta-s\u00e4nky t\u00e4ytt\u00e4\u00e4 yksinkertaisuutensa, turvallisuutensa ja monien k\u00e4yt\u00e4nn\u00f6llisten ratkaisujensa ansiosta lapsen perustarpeet ja antaa my\u00f6s itsen\u00e4isyyden ja riippumattomuuden tunteen. Varustettu tilavalla laatikolla. **T\u00e4rkeimm\u00e4t edut:** &#8211; t\u00e4ytt\u00e4\u00e4 eurooppalaiset standardit ja turvallisuusvaatimukset &#8211; kaksi irrotettavaa puolapalkkia yhdess\u00e4 s\u00e4ngynrungossa mahdollistavat vapaan p\u00e4\u00e4syn s\u00e4nkyyn ja s\u00e4ngyst\u00e4 &#8211; kolme [&hellip;]<\/p>\n","protected":false},"featured_media":0,"comment_status":"open","ping_status":"closed","template":"","meta":[],"product_brand":[],"product_cat":[32],"product_tag":[],"class_list":{"0":"post-34331","1":"product","2":"type-product","3":"status-publish","5":"product_cat-uncategorized-fi","7":"first","8":"instock","9":"shipping-taxable","10":"purchasable","11":"product-type-simple"},"_links":{"self":[{"href":"https:\/\/nordicmart.andreevmaster.com\/fi\/wp-json\/wp\/v2\/product\/34331","targetHints":{"allow":["GET"]}}],"collection":[{"href":"https:\/\/nordicmart.andreevmaster.com\/fi\/wp-json\/wp\/v2\/product"}],"about":[{"href":"https:\/\/nordicmart.andreevmaster.com\/fi\/wp-json\/wp\/v2\/types\/product"}],"replies":[{"embeddable":true,"href":"https:\/\/nordicmart.andreevmaster.com\/fi\/wp-json\/wp\/v2\/comments?post=34331"}],"wp:attachment":[{"href":"https:\/\/nordicmart.andreevmaster.com\/fi\/wp-json\/wp\/v2\/media?parent=34331"}],"wp:term":[{"taxonomy":"product_brand","embeddable":true,"href":"https:\/\/nordicmart.andreevmaster.com\/fi\/wp-json\/wp\/v2\/product_brand?post=34331"},{"taxonomy":"product_cat","embeddable":true,"href":"https:\/\/nordicmart.andreevmaster.com\/fi\/wp-json\/wp\/v2\/product_cat?post=34331"},{"taxonomy":"product_tag","embeddable":true,"href":"https:\/\/nordicmart.andreevmaster.com\/fi\/wp-json\/wp\/v2\/product_tag?post=34331"}],"curies":[{"name":"wp","href":"https:\/\/api.w.org\/{rel}","templated":true}]}}