{"id":34329,"date":"2026-02-27T00:25:16","date_gmt":"2026-02-27T00:25:16","guid":{"rendered":"https:\/\/nordicmart.andreevmaster.com\/product\/lotta-snow-6-laatikkoinen-lipasto\/"},"modified":"2026-02-27T09:44:57","modified_gmt":"2026-02-27T09:44:57","slug":"lotta-snow-6-laatikkoinen-lipasto","status":"publish","type":"product","link":"https:\/\/nordicmart.andreevmaster.com\/fi\/tuote\/lotta-snow-6-laatikkoinen-lipasto\/","title":{"rendered":"Lotta snow 6-laatikkoinen lipasto"},"content":{"rendered":"<p>Lipastossa on 6 tilavaa laatikkoa, ja se sopii erinomaisesti lastenhuoneeseen tai vanhempien makuuhuoneeseen, varsinkin kun siihen voi asentaa vauvanhoitop\u00f6yd\u00e4n. **T\u00e4rkeimm\u00e4t edut:<br \/>\n **- kuusi tilavaa laatikkoa<br \/>\n &#8211; vaippap\u00f6yt\u00e4 voidaan asentaa vasemmalle, oikealle tai keskelle<br \/>\n &#8211; voidaan kiinnitt\u00e4\u00e4 sein\u00e4\u00e4n (suositeltavaa)<br \/>\n &#8211; t\u00e4ytt\u00e4\u00e4 eurooppalaiset turvallisuusstandardit<br \/>\n **<br \/>\n Mitat (cm):<br \/>\n **korkeus: 85<br \/>\n syvyys: 50<br \/>\n leveys: 150 **Viimeistely ja valmistustiedot:**<br \/>\n &#8211; huonekalun runko on valmistettu korkealaatuisesta laminoidusta levyst\u00e4 &#8211; lipaston pohja on valmistettu tammipuusta<br \/>\n &#8211; Blum-ohjainkiskoissa on pehme\u00e4 sulkumekanismi **V\u00e4rit:******- huonekalun runko on lumivalkoinen, mattapintainen<br \/>\n &#8211; pohja (puujalat) on valmistettu tammesta **K\u00e4ytt\u00f6ohjeet:<br \/>\n **Pyyhi s\u00e4nky pehme\u00e4ll\u00e4, vedell\u00e4 tai huonekalujen puhdistusaineella kostutetulla puuvillakankaalla. **Lis\u00e4tietoja:<br \/>\n **Huonekalut toimitetaan litte\u00e4n\u00e4 pakkauksena, joka on tarkoitettu itse koottavaksi. Mukana toimitetaan yksityiskohtaiset asennusohjeet ja osat (ruuvit jne.).<\/p>\n","protected":false},"excerpt":{"rendered":"<p>Lipastossa on 6 tilavaa laatikkoa, ja se sopii erinomaisesti lastenhuoneeseen tai vanhempien makuuhuoneeseen, varsinkin kun siihen voi asentaa vauvanhoitop\u00f6yd\u00e4n. **T\u00e4rkeimm\u00e4t edut: **- kuusi tilavaa laatikkoa &#8211; vaippap\u00f6yt\u00e4 voidaan asentaa vasemmalle, oikealle tai keskelle &#8211; voidaan kiinnitt\u00e4\u00e4 sein\u00e4\u00e4n (suositeltavaa) &#8211; t\u00e4ytt\u00e4\u00e4 eurooppalaiset turvallisuusstandardit ** Mitat (cm): **korkeus: 85 syvyys: 50 leveys: 150 **Viimeistely ja valmistustiedot:** &#8211; [&hellip;]<\/p>\n","protected":false},"featured_media":0,"comment_status":"open","ping_status":"closed","template":"","meta":[],"product_brand":[],"product_cat":[32],"product_tag":[],"class_list":{"0":"post-34329","1":"product","2":"type-product","3":"status-publish","5":"product_cat-uncategorized-fi","7":"first","8":"instock","9":"shipping-taxable","10":"purchasable","11":"product-type-simple"},"_links":{"self":[{"href":"https:\/\/nordicmart.andreevmaster.com\/fi\/wp-json\/wp\/v2\/product\/34329","targetHints":{"allow":["GET"]}}],"collection":[{"href":"https:\/\/nordicmart.andreevmaster.com\/fi\/wp-json\/wp\/v2\/product"}],"about":[{"href":"https:\/\/nordicmart.andreevmaster.com\/fi\/wp-json\/wp\/v2\/types\/product"}],"replies":[{"embeddable":true,"href":"https:\/\/nordicmart.andreevmaster.com\/fi\/wp-json\/wp\/v2\/comments?post=34329"}],"wp:attachment":[{"href":"https:\/\/nordicmart.andreevmaster.com\/fi\/wp-json\/wp\/v2\/media?parent=34329"}],"wp:term":[{"taxonomy":"product_brand","embeddable":true,"href":"https:\/\/nordicmart.andreevmaster.com\/fi\/wp-json\/wp\/v2\/product_brand?post=34329"},{"taxonomy":"product_cat","embeddable":true,"href":"https:\/\/nordicmart.andreevmaster.com\/fi\/wp-json\/wp\/v2\/product_cat?post=34329"},{"taxonomy":"product_tag","embeddable":true,"href":"https:\/\/nordicmart.andreevmaster.com\/fi\/wp-json\/wp\/v2\/product_tag?post=34329"}],"curies":[{"name":"wp","href":"https:\/\/api.w.org\/{rel}","templated":true}]}}