{"id":34324,"date":"2026-02-27T00:25:14","date_gmt":"2026-02-27T00:25:14","guid":{"rendered":"https:\/\/nordicmart.andreevmaster.com\/product\/vasagle-sivupoyta-sohvapoyta-pyorilla-c-muotoinen\/"},"modified":"2026-02-27T09:44:56","modified_gmt":"2026-02-27T09:44:56","slug":"vasagle-sivupoyta-sohvapoyta-pyorilla-c-muotoinen","status":"publish","type":"product","link":"https:\/\/nordicmart.andreevmaster.com\/fi\/tuote\/vasagle-sivupoyta-sohvapoyta-pyorilla-c-muotoinen\/","title":{"rendered":"VASAGLE sivup\u00f6yt\u00e4, sohvap\u00f6yt\u00e4 py\u00f6rill\u00e4, C-muotoinen"},"content":{"rendered":"<p>VASAGLE \u2013 se on mielikuvituksellinen yhdistelm\u00e4 toiminnallisuutta, kest\u00e4vyytt\u00e4 ja tyylikk\u00e4it\u00e4 vintage-malleja. Jos haluat antaa huoneillesi yksil\u00f6llisen ilmeen ja antiikkisen s\u00e4vyn, t\u00e4ll\u00e4 huonekalusarjalla voit saavuttaa vaikuttavia tuloksia. Vintage-sivup\u00f6yt\u00e4 ter\u00e4ksisill\u00e4 vetimill\u00e4 T\u00e4m\u00e4 rullilla varustettu sohvap\u00f6yt\u00e4 on todellinen lis\u00e4arvo paitsi romanttisen vintage-tyylin yst\u00e4ville. My\u00f6s trendikk\u00e4\u00e4n teollisen muotoilun yst\u00e4v\u00e4t voivat kaunistaa kotiaan t\u00e4ll\u00e4 huonekalulla, sill\u00e4 sen runko on mattamustaa ter\u00e4st\u00e4.  Katso kulissien taakse Huonekalun kauneus ei kuitenkaan riit\u00e4, jos se ei ole k\u00e4yt\u00e4nn\u00f6llinen. Siksi p\u00f6yt\u00e4levy on valmistettu lastulevyst\u00e4, joka kest\u00e4\u00e4 jopa 25 kg:n painon. Lis\u00e4ksi sivup\u00f6yd\u00e4ss\u00e4mme on nelj\u00e4 kevyesti liikkuvaa py\u00f6r\u00e4\u00e4, joiden avulla voit ty\u00f6nt\u00e4\u00e4 huonekalun sohvan tai s\u00e4ngyn alle. N\u00e4in kahvi, sanomalehti tai kaukos\u00e4\u00e4din ovat aina k\u00e4den ulottuvilla. Tai hemmottele rakkaasi kerrankin herkullisella aamiaisella s\u00e4ngyss\u00e4. T\u00e4ydenn\u00e4 sisustustasi VASAGLE:n vintage-huonekaluilla! Tuotetiedot: &#8211; V\u00e4ri: vintage-ruskea-musta &#8211; Materiaali: lastulevy, ter\u00e4srunko, metallipy\u00f6r\u00e4t &#8211; Tuotteen mitat: 50 x 55 x 35 cm (L x K x S) &#8211; Paino: 5,5 kg &#8211; Kantavuus: 25 kg Toimitus sis\u00e4lt\u00e4\u00e4: &#8211; 1 x sivup\u00f6yt\u00e4 &#8211; 1 x ohjeet (DE, EN, FR, ES, IT) &#8211; 1 x lis\u00e4varustesarja VASAGLE Huomautukset: &#8211; Rungon ja lattian v\u00e4linen et\u00e4isyys on 7 cm. Sohvan alaosan on siis oltava yli 7 cm korkea, jotta sivup\u00f6yt\u00e4 mahtuu sen alle.  &#8211; Suojaa p\u00f6yt\u00e4 suoralta auringonvalolta, kosteudelta ja vedelt\u00e4. V\u00e4lt\u00e4 yleens\u00e4 kosketusta ter\u00e4vien esineiden kanssa.<\/p>\n","protected":false},"excerpt":{"rendered":"<p>Sivup\u00f6yt\u00e4, sohvap\u00f6yt\u00e4 py\u00f6rill\u00e4, C-muotoinen, siirrett\u00e4v\u00e4 kahvip\u00f6yt\u00e4, 35 x 50 x 60 cm, olohuoneen p\u00f6yt\u00e4 metallirungolla, kahville ja kannettavalle tietokoneelle, vintage-ruskea-musta<\/p>\n","protected":false},"featured_media":43065,"comment_status":"open","ping_status":"closed","template":"","meta":[],"product_brand":[],"product_cat":[32],"product_tag":[],"class_list":{"0":"post-34324","1":"product","2":"type-product","3":"status-publish","4":"has-post-thumbnail","6":"product_cat-uncategorized-fi","8":"first","9":"instock","10":"shipping-taxable","11":"purchasable","12":"product-type-simple"},"_links":{"self":[{"href":"https:\/\/nordicmart.andreevmaster.com\/fi\/wp-json\/wp\/v2\/product\/34324","targetHints":{"allow":["GET"]}}],"collection":[{"href":"https:\/\/nordicmart.andreevmaster.com\/fi\/wp-json\/wp\/v2\/product"}],"about":[{"href":"https:\/\/nordicmart.andreevmaster.com\/fi\/wp-json\/wp\/v2\/types\/product"}],"replies":[{"embeddable":true,"href":"https:\/\/nordicmart.andreevmaster.com\/fi\/wp-json\/wp\/v2\/comments?post=34324"}],"wp:featuredmedia":[{"embeddable":true,"href":"https:\/\/nordicmart.andreevmaster.com\/fi\/wp-json\/wp\/v2\/media\/43065"}],"wp:attachment":[{"href":"https:\/\/nordicmart.andreevmaster.com\/fi\/wp-json\/wp\/v2\/media?parent=34324"}],"wp:term":[{"taxonomy":"product_brand","embeddable":true,"href":"https:\/\/nordicmart.andreevmaster.com\/fi\/wp-json\/wp\/v2\/product_brand?post=34324"},{"taxonomy":"product_cat","embeddable":true,"href":"https:\/\/nordicmart.andreevmaster.com\/fi\/wp-json\/wp\/v2\/product_cat?post=34324"},{"taxonomy":"product_tag","embeddable":true,"href":"https:\/\/nordicmart.andreevmaster.com\/fi\/wp-json\/wp\/v2\/product_tag?post=34324"}],"curies":[{"name":"wp","href":"https:\/\/api.w.org\/{rel}","templated":true}]}}