{"id":34317,"date":"2026-02-27T00:25:13","date_gmt":"2026-02-27T00:25:13","guid":{"rendered":"https:\/\/nordicmart.andreevmaster.com\/product\/vasagle-teollisuustyylinen-konsolipoyta-lokerolla\/"},"modified":"2026-02-27T09:44:55","modified_gmt":"2026-02-27T09:44:55","slug":"vasagle-teollisuustyylinen-konsolipoyta-lokerolla","status":"publish","type":"product","link":"https:\/\/nordicmart.andreevmaster.com\/fi\/tuote\/vasagle-teollisuustyylinen-konsolipoyta-lokerolla\/","title":{"rendered":"VASAGLE Teollisuustyylinen konsolip\u00f6yt\u00e4 lokerolla"},"content":{"rendered":"<p>VASAGLE \u2013 se on mielikuvituksellinen yhdistelm\u00e4 toiminnallisuutta, kest\u00e4vyytt\u00e4 ja tyylikk\u00e4it\u00e4 vintage-malleja. Jos haluat antaa huoneillesi yksil\u00f6llisen ilmeen ja antiikkisen s\u00e4vyn, t\u00e4ll\u00e4 huonekalusarjalla voit saavuttaa vaikuttavia tuloksia. Kapea p\u00f6yt\u00e4, suuri vaikutus T\u00e4m\u00e4n eteisp\u00f6yd\u00e4n tyylik\u00e4s vintage-design ja sen sirot mitat 100 x 80 x 35 cm (L x K x S) varmistavat, ett\u00e4 huonekalu sopii hyvin mihin tahansa eteistilaan. K\u00e4yt\u00e4 esimerkiksi puun n\u00e4k\u00f6ist\u00e4 p\u00f6yt\u00e4tasoa, avointa lokeroa ja metallista valmistettua ritil\u00e4hylly\u00e4 silm\u00e4lasien, lampun ja kukkien s\u00e4ilytt\u00e4miseen tai kenkien siistiin s\u00e4ilytt\u00e4miseen. Vai puuttuuko makuuhuoneestasi viel\u00e4 vieh\u00e4tt\u00e4v\u00e4 konsolip\u00f6yt\u00e4 koruillesi ja olohuoneestasi esittelytila suosikkikoristeillesi? Riippumatta siit\u00e4, mit\u00e4 suunnitelmia sinulla on, VASAGLE:n vintage-huonekalujen avulla voit toteuttaa sisustussuunnitelmasi helposti! Tuotetiedot: &#8211; V\u00e4ri: vintage-ruskea-musta &#8211; Materiaali: lastulevy, ter\u00e4s &#8211; Mitat: 100 x 80 x 35 cm (L x K x S) &#8211; Paino: 16,1 kg &#8211; P\u00f6yt\u00e4levyn enimm\u00e4iskuormitus: 30 kg &#8211; Hyllyn enimm\u00e4iskuormitus: 10 kg Toimitus sis\u00e4lt\u00e4\u00e4: &#8211; 1 x konsolip\u00f6yt\u00e4 &#8211; 1 x lis\u00e4varustepussi &#8211; 1 x asennusohjeet P\u00f6yt\u00e4levyn enimm\u00e4iskuormitus: 30 kg &#8211; Enimm\u00e4iskuormitus ritil\u00e4hyllylle: 10 kg Toimitus sis\u00e4lt\u00e4\u00e4: &#8211; 1 x konsolip\u00f6yt\u00e4 &#8211; 1 x lis\u00e4varustepussi &#8211; 1 x ohjeet (DE, EN, FR, ES, IT) VASAGLE-ohjeet: &#8211; Tuote on tarkoitettu vain sis\u00e4k\u00e4ytt\u00f6\u00f6n. Aseta se kuivaan ymp\u00e4rist\u00f6\u00f6n. &#8211; P\u00f6yt\u00e4levyn enimm\u00e4iskuormitus on 30 kg, ritil\u00e4hyllyn 10 kg. \u00c4l\u00e4 aseta painavampia esineit\u00e4 niiden p\u00e4\u00e4lle.<\/p>\n","protected":false},"excerpt":{"rendered":"<p>VASAGLE konsolip\u00f6yt\u00e4, eteisp\u00f6yt\u00e4, tukeva konsoli, sivup\u00f6yt\u00e4, jossa on ritil\u00e4hylly ja avoin lokero, helppo asentaa, eteinen, olohuone, teollinen muotoilu, vintage-ruskea-musta LNT93X<\/p>\n","protected":false},"featured_media":43058,"comment_status":"open","ping_status":"closed","template":"","meta":[],"product_brand":[],"product_cat":[32],"product_tag":[],"class_list":{"0":"post-34317","1":"product","2":"type-product","3":"status-publish","4":"has-post-thumbnail","6":"product_cat-uncategorized-fi","8":"first","9":"instock","10":"shipping-taxable","11":"purchasable","12":"product-type-simple"},"_links":{"self":[{"href":"https:\/\/nordicmart.andreevmaster.com\/fi\/wp-json\/wp\/v2\/product\/34317","targetHints":{"allow":["GET"]}}],"collection":[{"href":"https:\/\/nordicmart.andreevmaster.com\/fi\/wp-json\/wp\/v2\/product"}],"about":[{"href":"https:\/\/nordicmart.andreevmaster.com\/fi\/wp-json\/wp\/v2\/types\/product"}],"replies":[{"embeddable":true,"href":"https:\/\/nordicmart.andreevmaster.com\/fi\/wp-json\/wp\/v2\/comments?post=34317"}],"wp:featuredmedia":[{"embeddable":true,"href":"https:\/\/nordicmart.andreevmaster.com\/fi\/wp-json\/wp\/v2\/media\/43058"}],"wp:attachment":[{"href":"https:\/\/nordicmart.andreevmaster.com\/fi\/wp-json\/wp\/v2\/media?parent=34317"}],"wp:term":[{"taxonomy":"product_brand","embeddable":true,"href":"https:\/\/nordicmart.andreevmaster.com\/fi\/wp-json\/wp\/v2\/product_brand?post=34317"},{"taxonomy":"product_cat","embeddable":true,"href":"https:\/\/nordicmart.andreevmaster.com\/fi\/wp-json\/wp\/v2\/product_cat?post=34317"},{"taxonomy":"product_tag","embeddable":true,"href":"https:\/\/nordicmart.andreevmaster.com\/fi\/wp-json\/wp\/v2\/product_tag?post=34317"}],"curies":[{"name":"wp","href":"https:\/\/api.w.org\/{rel}","templated":true}]}}