{"id":34315,"date":"2026-02-27T00:25:12","date_gmt":"2026-02-27T00:25:12","guid":{"rendered":"https:\/\/nordicmart.andreevmaster.com\/product\/vasagle-teollisuustyylinen-konsolipoyta-3-tasoa\/"},"modified":"2026-02-27T09:44:54","modified_gmt":"2026-02-27T09:44:54","slug":"vasagle-teollisuustyylinen-konsolipoyta-3-tasoa","status":"publish","type":"product","link":"https:\/\/nordicmart.andreevmaster.com\/fi\/tuote\/vasagle-teollisuustyylinen-konsolipoyta-3-tasoa\/","title":{"rendered":"VASAGLE Teollisuustyylinen konsolip\u00f6yt\u00e4, 3 tasoa"},"content":{"rendered":"<p>Hieman vintagea t\u00e4\u00e4ll\u00e4, hieman teollista designia siell\u00e4 T\u00e4m\u00e4n eteisen p\u00f6yd\u00e4n tyyli\u00e4 voidaan kuvata yhdistelm\u00e4n\u00e4 trendikk\u00e4\u00e4st\u00e4 teollisesta ilmeest\u00e4 huokuvaa rautakehyst\u00e4 ja tarkasti ty\u00f6stetty\u00e4 vintage-pintaista puumateriaalia. K\u00e4yt\u00e4nn\u00f6lliset rautaiset ritil\u00e4hyllyt tuovat p\u00f6yt\u00e4\u00e4n erityisen vivahteen. Valmiina suureen k\u00e4ytt\u00f6\u00f6n T\u00e4m\u00e4 101,5 x 35 x 80 cm (P x L x K) kokoinen huonekalu, jonka pinnalle voi asettaa 20 kg painon, sopii esimerkiksi seuraaviin k\u00e4ytt\u00f6tarkoituksiin: &#8211; Olohuone: T\u00e4ss\u00e4 kapea konsolip\u00f6yt\u00e4 tarjoaa hieman lis\u00e4\u00e4 s\u00e4ilytystilaa sohvan vieress\u00e4, esimerkiksi hedelm\u00e4kulhoa tai pieni\u00e4 koriste-esineit\u00e4 varten. Tai aseta ruukku, jossa kasvaa muratti, ja valokuvakehys sile\u00e4lle vintage-pinnalle. &#8211; Eteinen: Monipuolinen huonekalu sopii my\u00f6s eteiseen avainhyllyksi tai k\u00e4yt\u00e4nn\u00f6lliseksi puhelintasona. Kahdelle ritil\u00e4hyllylle mahtuu lis\u00e4ksi useita kenk\u00e4pareja siististi vierekk\u00e4in. Kapea sohvap\u00f6yt\u00e4 sopii muuten erinomaisesti yhteen muiden VASAGLE-teollisen muotoilun sarjan huonekalujen kanssa! Tuotetiedot: &#8211; V\u00e4ri: vintage-ruskea-musta &#8211; Materiaali: lastulevy, ter\u00e4s &#8211; Koko: 101,5 x 35 x 80 cm (P x L x K) &#8211; Paino: 13,2 kg &#8211; Pinnan enimm\u00e4iskuormitus: 20 kg &#8211; Enimm\u00e4iskuormitus per hyllytaso: 20 kg Toimitus sis\u00e4lt\u00e4\u00e4: &#8211; 1 x konsolip\u00f6yt\u00e4 &#8211; 1 x s\u00e4ilytyslaatikko tarvikkeilla &#8211; 1 x kuusiokoloavain &#8211; 1 x ohjeet (DE, EN, FR, ES, IT) VASAGLE Huomautukset: &#8211; Sijoita t\u00e4m\u00e4 tuote viile\u00e4\u00e4n ja kuivaan paikkaan. &#8211; Pinnan enimm\u00e4iskuormitus on 20 kg. \u00c4l\u00e4 aseta p\u00f6yd\u00e4lle painavampia esineit\u00e4.<\/p>\n","protected":false},"excerpt":{"rendered":"<p>VASAGLE Konsolip\u00f6yt\u00e4, eteisp\u00f6yt\u00e4 2 hyllyll\u00e4, sivup\u00f6yt\u00e4, senkki, olohuone, eteinen, 101,5 x 35 x 80 cm, kapea, teollinen muotoilu, vintage-ruskea-musta LNT81BX<\/p>\n","protected":false},"featured_media":0,"comment_status":"open","ping_status":"closed","template":"","meta":[],"product_brand":[],"product_cat":[32],"product_tag":[],"class_list":{"0":"post-34315","1":"product","2":"type-product","3":"status-publish","5":"product_cat-uncategorized-fi","7":"first","8":"instock","9":"shipping-taxable","10":"purchasable","11":"product-type-simple"},"_links":{"self":[{"href":"https:\/\/nordicmart.andreevmaster.com\/fi\/wp-json\/wp\/v2\/product\/34315","targetHints":{"allow":["GET"]}}],"collection":[{"href":"https:\/\/nordicmart.andreevmaster.com\/fi\/wp-json\/wp\/v2\/product"}],"about":[{"href":"https:\/\/nordicmart.andreevmaster.com\/fi\/wp-json\/wp\/v2\/types\/product"}],"replies":[{"embeddable":true,"href":"https:\/\/nordicmart.andreevmaster.com\/fi\/wp-json\/wp\/v2\/comments?post=34315"}],"wp:attachment":[{"href":"https:\/\/nordicmart.andreevmaster.com\/fi\/wp-json\/wp\/v2\/media?parent=34315"}],"wp:term":[{"taxonomy":"product_brand","embeddable":true,"href":"https:\/\/nordicmart.andreevmaster.com\/fi\/wp-json\/wp\/v2\/product_brand?post=34315"},{"taxonomy":"product_cat","embeddable":true,"href":"https:\/\/nordicmart.andreevmaster.com\/fi\/wp-json\/wp\/v2\/product_cat?post=34315"},{"taxonomy":"product_tag","embeddable":true,"href":"https:\/\/nordicmart.andreevmaster.com\/fi\/wp-json\/wp\/v2\/product_tag?post=34315"}],"curies":[{"name":"wp","href":"https:\/\/api.w.org\/{rel}","templated":true}]}}