{"id":34314,"date":"2026-02-27T00:25:12","date_gmt":"2026-02-27T00:25:12","guid":{"rendered":"https:\/\/nordicmart.andreevmaster.com\/product\/vasagle-teollisuustyylinen-konsolipoyta-yksinkertainen\/"},"modified":"2026-02-27T09:44:54","modified_gmt":"2026-02-27T09:44:54","slug":"vasagle-teollisuustyylinen-konsolipoyta-yksinkertainen","status":"publish","type":"product","link":"https:\/\/nordicmart.andreevmaster.com\/fi\/tuote\/vasagle-teollisuustyylinen-konsolipoyta-yksinkertainen\/","title":{"rendered":"VASAGLE Teollisuustyylinen konsolip\u00f6yt\u00e4, yksinkertainen"},"content":{"rendered":"<p>Tuotetiedot: &#8211; V\u00e4ri: vintage-ruskea-musta &#8211; Materiaali: lastulevy, ter\u00e4s &#8211; Mitat: 101,5 x 80 x 35 cm (L x K x S) &#8211; Paino: 11,16 kg &#8211; Maks. kantavuus per hylly: 20 kg Toimitus sis\u00e4lt\u00e4\u00e4: &#8211; 1 x konsolip\u00f6yt\u00e4 &#8211; 1 x lis\u00e4varustetasku &#8211; 1 x ohjeet (DE, EN, FR, ES, IT) VASAGLE-ohjeet: &#8211; Tarkista s\u00e4\u00e4nn\u00f6llisesti t\u00e4m\u00e4n tuotteen ruuvit ja kirist\u00e4 ne, jotta vakaus ja turvallisuus ovat aina taattuja.<\/p>\n","protected":false},"excerpt":{"rendered":"<p>VASAGLE konsolip\u00f6yt\u00e4, tukeva eteisp\u00f6yt\u00e4, s\u00e4ilytystila eteiseen, sivup\u00f6yt\u00e4, olohuone, helppo asentaa, teollinen muotoilu, vintage-ruskea-musta LNT80X<\/p>\n","protected":false},"featured_media":0,"comment_status":"open","ping_status":"closed","template":"","meta":[],"product_brand":[],"product_cat":[32],"product_tag":[],"class_list":{"0":"post-34314","1":"product","2":"type-product","3":"status-publish","5":"product_cat-uncategorized-fi","7":"first","8":"instock","9":"shipping-taxable","10":"purchasable","11":"product-type-simple"},"_links":{"self":[{"href":"https:\/\/nordicmart.andreevmaster.com\/fi\/wp-json\/wp\/v2\/product\/34314","targetHints":{"allow":["GET"]}}],"collection":[{"href":"https:\/\/nordicmart.andreevmaster.com\/fi\/wp-json\/wp\/v2\/product"}],"about":[{"href":"https:\/\/nordicmart.andreevmaster.com\/fi\/wp-json\/wp\/v2\/types\/product"}],"replies":[{"embeddable":true,"href":"https:\/\/nordicmart.andreevmaster.com\/fi\/wp-json\/wp\/v2\/comments?post=34314"}],"wp:attachment":[{"href":"https:\/\/nordicmart.andreevmaster.com\/fi\/wp-json\/wp\/v2\/media?parent=34314"}],"wp:term":[{"taxonomy":"product_brand","embeddable":true,"href":"https:\/\/nordicmart.andreevmaster.com\/fi\/wp-json\/wp\/v2\/product_brand?post=34314"},{"taxonomy":"product_cat","embeddable":true,"href":"https:\/\/nordicmart.andreevmaster.com\/fi\/wp-json\/wp\/v2\/product_cat?post=34314"},{"taxonomy":"product_tag","embeddable":true,"href":"https:\/\/nordicmart.andreevmaster.com\/fi\/wp-json\/wp\/v2\/product_tag?post=34314"}],"curies":[{"name":"wp","href":"https:\/\/api.w.org\/{rel}","templated":true}]}}